{"id":521,"date":"2025-12-02T17:06:17","date_gmt":"2025-12-02T17:06:17","guid":{"rendered":"https:\/\/semtactic.jezik.hr\/?page_id=521"},"modified":"2025-12-02T17:06:18","modified_gmt":"2025-12-02T17:06:18","slug":"ivona-gasparic","status":"publish","type":"page","link":"https:\/\/semtactic.jezik.hr\/en\/ivona-gasparic\/","title":{"rendered":"Ivona Ga\u0161pari\u0107"},"content":{"rendered":"<figure class=\"wp-block-table is-style-stripes\"><table class=\"has-fixed-layout\"><tbody><tr><td><strong>Name<\/strong><\/td><td><strong>Ivona Ga\u0161pari\u0107<\/strong>, Research Assistant<\/td><\/tr><tr><td><strong>E-mail<\/strong><\/td><td>igasparic@ihjj.hr<\/td><\/tr><tr><td><strong>Personal page<\/strong><\/td><td>http:\/\/ihjj.hr\/istrazivac\/ivona-gasparic\/100\/<\/td><\/tr><tr><td><strong>Publications<\/strong><\/td><td><a href=\"https:\/\/www.croris.hr\/osobe\/profil\/51113\">CroRIS<\/a><\/td><\/tr><tr><td><strong>Education<\/strong><\/td><td>od 2025. poslijediplomski doktorski studij\u00a0<em>Jezikoslovlje<\/em>, Filozofski fakultet Sveu\u010dili\u0161ta Josipa Jurja Strossmayera u Osijeku\u00a0 <br>2021. \u2013 2023. diplomski studij kroatistike (nastavni\u010dki smjer) i fonetike (rehabilitacija slu\u0161anja i govora), Filozofski fakultet Sveu\u010dili\u0161ta u Zagrebu<br>2017. \u2013 2021. prijediplomski studij kroatistike i lingvistike, Filozofski fakultet Sveu\u010dili\u0161ta u Zagrebu<\/td><\/tr><tr><td><strong>Work experience<\/strong><\/td><td>od 2025. asistentica na Odjelu za hrvatski standardni jezik Instituta za hrvatski jezik <br>2024. \u2013 2025. predava\u010dica hrvatskoga kao inoga jezika u \u0161koli Croatian Language Academy<\/td><\/tr><tr><td><strong>Projects<\/strong><\/td><td>od 2025. <em>Semantic-syntactic classification of Croatian verbs<\/em>&nbsp;\u2013 <em>SEMTACTIC<\/em>,HRZZ, IP-2022-10-8074, voditeljica Ivana Bra\u010d<\/td><\/tr><tr><td><strong>Teaching<\/strong><\/td><td>u ak. god. 2024.\/2025. pozvano predavanje na kolegiju <em>Novije analize hrvatske sintakse<\/em>, Odsjek za kroatistiku Filozofskoga fakulteta Sveu\u010dili\u0161ta u Zagrebu<\/td><\/tr><tr><td><strong>Honors and awards<\/strong><\/td><td>dvostruka Nagrada za izvrsnost u studiju u ak. god. 2022\/2023. <br>Nagrada za izvrsnost u studiju u ak. god. 2020\/2021.<\/td><\/tr><tr><td><strong>Key research interest<\/strong><\/td><td>sintaksa, semantika, hrvatski standardni jezik<\/td><\/tr><\/tbody><\/table><\/figure>","protected":false},"excerpt":{"rendered":"<p>Ime i prezime Ivona Ga\u0161pari\u0107, asistentica Adresa e-po\u0161te igasparic@ihjj.hr Osobna stranica http:\/\/ihjj.hr\/istrazivac\/ivona-gasparic\/100\/ Bibliografija CroRIS Obrazovanje od 2025. poslijediplomski doktorski studij\u00a0Jezikoslovlje, Filozofski fakultet Sveu\u010dili\u0161ta Josipa Jurja Strossmayera u Osijeku\u00a0 2021. \u2013 2023. diplomski studij kroatistike (nastavni\u010dki smjer) i fonetike (rehabilitacija slu\u0161anja i govora), Filozofski fakultet Sveu\u010dili\u0161ta u Zagrebu2017. \u2013 2021. prijediplomski [&hellip;]<\/p>","protected":false},"author":2,"featured_media":0,"parent":0,"menu_order":0,"comment_status":"closed","ping_status":"closed","template":"","meta":{"footnotes":""},"class_list":["post-521","page","type-page","status-publish","hentry"],"yoast_head":"<!-- This site is optimized with the Yoast SEO plugin v22.1 - https:\/\/yoast.com\/wordpress\/plugins\/seo\/ -->\n<title>Ivona Ga\u0161pari\u0107 - Semtactic<\/title>\n<meta name=\"robots\" content=\"index, follow, max-snippet:-1, max-image-preview:large, max-video-preview:-1\" \/>\n<link rel=\"canonical\" href=\"https:\/\/semtactic.jezik.hr\/en\/ivona-gasparic\/\" \/>\n<meta property=\"og:locale\" content=\"en_GB\" \/>\n<meta property=\"og:type\" content=\"article\" \/>\n<meta property=\"og:title\" content=\"Ivona Ga\u0161pari\u0107 - Semtactic\" \/>\n<meta property=\"og:description\" content=\"Ime i prezime Ivona Ga\u0161pari\u0107, asistentica Adresa e-po\u0161te igasparic@ihjj.hr Osobna stranica http:\/\/ihjj.hr\/istrazivac\/ivona-gasparic\/100\/ Bibliografija CroRIS Obrazovanje od 2025. poslijediplomski doktorski studij\u00a0Jezikoslovlje, Filozofski fakultet Sveu\u010dili\u0161ta Josipa Jurja Strossmayera u Osijeku\u00a0 2021. \u2013 2023. diplomski studij kroatistike (nastavni\u010dki smjer) i fonetike (rehabilitacija slu\u0161anja i govora), Filozofski fakultet Sveu\u010dili\u0161ta u Zagrebu2017. \u2013 2021. prijediplomski [&hellip;]\" \/>\n<meta property=\"og:url\" content=\"https:\/\/semtactic.jezik.hr\/en\/ivona-gasparic\/\" \/>\n<meta property=\"og:site_name\" content=\"Semtactic\" \/>\n<meta property=\"article:modified_time\" content=\"2025-12-02T17:06:18+00:00\" \/>\n<meta name=\"twitter:card\" content=\"summary_large_image\" \/>\n<meta name=\"twitter:label1\" content=\"Estimated reading time\" \/>\n\t<meta name=\"twitter:data1\" content=\"1 minute\" \/>\n<script type=\"application\/ld+json\" class=\"yoast-schema-graph\">{\"@context\":\"https:\/\/schema.org\",\"@graph\":[{\"@type\":\"WebPage\",\"@id\":\"https:\/\/semtactic.jezik.hr\/ivona-gasparic\/\",\"url\":\"https:\/\/semtactic.jezik.hr\/ivona-gasparic\/\",\"name\":\"Ivona Ga\u0161pari\u0107 - Semtactic\",\"isPartOf\":{\"@id\":\"https:\/\/semtactic.jezik.hr\/#website\"},\"datePublished\":\"2025-12-02T17:06:17+00:00\",\"dateModified\":\"2025-12-02T17:06:18+00:00\",\"breadcrumb\":{\"@id\":\"https:\/\/semtactic.jezik.hr\/ivona-gasparic\/#breadcrumb\"},\"inLanguage\":\"en-GB\",\"potentialAction\":[{\"@type\":\"ReadAction\",\"target\":[\"https:\/\/semtactic.jezik.hr\/ivona-gasparic\/\"]}]},{\"@type\":\"BreadcrumbList\",\"@id\":\"https:\/\/semtactic.jezik.hr\/ivona-gasparic\/#breadcrumb\",\"itemListElement\":[{\"@type\":\"ListItem\",\"position\":1,\"name\":\"Po\u010detna stranica\",\"item\":\"https:\/\/semtactic.jezik.hr\/\"},{\"@type\":\"ListItem\",\"position\":2,\"name\":\"Ivona Ga\u0161pari\u0107\"}]},{\"@type\":\"WebSite\",\"@id\":\"https:\/\/semtactic.jezik.hr\/#website\",\"url\":\"https:\/\/semtactic.jezik.hr\/\",\"name\":\"Semtactic\",\"description\":\"Semanti\u010dko-sintakti\u010dka klasifikacija glagola u hrvatskom jeziku\",\"publisher\":{\"@id\":\"https:\/\/semtactic.jezik.hr\/#organization\"},\"potentialAction\":[{\"@type\":\"SearchAction\",\"target\":{\"@type\":\"EntryPoint\",\"urlTemplate\":\"https:\/\/semtactic.jezik.hr\/?s={search_term_string}\"},\"query-input\":\"required name=search_term_string\"}],\"inLanguage\":\"en-GB\"},{\"@type\":\"Organization\",\"@id\":\"https:\/\/semtactic.jezik.hr\/#organization\",\"name\":\"Semtactic\",\"url\":\"https:\/\/semtactic.jezik.hr\/\",\"logo\":{\"@type\":\"ImageObject\",\"inLanguage\":\"en-GB\",\"@id\":\"https:\/\/semtactic.jezik.hr\/#\/schema\/logo\/image\/\",\"url\":\"https:\/\/semtactic.jezik.hr\/wp-content\/uploads\/2024\/01\/cropped-Untitled-1-lkkl.png\",\"contentUrl\":\"https:\/\/semtactic.jezik.hr\/wp-content\/uploads\/2024\/01\/cropped-Untitled-1-lkkl.png\",\"width\":1342,\"height\":681,\"caption\":\"Semtactic\"},\"image\":{\"@id\":\"https:\/\/semtactic.jezik.hr\/#\/schema\/logo\/image\/\"}}]}<\/script>\n<!-- \/ Yoast SEO plugin. -->","yoast_head_json":{"title":"Ivona Ga\u0161pari\u0107 - Semtactic","robots":{"index":"index","follow":"follow","max-snippet":"max-snippet:-1","max-image-preview":"max-image-preview:large","max-video-preview":"max-video-preview:-1"},"canonical":"https:\/\/semtactic.jezik.hr\/en\/ivona-gasparic\/","og_locale":"en_GB","og_type":"article","og_title":"Ivona Ga\u0161pari\u0107 - Semtactic","og_description":"Ime i prezime Ivona Ga\u0161pari\u0107, asistentica Adresa e-po\u0161te igasparic@ihjj.hr Osobna stranica http:\/\/ihjj.hr\/istrazivac\/ivona-gasparic\/100\/ Bibliografija CroRIS Obrazovanje od 2025. poslijediplomski doktorski studij\u00a0Jezikoslovlje, Filozofski fakultet Sveu\u010dili\u0161ta Josipa Jurja Strossmayera u Osijeku\u00a0 2021. \u2013 2023. diplomski studij kroatistike (nastavni\u010dki smjer) i fonetike (rehabilitacija slu\u0161anja i govora), Filozofski fakultet Sveu\u010dili\u0161ta u Zagrebu2017. \u2013 2021. prijediplomski [&hellip;]","og_url":"https:\/\/semtactic.jezik.hr\/en\/ivona-gasparic\/","og_site_name":"Semtactic","article_modified_time":"2025-12-02T17:06:18+00:00","twitter_card":"summary_large_image","twitter_misc":{"Estimated reading time":"1 minute"},"schema":{"@context":"https:\/\/schema.org","@graph":[{"@type":"WebPage","@id":"https:\/\/semtactic.jezik.hr\/ivona-gasparic\/","url":"https:\/\/semtactic.jezik.hr\/ivona-gasparic\/","name":"Ivona Ga\u0161pari\u0107 - Semtactic","isPartOf":{"@id":"https:\/\/semtactic.jezik.hr\/#website"},"datePublished":"2025-12-02T17:06:17+00:00","dateModified":"2025-12-02T17:06:18+00:00","breadcrumb":{"@id":"https:\/\/semtactic.jezik.hr\/ivona-gasparic\/#breadcrumb"},"inLanguage":"en-GB","potentialAction":[{"@type":"ReadAction","target":["https:\/\/semtactic.jezik.hr\/ivona-gasparic\/"]}]},{"@type":"BreadcrumbList","@id":"https:\/\/semtactic.jezik.hr\/ivona-gasparic\/#breadcrumb","itemListElement":[{"@type":"ListItem","position":1,"name":"Po\u010detna stranica","item":"https:\/\/semtactic.jezik.hr\/"},{"@type":"ListItem","position":2,"name":"Ivona Ga\u0161pari\u0107"}]},{"@type":"WebSite","@id":"https:\/\/semtactic.jezik.hr\/#website","url":"https:\/\/semtactic.jezik.hr\/","name":"Semtactic","description":"Semanti\u010dko-sintakti\u010dka klasifikacija glagola u hrvatskom jeziku","publisher":{"@id":"https:\/\/semtactic.jezik.hr\/#organization"},"potentialAction":[{"@type":"SearchAction","target":{"@type":"EntryPoint","urlTemplate":"https:\/\/semtactic.jezik.hr\/?s={search_term_string}"},"query-input":"required name=search_term_string"}],"inLanguage":"en-GB"},{"@type":"Organization","@id":"https:\/\/semtactic.jezik.hr\/#organization","name":"Semtactic","url":"https:\/\/semtactic.jezik.hr\/","logo":{"@type":"ImageObject","inLanguage":"en-GB","@id":"https:\/\/semtactic.jezik.hr\/#\/schema\/logo\/image\/","url":"https:\/\/semtactic.jezik.hr\/wp-content\/uploads\/2024\/01\/cropped-Untitled-1-lkkl.png","contentUrl":"https:\/\/semtactic.jezik.hr\/wp-content\/uploads\/2024\/01\/cropped-Untitled-1-lkkl.png","width":1342,"height":681,"caption":"Semtactic"},"image":{"@id":"https:\/\/semtactic.jezik.hr\/#\/schema\/logo\/image\/"}}]}},"_links":{"self":[{"href":"https:\/\/semtactic.jezik.hr\/en\/wp-json\/wp\/v2\/pages\/521","targetHints":{"allow":["GET"]}}],"collection":[{"href":"https:\/\/semtactic.jezik.hr\/en\/wp-json\/wp\/v2\/pages"}],"about":[{"href":"https:\/\/semtactic.jezik.hr\/en\/wp-json\/wp\/v2\/types\/page"}],"author":[{"embeddable":true,"href":"https:\/\/semtactic.jezik.hr\/en\/wp-json\/wp\/v2\/users\/2"}],"replies":[{"embeddable":true,"href":"https:\/\/semtactic.jezik.hr\/en\/wp-json\/wp\/v2\/comments?post=521"}],"version-history":[{"count":1,"href":"https:\/\/semtactic.jezik.hr\/en\/wp-json\/wp\/v2\/pages\/521\/revisions"}],"predecessor-version":[{"id":522,"href":"https:\/\/semtactic.jezik.hr\/en\/wp-json\/wp\/v2\/pages\/521\/revisions\/522"}],"wp:attachment":[{"href":"https:\/\/semtactic.jezik.hr\/en\/wp-json\/wp\/v2\/media?parent=521"}],"curies":[{"name":"wp","href":"https:\/\/api.w.org\/{rel}","templated":true}]}}