{"id":452,"date":"2025-04-08T08:28:02","date_gmt":"2025-04-08T08:28:02","guid":{"rendered":"https:\/\/semtactic.jezik.hr\/?page_id=452"},"modified":"2025-08-14T07:24:10","modified_gmt":"2025-08-14T07:24:10","slug":"lidija-milkovic","status":"publish","type":"page","link":"https:\/\/semtactic.jezik.hr\/en\/lidija-milkovic\/","title":{"rendered":"Lidija Milkovi\u0107"},"content":{"rendered":"<figure class=\"wp-block-image size-full is-resized is-style-rounded\"><img loading=\"lazy\" decoding=\"async\" width=\"222\" height=\"300\" src=\"https:\/\/semtactic.jezik.hr\/wp-content\/uploads\/2025\/04\/L-1-222x300-2.jpg\" alt=\"\" class=\"wp-image-453\" style=\"width:116px;height:auto\" srcset=\"https:\/\/semtactic.jezik.hr\/wp-content\/uploads\/2025\/04\/L-1-222x300-2.jpg 222w, https:\/\/semtactic.jezik.hr\/wp-content\/uploads\/2025\/04\/L-1-222x300-2-9x12.jpg 9w\" sizes=\"auto, (max-width: 222px) 100vw, 222px\" \/><\/figure>\n\n\n\n<figure class=\"wp-block-table is-style-stripes\"><table class=\"has-black-color has-text-color has-link-color\"><tbody><tr><td><strong>Name<\/strong><\/td><td colspan=\"2\">- <strong>LIDIJA MILKOVI\u0106<\/strong>, poslijedoktorand<\/td><\/tr><tr><td><strong>E-mail<\/strong><\/td><td colspan=\"2\"><a href=\"mailto:lmilkovi@m.ffzg.hr\">lmilkovi@m.ffzg.hr<\/a><\/td><\/tr><tr><td><strong>Personal page<\/strong><\/td><td><a href=\"https:\/\/www.info.hazu.hr\/clanovi\/filipovic-petrovic-ivana\/\">Ivana Filipovi\u0107 Petrov<\/a><a href=\"https:\/\/rusistika.ffzg.unizg.hr\/?page_id=3851\">i\u0107<\/a><\/td><\/tr><tr><td><strong>Publications<\/strong><\/td><td><a href=\"https:\/\/www.croris.hr\/osobe\/profil\/37891\">CroRIS<\/a><\/td><\/tr><tr><td><strong>Education<\/strong><\/td><td colspan=\"2\"><\/td><\/tr><tr><td><strong>Work experience<\/strong><\/td><td colspan=\"2\"><\/td><\/tr><tr><td><strong>Scholarships<\/strong><\/td><td colspan=\"2\"><\/td><\/tr><tr><td><strong>Projects<\/strong><\/td><td colspan=\"2\"><\/td><\/tr><tr><td><strong>Teaching<\/strong><\/td><td colspan=\"2\"><\/td><\/tr><tr><td><strong>International cooperation<\/strong><\/td><td colspan=\"2\"><\/td><\/tr><tr><td><strong>Honors and awards<\/strong><\/td><td colspan=\"2\"><\/td><\/tr><tr><td><strong>Key research interest<\/strong><\/td><td><\/td><\/tr><\/tbody><\/table><\/figure>","protected":false},"excerpt":{"rendered":"<p>Ime i prezime dr. sc. LIDIJA MILKOVI\u0106, poslijedoktorand Adresa e-po\u0161te lmilkovi@m.ffzg.hr Osobna stranica Ivana Filipovi\u0107 Petrovi\u0107 Bibliografija CroRIS Obrazovanje Radna mjesta Stipendije Znanstveno-istra\u017eiva\u010dki i stru\u010dni kompetitivni projekti Nastavna djelatnost Me\u0111unarodna suradnja Nagrade i priznanja Podru\u010dja znanstvenoga i stru\u010dnoga interesa<\/p>","protected":false},"author":2,"featured_media":0,"parent":0,"menu_order":0,"comment_status":"closed","ping_status":"closed","template":"","meta":{"footnotes":""},"class_list":["post-452","page","type-page","status-publish","hentry"],"yoast_head":"<!-- This site is optimized with the Yoast SEO plugin v22.1 - https:\/\/yoast.com\/wordpress\/plugins\/seo\/ -->\n<title>Lidija Milkovi\u0107 - Semtactic<\/title>\n<meta name=\"robots\" content=\"index, follow, max-snippet:-1, max-image-preview:large, max-video-preview:-1\" \/>\n<link rel=\"canonical\" href=\"https:\/\/semtactic.jezik.hr\/en\/lidija-milkovic\/\" \/>\n<meta property=\"og:locale\" content=\"en_GB\" \/>\n<meta property=\"og:type\" content=\"article\" \/>\n<meta property=\"og:title\" content=\"Lidija Milkovi\u0107 - Semtactic\" \/>\n<meta property=\"og:description\" content=\"Ime i prezime dr. sc. LIDIJA MILKOVI\u0106, poslijedoktorand Adresa e-po\u0161te lmilkovi@m.ffzg.hr Osobna stranica Ivana Filipovi\u0107 Petrovi\u0107 Bibliografija CroRIS Obrazovanje Radna mjesta Stipendije Znanstveno-istra\u017eiva\u010dki i stru\u010dni kompetitivni projekti Nastavna djelatnost Me\u0111unarodna suradnja Nagrade i priznanja Podru\u010dja znanstvenoga i stru\u010dnoga interesa\" \/>\n<meta property=\"og:url\" content=\"https:\/\/semtactic.jezik.hr\/en\/lidija-milkovic\/\" \/>\n<meta property=\"og:site_name\" content=\"Semtactic\" \/>\n<meta property=\"article:modified_time\" content=\"2025-08-14T07:24:10+00:00\" \/>\n<meta property=\"og:image\" content=\"https:\/\/semtactic.jezik.hr\/wp-content\/uploads\/2025\/04\/L-1-222x300-2.jpg\" \/>\n<meta name=\"twitter:card\" content=\"summary_large_image\" \/>\n<meta name=\"twitter:label1\" content=\"Estimated reading time\" \/>\n\t<meta name=\"twitter:data1\" content=\"1 minute\" \/>\n<script type=\"application\/ld+json\" class=\"yoast-schema-graph\">{\"@context\":\"https:\/\/schema.org\",\"@graph\":[{\"@type\":\"WebPage\",\"@id\":\"https:\/\/semtactic.jezik.hr\/lidija-milkovic\/\",\"url\":\"https:\/\/semtactic.jezik.hr\/lidija-milkovic\/\",\"name\":\"Lidija Milkovi\u0107 - Semtactic\",\"isPartOf\":{\"@id\":\"https:\/\/semtactic.jezik.hr\/#website\"},\"datePublished\":\"2025-04-08T08:28:02+00:00\",\"dateModified\":\"2025-08-14T07:24:10+00:00\",\"breadcrumb\":{\"@id\":\"https:\/\/semtactic.jezik.hr\/lidija-milkovic\/#breadcrumb\"},\"inLanguage\":\"en-GB\",\"potentialAction\":[{\"@type\":\"ReadAction\",\"target\":[\"https:\/\/semtactic.jezik.hr\/lidija-milkovic\/\"]}]},{\"@type\":\"BreadcrumbList\",\"@id\":\"https:\/\/semtactic.jezik.hr\/lidija-milkovic\/#breadcrumb\",\"itemListElement\":[{\"@type\":\"ListItem\",\"position\":1,\"name\":\"Po\u010detna stranica\",\"item\":\"https:\/\/semtactic.jezik.hr\/\"},{\"@type\":\"ListItem\",\"position\":2,\"name\":\"Lidija Milkovi\u0107\"}]},{\"@type\":\"WebSite\",\"@id\":\"https:\/\/semtactic.jezik.hr\/#website\",\"url\":\"https:\/\/semtactic.jezik.hr\/\",\"name\":\"Semtactic\",\"description\":\"Semanti\u010dko-sintakti\u010dka klasifikacija glagola u hrvatskom jeziku\",\"publisher\":{\"@id\":\"https:\/\/semtactic.jezik.hr\/#organization\"},\"potentialAction\":[{\"@type\":\"SearchAction\",\"target\":{\"@type\":\"EntryPoint\",\"urlTemplate\":\"https:\/\/semtactic.jezik.hr\/?s={search_term_string}\"},\"query-input\":\"required name=search_term_string\"}],\"inLanguage\":\"en-GB\"},{\"@type\":\"Organization\",\"@id\":\"https:\/\/semtactic.jezik.hr\/#organization\",\"name\":\"Semtactic\",\"url\":\"https:\/\/semtactic.jezik.hr\/\",\"logo\":{\"@type\":\"ImageObject\",\"inLanguage\":\"en-GB\",\"@id\":\"https:\/\/semtactic.jezik.hr\/#\/schema\/logo\/image\/\",\"url\":\"https:\/\/semtactic.jezik.hr\/wp-content\/uploads\/2024\/01\/cropped-Untitled-1-lkkl.png\",\"contentUrl\":\"https:\/\/semtactic.jezik.hr\/wp-content\/uploads\/2024\/01\/cropped-Untitled-1-lkkl.png\",\"width\":1342,\"height\":681,\"caption\":\"Semtactic\"},\"image\":{\"@id\":\"https:\/\/semtactic.jezik.hr\/#\/schema\/logo\/image\/\"}}]}<\/script>\n<!-- \/ Yoast SEO plugin. -->","yoast_head_json":{"title":"Lidija Milkovi\u0107 - Semtactic","robots":{"index":"index","follow":"follow","max-snippet":"max-snippet:-1","max-image-preview":"max-image-preview:large","max-video-preview":"max-video-preview:-1"},"canonical":"https:\/\/semtactic.jezik.hr\/en\/lidija-milkovic\/","og_locale":"en_GB","og_type":"article","og_title":"Lidija Milkovi\u0107 - Semtactic","og_description":"Ime i prezime dr. sc. LIDIJA MILKOVI\u0106, poslijedoktorand Adresa e-po\u0161te lmilkovi@m.ffzg.hr Osobna stranica Ivana Filipovi\u0107 Petrovi\u0107 Bibliografija CroRIS Obrazovanje Radna mjesta Stipendije Znanstveno-istra\u017eiva\u010dki i stru\u010dni kompetitivni projekti Nastavna djelatnost Me\u0111unarodna suradnja Nagrade i priznanja Podru\u010dja znanstvenoga i stru\u010dnoga interesa","og_url":"https:\/\/semtactic.jezik.hr\/en\/lidija-milkovic\/","og_site_name":"Semtactic","article_modified_time":"2025-08-14T07:24:10+00:00","og_image":[{"url":"https:\/\/semtactic.jezik.hr\/wp-content\/uploads\/2025\/04\/L-1-222x300-2.jpg"}],"twitter_card":"summary_large_image","twitter_misc":{"Estimated reading time":"1 minute"},"schema":{"@context":"https:\/\/schema.org","@graph":[{"@type":"WebPage","@id":"https:\/\/semtactic.jezik.hr\/lidija-milkovic\/","url":"https:\/\/semtactic.jezik.hr\/lidija-milkovic\/","name":"Lidija Milkovi\u0107 - Semtactic","isPartOf":{"@id":"https:\/\/semtactic.jezik.hr\/#website"},"datePublished":"2025-04-08T08:28:02+00:00","dateModified":"2025-08-14T07:24:10+00:00","breadcrumb":{"@id":"https:\/\/semtactic.jezik.hr\/lidija-milkovic\/#breadcrumb"},"inLanguage":"en-GB","potentialAction":[{"@type":"ReadAction","target":["https:\/\/semtactic.jezik.hr\/lidija-milkovic\/"]}]},{"@type":"BreadcrumbList","@id":"https:\/\/semtactic.jezik.hr\/lidija-milkovic\/#breadcrumb","itemListElement":[{"@type":"ListItem","position":1,"name":"Po\u010detna stranica","item":"https:\/\/semtactic.jezik.hr\/"},{"@type":"ListItem","position":2,"name":"Lidija Milkovi\u0107"}]},{"@type":"WebSite","@id":"https:\/\/semtactic.jezik.hr\/#website","url":"https:\/\/semtactic.jezik.hr\/","name":"Semtactic","description":"Semanti\u010dko-sintakti\u010dka klasifikacija glagola u hrvatskom jeziku","publisher":{"@id":"https:\/\/semtactic.jezik.hr\/#organization"},"potentialAction":[{"@type":"SearchAction","target":{"@type":"EntryPoint","urlTemplate":"https:\/\/semtactic.jezik.hr\/?s={search_term_string}"},"query-input":"required name=search_term_string"}],"inLanguage":"en-GB"},{"@type":"Organization","@id":"https:\/\/semtactic.jezik.hr\/#organization","name":"Semtactic","url":"https:\/\/semtactic.jezik.hr\/","logo":{"@type":"ImageObject","inLanguage":"en-GB","@id":"https:\/\/semtactic.jezik.hr\/#\/schema\/logo\/image\/","url":"https:\/\/semtactic.jezik.hr\/wp-content\/uploads\/2024\/01\/cropped-Untitled-1-lkkl.png","contentUrl":"https:\/\/semtactic.jezik.hr\/wp-content\/uploads\/2024\/01\/cropped-Untitled-1-lkkl.png","width":1342,"height":681,"caption":"Semtactic"},"image":{"@id":"https:\/\/semtactic.jezik.hr\/#\/schema\/logo\/image\/"}}]}},"_links":{"self":[{"href":"https:\/\/semtactic.jezik.hr\/en\/wp-json\/wp\/v2\/pages\/452","targetHints":{"allow":["GET"]}}],"collection":[{"href":"https:\/\/semtactic.jezik.hr\/en\/wp-json\/wp\/v2\/pages"}],"about":[{"href":"https:\/\/semtactic.jezik.hr\/en\/wp-json\/wp\/v2\/types\/page"}],"author":[{"embeddable":true,"href":"https:\/\/semtactic.jezik.hr\/en\/wp-json\/wp\/v2\/users\/2"}],"replies":[{"embeddable":true,"href":"https:\/\/semtactic.jezik.hr\/en\/wp-json\/wp\/v2\/comments?post=452"}],"version-history":[{"count":2,"href":"https:\/\/semtactic.jezik.hr\/en\/wp-json\/wp\/v2\/pages\/452\/revisions"}],"predecessor-version":[{"id":493,"href":"https:\/\/semtactic.jezik.hr\/en\/wp-json\/wp\/v2\/pages\/452\/revisions\/493"}],"wp:attachment":[{"href":"https:\/\/semtactic.jezik.hr\/en\/wp-json\/wp\/v2\/media?parent=452"}],"curies":[{"name":"wp","href":"https:\/\/api.w.org\/{rel}","templated":true}]}}