{"id":441,"date":"2025-04-08T08:13:03","date_gmt":"2025-04-08T08:13:03","guid":{"rendered":"https:\/\/semtactic.jezik.hr\/?page_id=441"},"modified":"2025-04-08T08:14:55","modified_gmt":"2025-04-08T08:14:55","slug":"ivana-filipovic-petrovic","status":"publish","type":"page","link":"https:\/\/semtactic.jezik.hr\/en\/ivana-filipovic-petrovic\/","title":{"rendered":"Ivana Filipovi\u0107 Petrovi\u0107"},"content":{"rendered":"<figure class=\"wp-block-image size-full is-resized is-style-rounded\"><img loading=\"lazy\" decoding=\"async\" width=\"350\" height=\"641\" src=\"https:\/\/semtactic.jezik.hr\/wp-content\/uploads\/2025\/04\/Ivana-Filipovic-Petrovic-scaled-e1655980963599.jpg\" alt=\"\" class=\"wp-image-442\" style=\"width:98px;height:auto\" srcset=\"https:\/\/semtactic.jezik.hr\/wp-content\/uploads\/2025\/04\/Ivana-Filipovic-Petrovic-scaled-e1655980963599.jpg 350w, https:\/\/semtactic.jezik.hr\/wp-content\/uploads\/2025\/04\/Ivana-Filipovic-Petrovic-scaled-e1655980963599-164x300.jpg 164w, https:\/\/semtactic.jezik.hr\/wp-content\/uploads\/2025\/04\/Ivana-Filipovic-Petrovic-scaled-e1655980963599-7x12.jpg 7w\" sizes=\"auto, (max-width: 350px) 100vw, 350px\" \/><\/figure>\n\n\n\n<figure class=\"wp-block-table is-style-stripes\"><table class=\"has-black-color has-text-color has-link-color\"><tbody><tr><td><strong>Name<\/strong><\/td><td colspan=\"2\">- <strong>IVANA FILIPOVI\u0106 PETROVI\u0106<\/strong>, Senior Research Associate<\/td><\/tr><tr><td><strong>E-mail<\/strong><\/td><td colspan=\"2\"><a href=\"mailto:ibrac@ihjj.hr\">ifilipovic@hazu.hr<\/a><\/td><\/tr><tr><td><strong>Personal page<\/strong><\/td><td><a href=\"https:\/\/www.info.hazu.hr\/clanovi\/filipovic-petrovic-ivana\/\">Ivana Filipovi\u0107 Petrovi\u0107<\/a><\/td><\/tr><tr><td><strong>Publications<\/strong><\/td><td><a href=\"https:\/\/www.croris.hr\/osobe\/profil\/28345\">CroRIS<\/a><\/td><\/tr><tr><td><strong>Education<\/strong><\/td><td colspan=\"2\"><\/td><\/tr><tr><td><strong>Work experience<\/strong><\/td><td colspan=\"2\"><\/td><\/tr><tr><td><strong>Scholarships<\/strong><\/td><td colspan=\"2\"><\/td><\/tr><tr><td><strong>Projects<\/strong><\/td><td colspan=\"2\"><\/td><\/tr><tr><td><strong>Teaching<\/strong><\/td><td colspan=\"2\"><\/td><\/tr><tr><td><strong>International cooperation<\/strong><\/td><td colspan=\"2\"><\/td><\/tr><tr><td><strong>Honors and awards<\/strong><\/td><td colspan=\"2\"><\/td><\/tr><tr><td><strong>Key research interest<\/strong><\/td><td><\/td><\/tr><\/tbody><\/table><\/figure>","protected":false},"excerpt":{"rendered":"<p>Ime i prezime dr. sc. IVANA FILIPOVI\u0106 PETROVI\u0106, vi\u0161a znanstvena suradnica Adresa e-po\u0161te ifilipovic@hazu.hr Osobna stranica Ivana Filipovi\u0107 Petrovi\u0107 Bibliografija CroRIS Obrazovanje Radna mjesta Stipendije Znanstveno-istra\u017eiva\u010dki i stru\u010dni kompetitivni projekti Nastavna djelatnost Me\u0111unarodna suradnja Nagrade i priznanja Podru\u010dja znanstvenoga i stru\u010dnoga interesa<\/p>","protected":false},"author":2,"featured_media":0,"parent":0,"menu_order":0,"comment_status":"closed","ping_status":"closed","template":"","meta":{"footnotes":""},"class_list":["post-441","page","type-page","status-publish","hentry"],"yoast_head":"<!-- This site is optimized with the Yoast SEO plugin v22.1 - https:\/\/yoast.com\/wordpress\/plugins\/seo\/ -->\n<title>Ivana Filipovi\u0107 Petrovi\u0107 - Semtactic<\/title>\n<meta name=\"robots\" content=\"index, follow, max-snippet:-1, max-image-preview:large, max-video-preview:-1\" \/>\n<link rel=\"canonical\" href=\"https:\/\/semtactic.jezik.hr\/en\/ivana-filipovic-petrovic\/\" \/>\n<meta property=\"og:locale\" content=\"en_GB\" \/>\n<meta property=\"og:type\" content=\"article\" \/>\n<meta property=\"og:title\" content=\"Ivana Filipovi\u0107 Petrovi\u0107 - Semtactic\" \/>\n<meta property=\"og:description\" content=\"Ime i prezime dr. sc. IVANA FILIPOVI\u0106 PETROVI\u0106, vi\u0161a znanstvena suradnica Adresa e-po\u0161te ifilipovic@hazu.hr Osobna stranica Ivana Filipovi\u0107 Petrovi\u0107 Bibliografija CroRIS Obrazovanje Radna mjesta Stipendije Znanstveno-istra\u017eiva\u010dki i stru\u010dni kompetitivni projekti Nastavna djelatnost Me\u0111unarodna suradnja Nagrade i priznanja Podru\u010dja znanstvenoga i stru\u010dnoga interesa\" \/>\n<meta property=\"og:url\" content=\"https:\/\/semtactic.jezik.hr\/en\/ivana-filipovic-petrovic\/\" \/>\n<meta property=\"og:site_name\" content=\"Semtactic\" \/>\n<meta property=\"article:modified_time\" content=\"2025-04-08T08:14:55+00:00\" \/>\n<meta property=\"og:image\" content=\"https:\/\/semtactic.jezik.hr\/wp-content\/uploads\/2025\/04\/Ivana-Filipovic-Petrovic-scaled-e1655980963599.jpg\" \/>\n<meta name=\"twitter:card\" content=\"summary_large_image\" \/>\n<meta name=\"twitter:label1\" content=\"Estimated reading time\" \/>\n\t<meta name=\"twitter:data1\" content=\"1 minute\" \/>\n<script type=\"application\/ld+json\" class=\"yoast-schema-graph\">{\"@context\":\"https:\/\/schema.org\",\"@graph\":[{\"@type\":\"WebPage\",\"@id\":\"https:\/\/semtactic.jezik.hr\/ivana-filipovic-petrovic\/\",\"url\":\"https:\/\/semtactic.jezik.hr\/ivana-filipovic-petrovic\/\",\"name\":\"Ivana Filipovi\u0107 Petrovi\u0107 - Semtactic\",\"isPartOf\":{\"@id\":\"https:\/\/semtactic.jezik.hr\/#website\"},\"datePublished\":\"2025-04-08T08:13:03+00:00\",\"dateModified\":\"2025-04-08T08:14:55+00:00\",\"breadcrumb\":{\"@id\":\"https:\/\/semtactic.jezik.hr\/ivana-filipovic-petrovic\/#breadcrumb\"},\"inLanguage\":\"en-GB\",\"potentialAction\":[{\"@type\":\"ReadAction\",\"target\":[\"https:\/\/semtactic.jezik.hr\/ivana-filipovic-petrovic\/\"]}]},{\"@type\":\"BreadcrumbList\",\"@id\":\"https:\/\/semtactic.jezik.hr\/ivana-filipovic-petrovic\/#breadcrumb\",\"itemListElement\":[{\"@type\":\"ListItem\",\"position\":1,\"name\":\"Po\u010detna stranica\",\"item\":\"https:\/\/semtactic.jezik.hr\/\"},{\"@type\":\"ListItem\",\"position\":2,\"name\":\"Ivana Filipovi\u0107 Petrovi\u0107\"}]},{\"@type\":\"WebSite\",\"@id\":\"https:\/\/semtactic.jezik.hr\/#website\",\"url\":\"https:\/\/semtactic.jezik.hr\/\",\"name\":\"Semtactic\",\"description\":\"Semanti\u010dko-sintakti\u010dka klasifikacija glagola u hrvatskom jeziku\",\"publisher\":{\"@id\":\"https:\/\/semtactic.jezik.hr\/#organization\"},\"potentialAction\":[{\"@type\":\"SearchAction\",\"target\":{\"@type\":\"EntryPoint\",\"urlTemplate\":\"https:\/\/semtactic.jezik.hr\/?s={search_term_string}\"},\"query-input\":\"required name=search_term_string\"}],\"inLanguage\":\"en-GB\"},{\"@type\":\"Organization\",\"@id\":\"https:\/\/semtactic.jezik.hr\/#organization\",\"name\":\"Semtactic\",\"url\":\"https:\/\/semtactic.jezik.hr\/\",\"logo\":{\"@type\":\"ImageObject\",\"inLanguage\":\"en-GB\",\"@id\":\"https:\/\/semtactic.jezik.hr\/#\/schema\/logo\/image\/\",\"url\":\"https:\/\/semtactic.jezik.hr\/wp-content\/uploads\/2024\/01\/cropped-Untitled-1-lkkl.png\",\"contentUrl\":\"https:\/\/semtactic.jezik.hr\/wp-content\/uploads\/2024\/01\/cropped-Untitled-1-lkkl.png\",\"width\":1342,\"height\":681,\"caption\":\"Semtactic\"},\"image\":{\"@id\":\"https:\/\/semtactic.jezik.hr\/#\/schema\/logo\/image\/\"}}]}<\/script>\n<!-- \/ Yoast SEO plugin. -->","yoast_head_json":{"title":"Ivana Filipovi\u0107 Petrovi\u0107 - Semtactic","robots":{"index":"index","follow":"follow","max-snippet":"max-snippet:-1","max-image-preview":"max-image-preview:large","max-video-preview":"max-video-preview:-1"},"canonical":"https:\/\/semtactic.jezik.hr\/en\/ivana-filipovic-petrovic\/","og_locale":"en_GB","og_type":"article","og_title":"Ivana Filipovi\u0107 Petrovi\u0107 - Semtactic","og_description":"Ime i prezime dr. sc. IVANA FILIPOVI\u0106 PETROVI\u0106, vi\u0161a znanstvena suradnica Adresa e-po\u0161te ifilipovic@hazu.hr Osobna stranica Ivana Filipovi\u0107 Petrovi\u0107 Bibliografija CroRIS Obrazovanje Radna mjesta Stipendije Znanstveno-istra\u017eiva\u010dki i stru\u010dni kompetitivni projekti Nastavna djelatnost Me\u0111unarodna suradnja Nagrade i priznanja Podru\u010dja znanstvenoga i stru\u010dnoga interesa","og_url":"https:\/\/semtactic.jezik.hr\/en\/ivana-filipovic-petrovic\/","og_site_name":"Semtactic","article_modified_time":"2025-04-08T08:14:55+00:00","og_image":[{"url":"https:\/\/semtactic.jezik.hr\/wp-content\/uploads\/2025\/04\/Ivana-Filipovic-Petrovic-scaled-e1655980963599.jpg"}],"twitter_card":"summary_large_image","twitter_misc":{"Estimated reading time":"1 minute"},"schema":{"@context":"https:\/\/schema.org","@graph":[{"@type":"WebPage","@id":"https:\/\/semtactic.jezik.hr\/ivana-filipovic-petrovic\/","url":"https:\/\/semtactic.jezik.hr\/ivana-filipovic-petrovic\/","name":"Ivana Filipovi\u0107 Petrovi\u0107 - Semtactic","isPartOf":{"@id":"https:\/\/semtactic.jezik.hr\/#website"},"datePublished":"2025-04-08T08:13:03+00:00","dateModified":"2025-04-08T08:14:55+00:00","breadcrumb":{"@id":"https:\/\/semtactic.jezik.hr\/ivana-filipovic-petrovic\/#breadcrumb"},"inLanguage":"en-GB","potentialAction":[{"@type":"ReadAction","target":["https:\/\/semtactic.jezik.hr\/ivana-filipovic-petrovic\/"]}]},{"@type":"BreadcrumbList","@id":"https:\/\/semtactic.jezik.hr\/ivana-filipovic-petrovic\/#breadcrumb","itemListElement":[{"@type":"ListItem","position":1,"name":"Po\u010detna stranica","item":"https:\/\/semtactic.jezik.hr\/"},{"@type":"ListItem","position":2,"name":"Ivana Filipovi\u0107 Petrovi\u0107"}]},{"@type":"WebSite","@id":"https:\/\/semtactic.jezik.hr\/#website","url":"https:\/\/semtactic.jezik.hr\/","name":"Semtactic","description":"Semanti\u010dko-sintakti\u010dka klasifikacija glagola u hrvatskom jeziku","publisher":{"@id":"https:\/\/semtactic.jezik.hr\/#organization"},"potentialAction":[{"@type":"SearchAction","target":{"@type":"EntryPoint","urlTemplate":"https:\/\/semtactic.jezik.hr\/?s={search_term_string}"},"query-input":"required name=search_term_string"}],"inLanguage":"en-GB"},{"@type":"Organization","@id":"https:\/\/semtactic.jezik.hr\/#organization","name":"Semtactic","url":"https:\/\/semtactic.jezik.hr\/","logo":{"@type":"ImageObject","inLanguage":"en-GB","@id":"https:\/\/semtactic.jezik.hr\/#\/schema\/logo\/image\/","url":"https:\/\/semtactic.jezik.hr\/wp-content\/uploads\/2024\/01\/cropped-Untitled-1-lkkl.png","contentUrl":"https:\/\/semtactic.jezik.hr\/wp-content\/uploads\/2024\/01\/cropped-Untitled-1-lkkl.png","width":1342,"height":681,"caption":"Semtactic"},"image":{"@id":"https:\/\/semtactic.jezik.hr\/#\/schema\/logo\/image\/"}}]}},"_links":{"self":[{"href":"https:\/\/semtactic.jezik.hr\/en\/wp-json\/wp\/v2\/pages\/441","targetHints":{"allow":["GET"]}}],"collection":[{"href":"https:\/\/semtactic.jezik.hr\/en\/wp-json\/wp\/v2\/pages"}],"about":[{"href":"https:\/\/semtactic.jezik.hr\/en\/wp-json\/wp\/v2\/types\/page"}],"author":[{"embeddable":true,"href":"https:\/\/semtactic.jezik.hr\/en\/wp-json\/wp\/v2\/users\/2"}],"replies":[{"embeddable":true,"href":"https:\/\/semtactic.jezik.hr\/en\/wp-json\/wp\/v2\/comments?post=441"}],"version-history":[{"count":3,"href":"https:\/\/semtactic.jezik.hr\/en\/wp-json\/wp\/v2\/pages\/441\/revisions"}],"predecessor-version":[{"id":446,"href":"https:\/\/semtactic.jezik.hr\/en\/wp-json\/wp\/v2\/pages\/441\/revisions\/446"}],"wp:attachment":[{"href":"https:\/\/semtactic.jezik.hr\/en\/wp-json\/wp\/v2\/media?parent=441"}],"curies":[{"name":"wp","href":"https:\/\/api.w.org\/{rel}","templated":true}]}}