{"id":194,"date":"2024-01-12T15:28:14","date_gmt":"2024-01-12T15:28:14","guid":{"rendered":"https:\/\/semtactic.jezik.hr\/?page_id=194"},"modified":"2024-05-27T19:59:09","modified_gmt":"2024-05-27T19:59:09","slug":"poveznice","status":"publish","type":"page","link":"https:\/\/semtactic.jezik.hr\/en\/poveznice\/","title":{"rendered":"Links"},"content":{"rendered":"<p style=\"font-style:normal;font-weight:700\"><a href=\"http:\/\/adesse.uvigo.es\/index.php\/ADESSE\/Inicio\" target=\"_blank\" rel=\"noreferrer noopener\">ADESSE: Base de datos de Verbos, Alternancias de Di\u00e1tesis y Esquemas Sint\u00e1ctico-Sem\u00e1nticos del Espa\u00f1ol<\/a><\/p>\n\n\n\n<p style=\"font-style:normal;font-weight:700\"><a href=\"https:\/\/nlp.cs.nyu.edu\/comlex\/\" target=\"_blank\" rel=\"noreferrer noopener\">COMLEX Syntax<\/a><\/p>\n\n\n\n<p style=\"font-style:normal;font-weight:700\"><a href=\"http:\/\/theta.ffzg.hr\/crovallex\/\" target=\"_blank\" rel=\"noreferrer noopener\">Crovallex 2.008: Valencijski leksikon hrvatskih glagola<\/a><\/p>\n\n\n\n<p style=\"font-style:normal;font-weight:700\"><a href=\"https:\/\/ufal.mff.cuni.cz\/engvallex-english-valency-lexicon-linked-corpora\">EngVallex &#8211; English Valency Lexicon<\/a><\/p>\n\n\n\n<p style=\"font-style:normal;font-weight:700\"><a href=\"http:\/\/valencije.ihjj.hr\/page\/sto-je-e-glava\/1\/\">e-Glava &#8211; Baza hrvatskih glagolskih valencija<\/a><\/p>\n\n\n\n<p style=\"font-style:normal;font-weight:700\"><a href=\"http:\/\/hypermedia.ids-mannheim.de\/evalbu\/index.html\" target=\"_blank\" rel=\"noreferrer noopener\">e-Valbu: Das elektronische Valenzw\u00f6rterbuch deutscher Verben<\/a><\/p>\n\n\n\n<p style=\"font-style:normal;font-weight:700\"><a href=\"http:\/\/valpal.info\/about\/project\" target=\"_blank\" rel=\"noreferrer noopener\">Leipzig Valency Classes Project<\/a><\/p>\n\n\n\n<p style=\"font-style:normal;font-weight:700\"><a href=\"http:\/\/lexit.fileli.unipi.it\/index.php\" target=\"_blank\" rel=\"noreferrer noopener\">LexIt<\/a><\/p>\n\n\n\n<p style=\"font-style:normal;font-weight:700\"><a href=\"http:\/\/pdev.org.uk\/#about_cpa\" target=\"_blank\" rel=\"noreferrer noopener\">Pattern Dictionary of English Verbs<\/a><\/p>\n\n\n\n<p style=\"font-style:normal;font-weight:700\"><a href=\"https:\/\/ufal.mff.cuni.cz\/pdt-vallex-valency-lexicon-linked-czech-corpora\">PDT-Vallex<\/a><\/p>\n\n\n\n<p style=\"font-style:normal;font-weight:700\"><a href=\"http:\/\/propbank.github.io\/\" target=\"_blank\" rel=\"noreferrer noopener\">Propbank \u2013 The Proposition Bank<\/a><\/p>\n\n\n\n<p style=\"font-style:normal;font-weight:700\"><a href=\"http:\/\/tpas.fbk.eu\/\" target=\"_blank\" rel=\"noreferrer noopener\">T-PAS \u2013 Typed Predicate Argument Structure for Italian<\/a><\/p>\n\n\n\n<p style=\"font-style:normal;font-weight:700\"><a href=\"https:\/\/verbs.colorado.edu\/verb-index\/\" target=\"_blank\" rel=\"noreferrer noopener\">Unified Verb Index<\/a><\/p>\n\n\n\n<p style=\"font-style:normal;font-weight:700\"><a href=\"http:\/\/ufal.mff.cuni.cz\/vallex\/3.5\/\" target=\"_blank\" rel=\"noreferrer noopener\">Vallex 3.5: Valency Lexicon of Czech Verbs<\/a><\/p>\n\n\n\n<p><a href=\"https:\/\/ufal.mff.cuni.cz\/vallex\/4.0\/\"><strong>Vallex 4.0: Valency Lexicon of Czech Verbs<\/strong><\/a><\/p>\n\n\n\n<p style=\"font-style:normal;font-weight:700\"><a href=\"http:\/\/verbatlas.org\">VerbAtlas<\/a><\/p>\n\n\n\n<p style=\"font-style:normal;font-weight:700\"><a href=\"https:\/\/verbs.colorado.edu\/verbnet\/#what-is-vn\" target=\"_blank\" rel=\"noreferrer noopener\">VerbNet<\/a><\/p>\n\n\n\n<p style=\"font-style:normal;font-weight:700\"><a href=\"http:\/\/zil.ipipan.waw.pl\/Walenty\" target=\"_blank\" rel=\"noreferrer noopener\">Walenty: Polish Valence Dictionary<\/a><\/p>\n\n\n\n<div style=\"height:100px\" aria-hidden=\"true\" class=\"wp-block-spacer\"><\/div>","protected":false},"excerpt":{"rendered":"<p>ADESSE: Base de datos de Verbos, Alternancias de Di\u00e1tesis y Esquemas Sint\u00e1ctico-Sem\u00e1nticos del Espa\u00f1ol COMLEX Syntax Crovallex 2.008: Valencijski leksikon hrvatskih glagola EngVallex &#8211; English Valency Lexicon e-Glava &#8211; Baza hrvatskih glagolskih valencija e-Valbu: Das elektronische Valenzw\u00f6rterbuch deutscher Verben Leipzig Valency Classes Project LexIt Pattern Dictionary of English Verbs PDT-Vallex [&hellip;]<\/p>","protected":false},"author":2,"featured_media":0,"parent":0,"menu_order":0,"comment_status":"closed","ping_status":"closed","template":"","meta":{"footnotes":""},"class_list":["post-194","page","type-page","status-publish","hentry"],"yoast_head":"<!-- This site is optimized with the Yoast SEO plugin v22.1 - https:\/\/yoast.com\/wordpress\/plugins\/seo\/ -->\n<title>Poveznice - Semtactic<\/title>\n<meta name=\"robots\" content=\"index, follow, max-snippet:-1, max-image-preview:large, max-video-preview:-1\" \/>\n<link rel=\"canonical\" href=\"https:\/\/semtactic.jezik.hr\/en\/poveznice\/\" \/>\n<meta property=\"og:locale\" content=\"en_GB\" \/>\n<meta property=\"og:type\" content=\"article\" \/>\n<meta property=\"og:title\" content=\"Poveznice - Semtactic\" \/>\n<meta property=\"og:description\" content=\"ADESSE: Base de datos de Verbos, Alternancias de Di\u00e1tesis y Esquemas Sint\u00e1ctico-Sem\u00e1nticos del Espa\u00f1ol COMLEX Syntax Crovallex 2.008: Valencijski leksikon hrvatskih glagola EngVallex &#8211; English Valency Lexicon e-Glava &#8211; Baza hrvatskih glagolskih valencija e-Valbu: Das elektronische Valenzw\u00f6rterbuch deutscher Verben Leipzig Valency Classes Project LexIt Pattern Dictionary of English Verbs PDT-Vallex [&hellip;]\" \/>\n<meta property=\"og:url\" content=\"https:\/\/semtactic.jezik.hr\/en\/poveznice\/\" \/>\n<meta property=\"og:site_name\" content=\"Semtactic\" \/>\n<meta property=\"article:modified_time\" content=\"2024-05-27T19:59:09+00:00\" \/>\n<meta name=\"twitter:card\" content=\"summary_large_image\" \/>\n<meta name=\"twitter:label1\" content=\"Estimated reading time\" \/>\n\t<meta name=\"twitter:data1\" content=\"1 minute\" \/>\n<script type=\"application\/ld+json\" class=\"yoast-schema-graph\">{\"@context\":\"https:\/\/schema.org\",\"@graph\":[{\"@type\":\"WebPage\",\"@id\":\"https:\/\/semtactic.jezik.hr\/poveznice\/\",\"url\":\"https:\/\/semtactic.jezik.hr\/poveznice\/\",\"name\":\"Poveznice - Semtactic\",\"isPartOf\":{\"@id\":\"https:\/\/semtactic.jezik.hr\/#website\"},\"datePublished\":\"2024-01-12T15:28:14+00:00\",\"dateModified\":\"2024-05-27T19:59:09+00:00\",\"breadcrumb\":{\"@id\":\"https:\/\/semtactic.jezik.hr\/poveznice\/#breadcrumb\"},\"inLanguage\":\"en-GB\",\"potentialAction\":[{\"@type\":\"ReadAction\",\"target\":[\"https:\/\/semtactic.jezik.hr\/poveznice\/\"]}]},{\"@type\":\"BreadcrumbList\",\"@id\":\"https:\/\/semtactic.jezik.hr\/poveznice\/#breadcrumb\",\"itemListElement\":[{\"@type\":\"ListItem\",\"position\":1,\"name\":\"Po\u010detna stranica\",\"item\":\"https:\/\/semtactic.jezik.hr\/\"},{\"@type\":\"ListItem\",\"position\":2,\"name\":\"Poveznice\"}]},{\"@type\":\"WebSite\",\"@id\":\"https:\/\/semtactic.jezik.hr\/#website\",\"url\":\"https:\/\/semtactic.jezik.hr\/\",\"name\":\"Semtactic\",\"description\":\"Semanti\u010dko-sintakti\u010dka klasifikacija glagola u hrvatskom jeziku\",\"publisher\":{\"@id\":\"https:\/\/semtactic.jezik.hr\/#organization\"},\"potentialAction\":[{\"@type\":\"SearchAction\",\"target\":{\"@type\":\"EntryPoint\",\"urlTemplate\":\"https:\/\/semtactic.jezik.hr\/?s={search_term_string}\"},\"query-input\":\"required name=search_term_string\"}],\"inLanguage\":\"en-GB\"},{\"@type\":\"Organization\",\"@id\":\"https:\/\/semtactic.jezik.hr\/#organization\",\"name\":\"Semtactic\",\"url\":\"https:\/\/semtactic.jezik.hr\/\",\"logo\":{\"@type\":\"ImageObject\",\"inLanguage\":\"en-GB\",\"@id\":\"https:\/\/semtactic.jezik.hr\/#\/schema\/logo\/image\/\",\"url\":\"https:\/\/semtactic.jezik.hr\/wp-content\/uploads\/2024\/01\/cropped-Untitled-1-lkkl.png\",\"contentUrl\":\"https:\/\/semtactic.jezik.hr\/wp-content\/uploads\/2024\/01\/cropped-Untitled-1-lkkl.png\",\"width\":1342,\"height\":681,\"caption\":\"Semtactic\"},\"image\":{\"@id\":\"https:\/\/semtactic.jezik.hr\/#\/schema\/logo\/image\/\"}}]}<\/script>\n<!-- \/ Yoast SEO plugin. -->","yoast_head_json":{"title":"Poveznice - Semtactic","robots":{"index":"index","follow":"follow","max-snippet":"max-snippet:-1","max-image-preview":"max-image-preview:large","max-video-preview":"max-video-preview:-1"},"canonical":"https:\/\/semtactic.jezik.hr\/en\/poveznice\/","og_locale":"en_GB","og_type":"article","og_title":"Poveznice - Semtactic","og_description":"ADESSE: Base de datos de Verbos, Alternancias de Di\u00e1tesis y Esquemas Sint\u00e1ctico-Sem\u00e1nticos del Espa\u00f1ol COMLEX Syntax Crovallex 2.008: Valencijski leksikon hrvatskih glagola EngVallex &#8211; English Valency Lexicon e-Glava &#8211; Baza hrvatskih glagolskih valencija e-Valbu: Das elektronische Valenzw\u00f6rterbuch deutscher Verben Leipzig Valency Classes Project LexIt Pattern Dictionary of English Verbs PDT-Vallex [&hellip;]","og_url":"https:\/\/semtactic.jezik.hr\/en\/poveznice\/","og_site_name":"Semtactic","article_modified_time":"2024-05-27T19:59:09+00:00","twitter_card":"summary_large_image","twitter_misc":{"Estimated reading time":"1 minute"},"schema":{"@context":"https:\/\/schema.org","@graph":[{"@type":"WebPage","@id":"https:\/\/semtactic.jezik.hr\/poveznice\/","url":"https:\/\/semtactic.jezik.hr\/poveznice\/","name":"Poveznice - Semtactic","isPartOf":{"@id":"https:\/\/semtactic.jezik.hr\/#website"},"datePublished":"2024-01-12T15:28:14+00:00","dateModified":"2024-05-27T19:59:09+00:00","breadcrumb":{"@id":"https:\/\/semtactic.jezik.hr\/poveznice\/#breadcrumb"},"inLanguage":"en-GB","potentialAction":[{"@type":"ReadAction","target":["https:\/\/semtactic.jezik.hr\/poveznice\/"]}]},{"@type":"BreadcrumbList","@id":"https:\/\/semtactic.jezik.hr\/poveznice\/#breadcrumb","itemListElement":[{"@type":"ListItem","position":1,"name":"Po\u010detna stranica","item":"https:\/\/semtactic.jezik.hr\/"},{"@type":"ListItem","position":2,"name":"Poveznice"}]},{"@type":"WebSite","@id":"https:\/\/semtactic.jezik.hr\/#website","url":"https:\/\/semtactic.jezik.hr\/","name":"Semtactic","description":"Semanti\u010dko-sintakti\u010dka klasifikacija glagola u hrvatskom jeziku","publisher":{"@id":"https:\/\/semtactic.jezik.hr\/#organization"},"potentialAction":[{"@type":"SearchAction","target":{"@type":"EntryPoint","urlTemplate":"https:\/\/semtactic.jezik.hr\/?s={search_term_string}"},"query-input":"required name=search_term_string"}],"inLanguage":"en-GB"},{"@type":"Organization","@id":"https:\/\/semtactic.jezik.hr\/#organization","name":"Semtactic","url":"https:\/\/semtactic.jezik.hr\/","logo":{"@type":"ImageObject","inLanguage":"en-GB","@id":"https:\/\/semtactic.jezik.hr\/#\/schema\/logo\/image\/","url":"https:\/\/semtactic.jezik.hr\/wp-content\/uploads\/2024\/01\/cropped-Untitled-1-lkkl.png","contentUrl":"https:\/\/semtactic.jezik.hr\/wp-content\/uploads\/2024\/01\/cropped-Untitled-1-lkkl.png","width":1342,"height":681,"caption":"Semtactic"},"image":{"@id":"https:\/\/semtactic.jezik.hr\/#\/schema\/logo\/image\/"}}]}},"_links":{"self":[{"href":"https:\/\/semtactic.jezik.hr\/en\/wp-json\/wp\/v2\/pages\/194","targetHints":{"allow":["GET"]}}],"collection":[{"href":"https:\/\/semtactic.jezik.hr\/en\/wp-json\/wp\/v2\/pages"}],"about":[{"href":"https:\/\/semtactic.jezik.hr\/en\/wp-json\/wp\/v2\/types\/page"}],"author":[{"embeddable":true,"href":"https:\/\/semtactic.jezik.hr\/en\/wp-json\/wp\/v2\/users\/2"}],"replies":[{"embeddable":true,"href":"https:\/\/semtactic.jezik.hr\/en\/wp-json\/wp\/v2\/comments?post=194"}],"version-history":[{"count":7,"href":"https:\/\/semtactic.jezik.hr\/en\/wp-json\/wp\/v2\/pages\/194\/revisions"}],"predecessor-version":[{"id":368,"href":"https:\/\/semtactic.jezik.hr\/en\/wp-json\/wp\/v2\/pages\/194\/revisions\/368"}],"wp:attachment":[{"href":"https:\/\/semtactic.jezik.hr\/en\/wp-json\/wp\/v2\/media?parent=194"}],"curies":[{"name":"wp","href":"https:\/\/api.w.org\/{rel}","templated":true}]}}