{"id":190,"date":"2024-01-12T15:27:45","date_gmt":"2024-01-12T15:27:45","guid":{"rendered":"https:\/\/semtactic.jezik.hr\/?page_id=190"},"modified":"2025-10-02T11:34:21","modified_gmt":"2025-10-02T11:34:21","slug":"usavrsavanja","status":"publish","type":"page","link":"https:\/\/semtactic.jezik.hr\/en\/usavrsavanja\/","title":{"rendered":"Professional training"},"content":{"rendered":"<p><a href=\"https:\/\/lexicom.courses\/lexicom-2025-bari-italy-lexicography-workshop\/\"><strong>Lexicom<\/strong><\/a>, 15. &#8211; 19. rujna 2025., Bari, Italija (Maja Matijevi\u0107).<\/p>\n\n\n\n<p><a href=\"https:\/\/sites.google.com\/view\/ca2hl-2025\/\"><strong>Computational Approaches to Historical Linguistics<\/strong><\/a>, 21. srpnja &#8211; 1. kolovoza 2025., Plovdiv, Bugarska (Lidija Milkovi\u0107).<\/p>\n\n\n\n<p><a href=\"https:\/\/www.clarin.si\/info\/k-centre\/workshops\/classla-express\/\"><strong>CLASSLA-Express workshop on using CLARIN.SI resources and AI tools in language research<\/strong><\/a>, 11. lipnja 2025., Zagreb (Maja Matijevi\u0107).<\/p>\n\n\n\n<p><a href=\"https:\/\/nyispb.org\/vnyi9\/VNYILing\/\"><strong>V-NYI #9 Program in Cultural, Cognitive and Linguistic Studies<\/strong><\/a>, 27 June - 12 July, 2024, The NYI Global Institute of Cultural, Cognitive and Linguistic Studies, online (Maja Matijevi\u0107 and Daria Lazi\u0107).<\/p>\n\n\n\n<p><strong><a href=\"https:\/\/www.clarin.si\/info\/k-centre\/workshops\/classla-express\/\">CLASSLA-Express workshop on using CLARIN.SI corpora in language research<\/a><\/strong>, 19. travnja 2024., Filozofski fakultet Sveu\u010dili\u0161ta u Zagrebu (Ivana Bra\u010d i Sini\u0161a Runjai\u0107).<\/p>","protected":false},"excerpt":{"rendered":"<p>Lexicom, 15. &#8211; 19. rujna 2025., Bari, Italija (Maja Matijevi\u0107). Computational Approaches to Historical Linguistics, 21. srpnja &#8211; 1. kolovoza 2025., Plovdiv, Bugarska (Lidija Milkovi\u0107). CLASSLA-Express workshop on using CLARIN.SI resources and AI tools in language research, 11. lipnja 2025., Zagreb (Maja Matijevi\u0107). V-NYI #9 Program in Cultural, Cognitive and [&hellip;]<\/p>","protected":false},"author":2,"featured_media":0,"parent":0,"menu_order":0,"comment_status":"closed","ping_status":"closed","template":"","meta":{"footnotes":""},"class_list":["post-190","page","type-page","status-publish","hentry"],"yoast_head":"<!-- This site is optimized with the Yoast SEO plugin v22.1 - https:\/\/yoast.com\/wordpress\/plugins\/seo\/ -->\n<title>Usavr\u0161avanja - Semtactic<\/title>\n<meta name=\"robots\" content=\"index, follow, max-snippet:-1, max-image-preview:large, max-video-preview:-1\" \/>\n<link rel=\"canonical\" href=\"https:\/\/semtactic.jezik.hr\/en\/usavrsavanja\/\" \/>\n<meta property=\"og:locale\" content=\"en_GB\" \/>\n<meta property=\"og:type\" content=\"article\" \/>\n<meta property=\"og:title\" content=\"Usavr\u0161avanja - Semtactic\" \/>\n<meta property=\"og:description\" content=\"Lexicom, 15. &#8211; 19. rujna 2025., Bari, Italija (Maja Matijevi\u0107). Computational Approaches to Historical Linguistics, 21. srpnja &#8211; 1. kolovoza 2025., Plovdiv, Bugarska (Lidija Milkovi\u0107). CLASSLA-Express workshop on using CLARIN.SI resources and AI tools in language research, 11. lipnja 2025., Zagreb (Maja Matijevi\u0107). V-NYI #9 Program in Cultural, Cognitive and [&hellip;]\" \/>\n<meta property=\"og:url\" content=\"https:\/\/semtactic.jezik.hr\/en\/usavrsavanja\/\" \/>\n<meta property=\"og:site_name\" content=\"Semtactic\" \/>\n<meta property=\"article:modified_time\" content=\"2025-10-02T11:34:21+00:00\" \/>\n<meta name=\"twitter:card\" content=\"summary_large_image\" \/>\n<meta name=\"twitter:label1\" content=\"Estimated reading time\" \/>\n\t<meta name=\"twitter:data1\" content=\"1 minute\" \/>\n<script type=\"application\/ld+json\" class=\"yoast-schema-graph\">{\"@context\":\"https:\/\/schema.org\",\"@graph\":[{\"@type\":\"WebPage\",\"@id\":\"https:\/\/semtactic.jezik.hr\/usavrsavanja\/\",\"url\":\"https:\/\/semtactic.jezik.hr\/usavrsavanja\/\",\"name\":\"Usavr\u0161avanja - Semtactic\",\"isPartOf\":{\"@id\":\"https:\/\/semtactic.jezik.hr\/#website\"},\"datePublished\":\"2024-01-12T15:27:45+00:00\",\"dateModified\":\"2025-10-02T11:34:21+00:00\",\"breadcrumb\":{\"@id\":\"https:\/\/semtactic.jezik.hr\/usavrsavanja\/#breadcrumb\"},\"inLanguage\":\"en-GB\",\"potentialAction\":[{\"@type\":\"ReadAction\",\"target\":[\"https:\/\/semtactic.jezik.hr\/usavrsavanja\/\"]}]},{\"@type\":\"BreadcrumbList\",\"@id\":\"https:\/\/semtactic.jezik.hr\/usavrsavanja\/#breadcrumb\",\"itemListElement\":[{\"@type\":\"ListItem\",\"position\":1,\"name\":\"Po\u010detna stranica\",\"item\":\"https:\/\/semtactic.jezik.hr\/\"},{\"@type\":\"ListItem\",\"position\":2,\"name\":\"Usavr\u0161avanja\"}]},{\"@type\":\"WebSite\",\"@id\":\"https:\/\/semtactic.jezik.hr\/#website\",\"url\":\"https:\/\/semtactic.jezik.hr\/\",\"name\":\"Semtactic\",\"description\":\"Semanti\u010dko-sintakti\u010dka klasifikacija glagola u hrvatskom jeziku\",\"publisher\":{\"@id\":\"https:\/\/semtactic.jezik.hr\/#organization\"},\"potentialAction\":[{\"@type\":\"SearchAction\",\"target\":{\"@type\":\"EntryPoint\",\"urlTemplate\":\"https:\/\/semtactic.jezik.hr\/?s={search_term_string}\"},\"query-input\":\"required name=search_term_string\"}],\"inLanguage\":\"en-GB\"},{\"@type\":\"Organization\",\"@id\":\"https:\/\/semtactic.jezik.hr\/#organization\",\"name\":\"Semtactic\",\"url\":\"https:\/\/semtactic.jezik.hr\/\",\"logo\":{\"@type\":\"ImageObject\",\"inLanguage\":\"en-GB\",\"@id\":\"https:\/\/semtactic.jezik.hr\/#\/schema\/logo\/image\/\",\"url\":\"https:\/\/semtactic.jezik.hr\/wp-content\/uploads\/2024\/01\/cropped-Untitled-1-lkkl.png\",\"contentUrl\":\"https:\/\/semtactic.jezik.hr\/wp-content\/uploads\/2024\/01\/cropped-Untitled-1-lkkl.png\",\"width\":1342,\"height\":681,\"caption\":\"Semtactic\"},\"image\":{\"@id\":\"https:\/\/semtactic.jezik.hr\/#\/schema\/logo\/image\/\"}}]}<\/script>\n<!-- \/ Yoast SEO plugin. -->","yoast_head_json":{"title":"Usavr\u0161avanja - Semtactic","robots":{"index":"index","follow":"follow","max-snippet":"max-snippet:-1","max-image-preview":"max-image-preview:large","max-video-preview":"max-video-preview:-1"},"canonical":"https:\/\/semtactic.jezik.hr\/en\/usavrsavanja\/","og_locale":"en_GB","og_type":"article","og_title":"Usavr\u0161avanja - Semtactic","og_description":"Lexicom, 15. &#8211; 19. rujna 2025., Bari, Italija (Maja Matijevi\u0107). Computational Approaches to Historical Linguistics, 21. srpnja &#8211; 1. kolovoza 2025., Plovdiv, Bugarska (Lidija Milkovi\u0107). CLASSLA-Express workshop on using CLARIN.SI resources and AI tools in language research, 11. lipnja 2025., Zagreb (Maja Matijevi\u0107). V-NYI #9 Program in Cultural, Cognitive and [&hellip;]","og_url":"https:\/\/semtactic.jezik.hr\/en\/usavrsavanja\/","og_site_name":"Semtactic","article_modified_time":"2025-10-02T11:34:21+00:00","twitter_card":"summary_large_image","twitter_misc":{"Estimated reading time":"1 minute"},"schema":{"@context":"https:\/\/schema.org","@graph":[{"@type":"WebPage","@id":"https:\/\/semtactic.jezik.hr\/usavrsavanja\/","url":"https:\/\/semtactic.jezik.hr\/usavrsavanja\/","name":"Usavr\u0161avanja - Semtactic","isPartOf":{"@id":"https:\/\/semtactic.jezik.hr\/#website"},"datePublished":"2024-01-12T15:27:45+00:00","dateModified":"2025-10-02T11:34:21+00:00","breadcrumb":{"@id":"https:\/\/semtactic.jezik.hr\/usavrsavanja\/#breadcrumb"},"inLanguage":"en-GB","potentialAction":[{"@type":"ReadAction","target":["https:\/\/semtactic.jezik.hr\/usavrsavanja\/"]}]},{"@type":"BreadcrumbList","@id":"https:\/\/semtactic.jezik.hr\/usavrsavanja\/#breadcrumb","itemListElement":[{"@type":"ListItem","position":1,"name":"Po\u010detna stranica","item":"https:\/\/semtactic.jezik.hr\/"},{"@type":"ListItem","position":2,"name":"Usavr\u0161avanja"}]},{"@type":"WebSite","@id":"https:\/\/semtactic.jezik.hr\/#website","url":"https:\/\/semtactic.jezik.hr\/","name":"Semtactic","description":"Semanti\u010dko-sintakti\u010dka klasifikacija glagola u hrvatskom jeziku","publisher":{"@id":"https:\/\/semtactic.jezik.hr\/#organization"},"potentialAction":[{"@type":"SearchAction","target":{"@type":"EntryPoint","urlTemplate":"https:\/\/semtactic.jezik.hr\/?s={search_term_string}"},"query-input":"required name=search_term_string"}],"inLanguage":"en-GB"},{"@type":"Organization","@id":"https:\/\/semtactic.jezik.hr\/#organization","name":"Semtactic","url":"https:\/\/semtactic.jezik.hr\/","logo":{"@type":"ImageObject","inLanguage":"en-GB","@id":"https:\/\/semtactic.jezik.hr\/#\/schema\/logo\/image\/","url":"https:\/\/semtactic.jezik.hr\/wp-content\/uploads\/2024\/01\/cropped-Untitled-1-lkkl.png","contentUrl":"https:\/\/semtactic.jezik.hr\/wp-content\/uploads\/2024\/01\/cropped-Untitled-1-lkkl.png","width":1342,"height":681,"caption":"Semtactic"},"image":{"@id":"https:\/\/semtactic.jezik.hr\/#\/schema\/logo\/image\/"}}]}},"_links":{"self":[{"href":"https:\/\/semtactic.jezik.hr\/en\/wp-json\/wp\/v2\/pages\/190","targetHints":{"allow":["GET"]}}],"collection":[{"href":"https:\/\/semtactic.jezik.hr\/en\/wp-json\/wp\/v2\/pages"}],"about":[{"href":"https:\/\/semtactic.jezik.hr\/en\/wp-json\/wp\/v2\/types\/page"}],"author":[{"embeddable":true,"href":"https:\/\/semtactic.jezik.hr\/en\/wp-json\/wp\/v2\/users\/2"}],"replies":[{"embeddable":true,"href":"https:\/\/semtactic.jezik.hr\/en\/wp-json\/wp\/v2\/comments?post=190"}],"version-history":[{"count":12,"href":"https:\/\/semtactic.jezik.hr\/en\/wp-json\/wp\/v2\/pages\/190\/revisions"}],"predecessor-version":[{"id":512,"href":"https:\/\/semtactic.jezik.hr\/en\/wp-json\/wp\/v2\/pages\/190\/revisions\/512"}],"wp:attachment":[{"href":"https:\/\/semtactic.jezik.hr\/en\/wp-json\/wp\/v2\/media?parent=190"}],"curies":[{"name":"wp","href":"https:\/\/api.w.org\/{rel}","templated":true}]}}