{"id":188,"date":"2024-01-12T15:27:32","date_gmt":"2024-01-12T15:27:32","guid":{"rendered":"https:\/\/semtactic.jezik.hr\/?page_id=188"},"modified":"2025-05-21T13:04:34","modified_gmt":"2025-05-21T13:04:34","slug":"radionice","status":"publish","type":"page","link":"https:\/\/semtactic.jezik.hr\/en\/radionice\/","title":{"rendered":"Workshops"},"content":{"rendered":"<p class=\"has-large-font-size\"><strong>Valency Lexicon VALLEX: From Lexicon to Grammar and Back Again<\/strong><\/p>\n\n\n\n<p>U okviru dvodnevne radionice koja je organizirana u okviru projekata\u00a0<em>Semantic-syntactic classification of Croatian verbs<\/em>\u00a0\u2013 SEMTACTIC (HRZZ) i\u00a0<em>Hrvatske glagolske valencije<\/em>\u00a0\u2013 Verbion (NextGenerationEU) dr. sc.\u00a0V\u00e1clava\u00a0Kettnerov\u00e1 iz Instituta za formalnu i primijenjenu lingvistiku Karlova sveu\u010dili\u0161te u Pragu odr\u017eala je javno predavanje <em>Valency Lexicon VALLEX: From Lexicon to Grammar and Back Again<\/em> 19. svibnja u Institutu za hrvatski jezik.<\/p>\n\n\n\n<p><\/p>\n\n\n\n<figure class=\"wp-block-image size-large\"><img loading=\"lazy\" decoding=\"async\" width=\"1024\" height=\"473\" src=\"https:\/\/semtactic.jezik.hr\/wp-content\/uploads\/2025\/05\/IMG-20250521-WA0008-1024x473.jpg\" alt=\"\" class=\"wp-image-463\" srcset=\"https:\/\/semtactic.jezik.hr\/wp-content\/uploads\/2025\/05\/IMG-20250521-WA0008-1024x473.jpg 1024w, https:\/\/semtactic.jezik.hr\/wp-content\/uploads\/2025\/05\/IMG-20250521-WA0008-300x139.jpg 300w, https:\/\/semtactic.jezik.hr\/wp-content\/uploads\/2025\/05\/IMG-20250521-WA0008-768x355.jpg 768w, https:\/\/semtactic.jezik.hr\/wp-content\/uploads\/2025\/05\/IMG-20250521-WA0008-1536x710.jpg 1536w, https:\/\/semtactic.jezik.hr\/wp-content\/uploads\/2025\/05\/IMG-20250521-WA0008-18x8.jpg 18w, https:\/\/semtactic.jezik.hr\/wp-content\/uploads\/2025\/05\/IMG-20250521-WA0008.jpg 2000w\" sizes=\"auto, (max-width: 1024px) 100vw, 1024px\" \/><\/figure>\n\n\n\n<hr class=\"wp-block-separator has-alpha-channel-opacity\"\/>\n\n\n\n<hr class=\"wp-block-separator has-alpha-channel-opacity\"\/>\n\n\n\n<h2 class=\"wp-block-heading\">Upotreba alata (No)Sketch\u00a0Engine u pronala\u017eenju glagolskih valencijskih obrazaca <\/h2>\n\n\n\n<p>U organizaciji Instituta za hrvatski jezik (projekti <em>Semantic-syntactic classification of Croatian verbs<\/em> (HRZZ, IP-2022-10-8074) i <em>Hrvatske glagolske valencije<\/em> (NextGeneration EU)) i Odsjeka za kroatistiku Filozofskoga fakulteta u Zagrebu dr. sc. Zrinka Kolakovi\u0107 sa Sveu\u010dili\u0161ta u Hamburgu odr\u017eala je radionicu o pretra\u017eivanju valencijskih obrazaca uz pomo\u0107 CQL-a i regularnih izraza. Radionica se odr\u017eala 17. o\u017eujka 2025. na Filozofskom fakultetu u Zagrebu. <\/p>\n\n\n\n<hr class=\"wp-block-separator has-alpha-channel-opacity\"\/>\n\n\n\n<p><\/p>\n\n\n\n<figure class=\"wp-block-gallery has-nested-images columns-default is-cropped wp-block-gallery-1 is-layout-flex wp-block-gallery-is-layout-flex\">\n<figure class=\"wp-block-image size-large\"><img loading=\"lazy\" decoding=\"async\" width=\"1024\" height=\"473\" data-id=\"432\" src=\"https:\/\/semtactic.jezik.hr\/wp-content\/uploads\/2025\/03\/IMG-20250318-WA0002-1024x473.jpg\" alt=\"\" class=\"wp-image-432\" srcset=\"https:\/\/semtactic.jezik.hr\/wp-content\/uploads\/2025\/03\/IMG-20250318-WA0002-1024x473.jpg 1024w, https:\/\/semtactic.jezik.hr\/wp-content\/uploads\/2025\/03\/IMG-20250318-WA0002-300x139.jpg 300w, https:\/\/semtactic.jezik.hr\/wp-content\/uploads\/2025\/03\/IMG-20250318-WA0002-768x355.jpg 768w, https:\/\/semtactic.jezik.hr\/wp-content\/uploads\/2025\/03\/IMG-20250318-WA0002-1536x710.jpg 1536w, https:\/\/semtactic.jezik.hr\/wp-content\/uploads\/2025\/03\/IMG-20250318-WA0002-18x8.jpg 18w, https:\/\/semtactic.jezik.hr\/wp-content\/uploads\/2025\/03\/IMG-20250318-WA0002.jpg 2000w\" sizes=\"auto, (max-width: 1024px) 100vw, 1024px\" \/><\/figure>\n<\/figure>\n\n\n\n<hr class=\"wp-block-separator has-alpha-channel-opacity\"\/>\n\n\n\n<hr class=\"wp-block-separator has-alpha-channel-opacity is-style-wide\"\/>\n\n\n\n<h2 class=\"wp-block-heading\">Leipzig Glossing Rules<\/h2>\n\n\n\n<p class=\" translation-block\">Within the projects <em>Semantic-Syntactic Classification of Verbs in the Croatian Language<\/em> (HRZZ, IP-2022-10-8074) and <em>Croatian Verb Valency<\/em> (NextGeneration EU), Marco Angster from the Department of Linguistics of the University of Zadar, held the workshop <strong><em>Leipzig Glossing Rules<\/em><\/strong> on the 19th of February 2024, at the Institute for the Croatian Language.<\/p>\n\n\n\n<div style=\"height:64px\" aria-hidden=\"true\" class=\"wp-block-spacer\"><\/div>\n\n\n\n<figure class=\"wp-block-image size-large is-resized\"><img loading=\"lazy\" decoding=\"async\" width=\"1024\" height=\"768\" src=\"https:\/\/semtactic.jezik.hr\/wp-content\/uploads\/2024\/03\/radionica_1-1024x768.jpg\" alt=\"\" class=\"wp-image-312\" style=\"width:843px;height:auto\" srcset=\"https:\/\/semtactic.jezik.hr\/wp-content\/uploads\/2024\/03\/radionica_1-1024x768.jpg 1024w, https:\/\/semtactic.jezik.hr\/wp-content\/uploads\/2024\/03\/radionica_1-300x225.jpg 300w, https:\/\/semtactic.jezik.hr\/wp-content\/uploads\/2024\/03\/radionica_1-768x576.jpg 768w, https:\/\/semtactic.jezik.hr\/wp-content\/uploads\/2024\/03\/radionica_1-1536x1152.jpg 1536w, https:\/\/semtactic.jezik.hr\/wp-content\/uploads\/2024\/03\/radionica_1-16x12.jpg 16w, https:\/\/semtactic.jezik.hr\/wp-content\/uploads\/2024\/03\/radionica_1.jpg 1600w\" sizes=\"auto, (max-width: 1024px) 100vw, 1024px\" \/><\/figure>\n\n\n\n<div style=\"height:100px\" aria-hidden=\"true\" class=\"wp-block-spacer\"><\/div>","protected":false},"excerpt":{"rendered":"<p>Valency Lexicon VALLEX: From Lexicon to Grammar and Back Again U okviru dvodnevne radionice koja je organizirana u okviru projekata\u00a0Semanti\u010dko-sintakti\u010dka klasifikacija glagola u hrvatskom jeziku\u00a0\u2013 SEMTACTIC (HRZZ) i\u00a0Hrvatske glagolske valencije\u00a0\u2013 Verbion (NextGenerationEU) dr. sc.\u00a0V\u00e1clava\u00a0Kettnerov\u00e1 iz Instituta za formalnu i primijenjenu lingvistiku Karlova sveu\u010dili\u0161te u Pragu odr\u017eala je javno predavanje Valency [&hellip;]<\/p>","protected":false},"author":2,"featured_media":0,"parent":0,"menu_order":0,"comment_status":"closed","ping_status":"closed","template":"","meta":{"footnotes":""},"class_list":["post-188","page","type-page","status-publish","hentry"],"yoast_head":"<!-- This site is optimized with the Yoast SEO plugin v22.1 - https:\/\/yoast.com\/wordpress\/plugins\/seo\/ -->\n<title>Radionice - Semtactic<\/title>\n<meta name=\"robots\" content=\"index, follow, max-snippet:-1, max-image-preview:large, max-video-preview:-1\" \/>\n<link rel=\"canonical\" href=\"https:\/\/semtactic.jezik.hr\/en\/radionice\/\" \/>\n<meta property=\"og:locale\" content=\"en_GB\" \/>\n<meta property=\"og:type\" content=\"article\" \/>\n<meta property=\"og:title\" content=\"Radionice - Semtactic\" \/>\n<meta property=\"og:description\" content=\"Valency Lexicon VALLEX: From Lexicon to Grammar and Back Again U okviru dvodnevne radionice koja je organizirana u okviru projekata\u00a0Semanti\u010dko-sintakti\u010dka klasifikacija glagola u hrvatskom jeziku\u00a0\u2013 SEMTACTIC (HRZZ) i\u00a0Hrvatske glagolske valencije\u00a0\u2013 Verbion (NextGenerationEU) dr. sc.\u00a0V\u00e1clava\u00a0Kettnerov\u00e1 iz Instituta za formalnu i primijenjenu lingvistiku Karlova sveu\u010dili\u0161te u Pragu odr\u017eala je javno predavanje Valency [&hellip;]\" \/>\n<meta property=\"og:url\" content=\"https:\/\/semtactic.jezik.hr\/en\/radionice\/\" \/>\n<meta property=\"og:site_name\" content=\"Semtactic\" \/>\n<meta property=\"article:modified_time\" content=\"2025-05-21T13:04:34+00:00\" \/>\n<meta property=\"og:image\" content=\"https:\/\/semtactic.jezik.hr\/wp-content\/uploads\/2025\/05\/IMG-20250521-WA0008-1024x473.jpg\" \/>\n<meta name=\"twitter:card\" content=\"summary_large_image\" \/>\n<meta name=\"twitter:label1\" content=\"Estimated reading time\" \/>\n\t<meta name=\"twitter:data1\" content=\"2 minutes\" \/>\n<script type=\"application\/ld+json\" class=\"yoast-schema-graph\">{\"@context\":\"https:\/\/schema.org\",\"@graph\":[{\"@type\":\"WebPage\",\"@id\":\"https:\/\/semtactic.jezik.hr\/radionice\/\",\"url\":\"https:\/\/semtactic.jezik.hr\/radionice\/\",\"name\":\"Radionice - Semtactic\",\"isPartOf\":{\"@id\":\"https:\/\/semtactic.jezik.hr\/#website\"},\"datePublished\":\"2024-01-12T15:27:32+00:00\",\"dateModified\":\"2025-05-21T13:04:34+00:00\",\"breadcrumb\":{\"@id\":\"https:\/\/semtactic.jezik.hr\/radionice\/#breadcrumb\"},\"inLanguage\":\"en-GB\",\"potentialAction\":[{\"@type\":\"ReadAction\",\"target\":[\"https:\/\/semtactic.jezik.hr\/radionice\/\"]}]},{\"@type\":\"BreadcrumbList\",\"@id\":\"https:\/\/semtactic.jezik.hr\/radionice\/#breadcrumb\",\"itemListElement\":[{\"@type\":\"ListItem\",\"position\":1,\"name\":\"Po\u010detna stranica\",\"item\":\"https:\/\/semtactic.jezik.hr\/\"},{\"@type\":\"ListItem\",\"position\":2,\"name\":\"Radionice\"}]},{\"@type\":\"WebSite\",\"@id\":\"https:\/\/semtactic.jezik.hr\/#website\",\"url\":\"https:\/\/semtactic.jezik.hr\/\",\"name\":\"Semtactic\",\"description\":\"Semanti\u010dko-sintakti\u010dka klasifikacija glagola u hrvatskom jeziku\",\"publisher\":{\"@id\":\"https:\/\/semtactic.jezik.hr\/#organization\"},\"potentialAction\":[{\"@type\":\"SearchAction\",\"target\":{\"@type\":\"EntryPoint\",\"urlTemplate\":\"https:\/\/semtactic.jezik.hr\/?s={search_term_string}\"},\"query-input\":\"required name=search_term_string\"}],\"inLanguage\":\"en-GB\"},{\"@type\":\"Organization\",\"@id\":\"https:\/\/semtactic.jezik.hr\/#organization\",\"name\":\"Semtactic\",\"url\":\"https:\/\/semtactic.jezik.hr\/\",\"logo\":{\"@type\":\"ImageObject\",\"inLanguage\":\"en-GB\",\"@id\":\"https:\/\/semtactic.jezik.hr\/#\/schema\/logo\/image\/\",\"url\":\"https:\/\/semtactic.jezik.hr\/wp-content\/uploads\/2024\/01\/cropped-Untitled-1-lkkl.png\",\"contentUrl\":\"https:\/\/semtactic.jezik.hr\/wp-content\/uploads\/2024\/01\/cropped-Untitled-1-lkkl.png\",\"width\":1342,\"height\":681,\"caption\":\"Semtactic\"},\"image\":{\"@id\":\"https:\/\/semtactic.jezik.hr\/#\/schema\/logo\/image\/\"}}]}<\/script>\n<!-- \/ Yoast SEO plugin. -->","yoast_head_json":{"title":"Radionice - Semtactic","robots":{"index":"index","follow":"follow","max-snippet":"max-snippet:-1","max-image-preview":"max-image-preview:large","max-video-preview":"max-video-preview:-1"},"canonical":"https:\/\/semtactic.jezik.hr\/en\/radionice\/","og_locale":"en_GB","og_type":"article","og_title":"Radionice - Semtactic","og_description":"Valency Lexicon VALLEX: From Lexicon to Grammar and Back Again U okviru dvodnevne radionice koja je organizirana u okviru projekata\u00a0Semanti\u010dko-sintakti\u010dka klasifikacija glagola u hrvatskom jeziku\u00a0\u2013 SEMTACTIC (HRZZ) i\u00a0Hrvatske glagolske valencije\u00a0\u2013 Verbion (NextGenerationEU) dr. sc.\u00a0V\u00e1clava\u00a0Kettnerov\u00e1 iz Instituta za formalnu i primijenjenu lingvistiku Karlova sveu\u010dili\u0161te u Pragu odr\u017eala je javno predavanje Valency [&hellip;]","og_url":"https:\/\/semtactic.jezik.hr\/en\/radionice\/","og_site_name":"Semtactic","article_modified_time":"2025-05-21T13:04:34+00:00","og_image":[{"url":"https:\/\/semtactic.jezik.hr\/wp-content\/uploads\/2025\/05\/IMG-20250521-WA0008-1024x473.jpg"}],"twitter_card":"summary_large_image","twitter_misc":{"Estimated reading time":"2 minutes"},"schema":{"@context":"https:\/\/schema.org","@graph":[{"@type":"WebPage","@id":"https:\/\/semtactic.jezik.hr\/radionice\/","url":"https:\/\/semtactic.jezik.hr\/radionice\/","name":"Radionice - Semtactic","isPartOf":{"@id":"https:\/\/semtactic.jezik.hr\/#website"},"datePublished":"2024-01-12T15:27:32+00:00","dateModified":"2025-05-21T13:04:34+00:00","breadcrumb":{"@id":"https:\/\/semtactic.jezik.hr\/radionice\/#breadcrumb"},"inLanguage":"en-GB","potentialAction":[{"@type":"ReadAction","target":["https:\/\/semtactic.jezik.hr\/radionice\/"]}]},{"@type":"BreadcrumbList","@id":"https:\/\/semtactic.jezik.hr\/radionice\/#breadcrumb","itemListElement":[{"@type":"ListItem","position":1,"name":"Po\u010detna stranica","item":"https:\/\/semtactic.jezik.hr\/"},{"@type":"ListItem","position":2,"name":"Radionice"}]},{"@type":"WebSite","@id":"https:\/\/semtactic.jezik.hr\/#website","url":"https:\/\/semtactic.jezik.hr\/","name":"Semtactic","description":"Semanti\u010dko-sintakti\u010dka klasifikacija glagola u hrvatskom jeziku","publisher":{"@id":"https:\/\/semtactic.jezik.hr\/#organization"},"potentialAction":[{"@type":"SearchAction","target":{"@type":"EntryPoint","urlTemplate":"https:\/\/semtactic.jezik.hr\/?s={search_term_string}"},"query-input":"required name=search_term_string"}],"inLanguage":"en-GB"},{"@type":"Organization","@id":"https:\/\/semtactic.jezik.hr\/#organization","name":"Semtactic","url":"https:\/\/semtactic.jezik.hr\/","logo":{"@type":"ImageObject","inLanguage":"en-GB","@id":"https:\/\/semtactic.jezik.hr\/#\/schema\/logo\/image\/","url":"https:\/\/semtactic.jezik.hr\/wp-content\/uploads\/2024\/01\/cropped-Untitled-1-lkkl.png","contentUrl":"https:\/\/semtactic.jezik.hr\/wp-content\/uploads\/2024\/01\/cropped-Untitled-1-lkkl.png","width":1342,"height":681,"caption":"Semtactic"},"image":{"@id":"https:\/\/semtactic.jezik.hr\/#\/schema\/logo\/image\/"}}]}},"_links":{"self":[{"href":"https:\/\/semtactic.jezik.hr\/en\/wp-json\/wp\/v2\/pages\/188","targetHints":{"allow":["GET"]}}],"collection":[{"href":"https:\/\/semtactic.jezik.hr\/en\/wp-json\/wp\/v2\/pages"}],"about":[{"href":"https:\/\/semtactic.jezik.hr\/en\/wp-json\/wp\/v2\/types\/page"}],"author":[{"embeddable":true,"href":"https:\/\/semtactic.jezik.hr\/en\/wp-json\/wp\/v2\/users\/2"}],"replies":[{"embeddable":true,"href":"https:\/\/semtactic.jezik.hr\/en\/wp-json\/wp\/v2\/comments?post=188"}],"version-history":[{"count":13,"href":"https:\/\/semtactic.jezik.hr\/en\/wp-json\/wp\/v2\/pages\/188\/revisions"}],"predecessor-version":[{"id":467,"href":"https:\/\/semtactic.jezik.hr\/en\/wp-json\/wp\/v2\/pages\/188\/revisions\/467"}],"wp:attachment":[{"href":"https:\/\/semtactic.jezik.hr\/en\/wp-json\/wp\/v2\/media?parent=188"}],"curies":[{"name":"wp","href":"https:\/\/api.w.org\/{rel}","templated":true}]}}