{"id":186,"date":"2024-01-12T15:27:17","date_gmt":"2024-01-12T15:27:17","guid":{"rendered":"https:\/\/semtactic.jezik.hr\/?page_id=186"},"modified":"2026-03-17T13:40:22","modified_gmt":"2026-03-17T13:40:22","slug":"ostala-izlaganja","status":"publish","type":"page","link":"https:\/\/semtactic.jezik.hr\/en\/ostala-izlaganja\/","title":{"rendered":"Other presentations"},"content":{"rendered":"<p>Bra\u010d, Ivana. Glagolski valencijski okviri. Predavanje na kolegiju <em>Novije analize hrvatske sintakse<\/em>, Odsjek za kroatistiku, Filozofski fakultet Sveu\u010dili\u0161ta u Zagrebu. 22. sije\u010dnja 2026.<\/p>\n\n\n\n<p>Ga\u0161pari\u0107, Ivona. Sintakti\u010dko-semanti\u010dka analiza jednostavne re\u010denice. Radionica na kolegiju <em>Novije analize hrvatske sintakse<\/em>, Odsjek za kroatistiku, Filozofski fakultet Sveu\u010dili\u0161ta u Zagrebu. 22. sije\u010dnja 2026.<\/p>\n\n\n\n<p class=\"has-medium-font-size\"><strong>2025.<\/strong><\/p>\n\n\n\n<p>Bra\u010d, Ivana. Croatian verb lexicon Verbion. Predavanje za studente kolegija <em>Psiholingvistika<\/em>, Odsjek za anglistiku, Filozofski fakultet Sveu\u010dili\u0161ta J. J. Strossmayera u Osijeku, odr\u017eano u Institutu za hrvatski jezik u Zagrebu, 2. prosinca 2025.<\/p>\n\n\n\n<p>Bra\u010d, Ivana. Hrvatski glagolski leksikon. Predavanje na kolegiju <em>Spezialkurs Bosnisch\/Kroatisch\/Serbisch: Business Communication in the Croatian Language<\/em>, Institut za slavistiku, Sveu\u010dili\u0161te u Klagenfurtu, 14. studenoga 2025.<\/p>\n\n\n\n<p>Bra\u010d, Ivana. Dopune i dodatci: sive zone analize jednostavne re\u010denice. Predavanje na kolegiju <em>Theoretische Grammatik Bosnisch\/Kroatisch\/Serbisch<\/em>, Institut za slavistiku, Sveu\u010dili\u0161te u Klagenfurtu, 13. studenoga 2025.<\/p>\n\n\n\n<p><\/p>\n\n\n\n<p class=\"has-medium-font-size\"><strong>2024.<\/strong><\/p>\n\n\n\n<p>Bra\u010d, Ivana. Semanti\u010dka i sintakti\u010dka analiza glagola. Predavanje na kolegiju <em>Novije analize hrvatske sintakse<\/em>, Odsjek za kroatistiku, Filozofski fakultet Sveu\u010dili\u0161ta u Zagrebu. 14. studenoga 2024.<\/p>\n\n\n\n<p>Matijevi\u0107, Maja. Pretra\u017eivanje korpusa. Predavanje na kolegiju <em>Novije analize hrvatske sintakse<\/em>, Odsjek za kroatistiku, Filozofski fakultet Sveu\u010dili\u0161ta u Zagrebu. 14. studenoga 2024.<\/p>\n\n\n\n<p>Birti\u0107, Matea. Zna\u010denja glagola. Izlaganje na radionici u okviru projekta <em>Hrvatski prijedlozi u upotrebi &#8211; semanti\u010dka i sintakti\u010dka analiza<\/em> (HRPA). Institut za hrvatski jezik, Zagreb.<\/p>","protected":false},"excerpt":{"rendered":"<p>Bra\u010d, Ivana. Glagolski valencijski okviri. Predavanje na kolegiju Novije analize hrvatske sintakse, Odsjek za kroatistiku, Filozofski fakultet Sveu\u010dili\u0161ta u Zagrebu. 22. sije\u010dnja 2026. Ga\u0161pari\u0107, Ivona. Sintakti\u010dko-semanti\u010dka analiza jednostavne re\u010denice. Radionica na kolegiju Novije analize hrvatske sintakse, Odsjek za kroatistiku, Filozofski fakultet Sveu\u010dili\u0161ta u Zagrebu. 22. sije\u010dnja 2026. 2025. Bra\u010d, Ivana. [&hellip;]<\/p>","protected":false},"author":2,"featured_media":0,"parent":0,"menu_order":0,"comment_status":"closed","ping_status":"closed","template":"","meta":{"footnotes":""},"class_list":["post-186","page","type-page","status-publish","hentry"],"yoast_head":"<!-- This site is optimized with the Yoast SEO plugin v22.1 - https:\/\/yoast.com\/wordpress\/plugins\/seo\/ -->\n<title>Ostala izlaganja - Semtactic<\/title>\n<meta name=\"robots\" content=\"index, follow, max-snippet:-1, max-image-preview:large, max-video-preview:-1\" \/>\n<link rel=\"canonical\" href=\"https:\/\/semtactic.jezik.hr\/en\/ostala-izlaganja\/\" \/>\n<meta property=\"og:locale\" content=\"en_GB\" \/>\n<meta property=\"og:type\" content=\"article\" \/>\n<meta property=\"og:title\" content=\"Ostala izlaganja - Semtactic\" \/>\n<meta property=\"og:description\" content=\"Bra\u010d, Ivana. Glagolski valencijski okviri. Predavanje na kolegiju Novije analize hrvatske sintakse, Odsjek za kroatistiku, Filozofski fakultet Sveu\u010dili\u0161ta u Zagrebu. 22. sije\u010dnja 2026. Ga\u0161pari\u0107, Ivona. Sintakti\u010dko-semanti\u010dka analiza jednostavne re\u010denice. Radionica na kolegiju Novije analize hrvatske sintakse, Odsjek za kroatistiku, Filozofski fakultet Sveu\u010dili\u0161ta u Zagrebu. 22. sije\u010dnja 2026. 2025. Bra\u010d, Ivana. [&hellip;]\" \/>\n<meta property=\"og:url\" content=\"https:\/\/semtactic.jezik.hr\/en\/ostala-izlaganja\/\" \/>\n<meta property=\"og:site_name\" content=\"Semtactic\" \/>\n<meta property=\"article:modified_time\" content=\"2026-03-17T13:40:22+00:00\" \/>\n<meta name=\"twitter:card\" content=\"summary_large_image\" \/>\n<meta name=\"twitter:label1\" content=\"Estimated reading time\" \/>\n\t<meta name=\"twitter:data1\" content=\"2 minutes\" \/>\n<script type=\"application\/ld+json\" class=\"yoast-schema-graph\">{\"@context\":\"https:\/\/schema.org\",\"@graph\":[{\"@type\":\"WebPage\",\"@id\":\"https:\/\/semtactic.jezik.hr\/ostala-izlaganja\/\",\"url\":\"https:\/\/semtactic.jezik.hr\/ostala-izlaganja\/\",\"name\":\"Ostala izlaganja - Semtactic\",\"isPartOf\":{\"@id\":\"https:\/\/semtactic.jezik.hr\/#website\"},\"datePublished\":\"2024-01-12T15:27:17+00:00\",\"dateModified\":\"2026-03-17T13:40:22+00:00\",\"breadcrumb\":{\"@id\":\"https:\/\/semtactic.jezik.hr\/ostala-izlaganja\/#breadcrumb\"},\"inLanguage\":\"en-GB\",\"potentialAction\":[{\"@type\":\"ReadAction\",\"target\":[\"https:\/\/semtactic.jezik.hr\/ostala-izlaganja\/\"]}]},{\"@type\":\"BreadcrumbList\",\"@id\":\"https:\/\/semtactic.jezik.hr\/ostala-izlaganja\/#breadcrumb\",\"itemListElement\":[{\"@type\":\"ListItem\",\"position\":1,\"name\":\"Po\u010detna stranica\",\"item\":\"https:\/\/semtactic.jezik.hr\/\"},{\"@type\":\"ListItem\",\"position\":2,\"name\":\"Ostala izlaganja\"}]},{\"@type\":\"WebSite\",\"@id\":\"https:\/\/semtactic.jezik.hr\/#website\",\"url\":\"https:\/\/semtactic.jezik.hr\/\",\"name\":\"Semtactic\",\"description\":\"Semanti\u010dko-sintakti\u010dka klasifikacija glagola u hrvatskom jeziku\",\"publisher\":{\"@id\":\"https:\/\/semtactic.jezik.hr\/#organization\"},\"potentialAction\":[{\"@type\":\"SearchAction\",\"target\":{\"@type\":\"EntryPoint\",\"urlTemplate\":\"https:\/\/semtactic.jezik.hr\/?s={search_term_string}\"},\"query-input\":\"required name=search_term_string\"}],\"inLanguage\":\"en-GB\"},{\"@type\":\"Organization\",\"@id\":\"https:\/\/semtactic.jezik.hr\/#organization\",\"name\":\"Semtactic\",\"url\":\"https:\/\/semtactic.jezik.hr\/\",\"logo\":{\"@type\":\"ImageObject\",\"inLanguage\":\"en-GB\",\"@id\":\"https:\/\/semtactic.jezik.hr\/#\/schema\/logo\/image\/\",\"url\":\"https:\/\/semtactic.jezik.hr\/wp-content\/uploads\/2024\/01\/cropped-Untitled-1-lkkl.png\",\"contentUrl\":\"https:\/\/semtactic.jezik.hr\/wp-content\/uploads\/2024\/01\/cropped-Untitled-1-lkkl.png\",\"width\":1342,\"height\":681,\"caption\":\"Semtactic\"},\"image\":{\"@id\":\"https:\/\/semtactic.jezik.hr\/#\/schema\/logo\/image\/\"}}]}<\/script>\n<!-- \/ Yoast SEO plugin. -->","yoast_head_json":{"title":"Ostala izlaganja - Semtactic","robots":{"index":"index","follow":"follow","max-snippet":"max-snippet:-1","max-image-preview":"max-image-preview:large","max-video-preview":"max-video-preview:-1"},"canonical":"https:\/\/semtactic.jezik.hr\/en\/ostala-izlaganja\/","og_locale":"en_GB","og_type":"article","og_title":"Ostala izlaganja - Semtactic","og_description":"Bra\u010d, Ivana. Glagolski valencijski okviri. Predavanje na kolegiju Novije analize hrvatske sintakse, Odsjek za kroatistiku, Filozofski fakultet Sveu\u010dili\u0161ta u Zagrebu. 22. sije\u010dnja 2026. Ga\u0161pari\u0107, Ivona. Sintakti\u010dko-semanti\u010dka analiza jednostavne re\u010denice. Radionica na kolegiju Novije analize hrvatske sintakse, Odsjek za kroatistiku, Filozofski fakultet Sveu\u010dili\u0161ta u Zagrebu. 22. sije\u010dnja 2026. 2025. Bra\u010d, Ivana. [&hellip;]","og_url":"https:\/\/semtactic.jezik.hr\/en\/ostala-izlaganja\/","og_site_name":"Semtactic","article_modified_time":"2026-03-17T13:40:22+00:00","twitter_card":"summary_large_image","twitter_misc":{"Estimated reading time":"2 minutes"},"schema":{"@context":"https:\/\/schema.org","@graph":[{"@type":"WebPage","@id":"https:\/\/semtactic.jezik.hr\/ostala-izlaganja\/","url":"https:\/\/semtactic.jezik.hr\/ostala-izlaganja\/","name":"Ostala izlaganja - Semtactic","isPartOf":{"@id":"https:\/\/semtactic.jezik.hr\/#website"},"datePublished":"2024-01-12T15:27:17+00:00","dateModified":"2026-03-17T13:40:22+00:00","breadcrumb":{"@id":"https:\/\/semtactic.jezik.hr\/ostala-izlaganja\/#breadcrumb"},"inLanguage":"en-GB","potentialAction":[{"@type":"ReadAction","target":["https:\/\/semtactic.jezik.hr\/ostala-izlaganja\/"]}]},{"@type":"BreadcrumbList","@id":"https:\/\/semtactic.jezik.hr\/ostala-izlaganja\/#breadcrumb","itemListElement":[{"@type":"ListItem","position":1,"name":"Po\u010detna stranica","item":"https:\/\/semtactic.jezik.hr\/"},{"@type":"ListItem","position":2,"name":"Ostala izlaganja"}]},{"@type":"WebSite","@id":"https:\/\/semtactic.jezik.hr\/#website","url":"https:\/\/semtactic.jezik.hr\/","name":"Semtactic","description":"Semanti\u010dko-sintakti\u010dka klasifikacija glagola u hrvatskom jeziku","publisher":{"@id":"https:\/\/semtactic.jezik.hr\/#organization"},"potentialAction":[{"@type":"SearchAction","target":{"@type":"EntryPoint","urlTemplate":"https:\/\/semtactic.jezik.hr\/?s={search_term_string}"},"query-input":"required name=search_term_string"}],"inLanguage":"en-GB"},{"@type":"Organization","@id":"https:\/\/semtactic.jezik.hr\/#organization","name":"Semtactic","url":"https:\/\/semtactic.jezik.hr\/","logo":{"@type":"ImageObject","inLanguage":"en-GB","@id":"https:\/\/semtactic.jezik.hr\/#\/schema\/logo\/image\/","url":"https:\/\/semtactic.jezik.hr\/wp-content\/uploads\/2024\/01\/cropped-Untitled-1-lkkl.png","contentUrl":"https:\/\/semtactic.jezik.hr\/wp-content\/uploads\/2024\/01\/cropped-Untitled-1-lkkl.png","width":1342,"height":681,"caption":"Semtactic"},"image":{"@id":"https:\/\/semtactic.jezik.hr\/#\/schema\/logo\/image\/"}}]}},"_links":{"self":[{"href":"https:\/\/semtactic.jezik.hr\/en\/wp-json\/wp\/v2\/pages\/186","targetHints":{"allow":["GET"]}}],"collection":[{"href":"https:\/\/semtactic.jezik.hr\/en\/wp-json\/wp\/v2\/pages"}],"about":[{"href":"https:\/\/semtactic.jezik.hr\/en\/wp-json\/wp\/v2\/types\/page"}],"author":[{"embeddable":true,"href":"https:\/\/semtactic.jezik.hr\/en\/wp-json\/wp\/v2\/users\/2"}],"replies":[{"embeddable":true,"href":"https:\/\/semtactic.jezik.hr\/en\/wp-json\/wp\/v2\/comments?post=186"}],"version-history":[{"count":6,"href":"https:\/\/semtactic.jezik.hr\/en\/wp-json\/wp\/v2\/pages\/186\/revisions"}],"predecessor-version":[{"id":547,"href":"https:\/\/semtactic.jezik.hr\/en\/wp-json\/wp\/v2\/pages\/186\/revisions\/547"}],"wp:attachment":[{"href":"https:\/\/semtactic.jezik.hr\/en\/wp-json\/wp\/v2\/media?parent=186"}],"curies":[{"name":"wp","href":"https:\/\/api.w.org\/{rel}","templated":true}]}}