{"id":180,"date":"2024-01-12T15:26:26","date_gmt":"2024-01-12T15:26:26","guid":{"rendered":"https:\/\/semtactic.jezik.hr\/?page_id=180"},"modified":"2026-03-17T13:37:21","modified_gmt":"2026-03-17T13:37:21","slug":"izlaganja-na-konferencijama","status":"publish","type":"page","link":"https:\/\/semtactic.jezik.hr\/en\/izlaganja-na-konferencijama\/","title":{"rendered":"Conference presentations"},"content":{"rendered":"<p><strong>2026.<\/strong><\/p>\n\n\n\n<p>Bra\u010d, Ivana; Batini\u0107 Angster, Mia. 2026. Verbion &#8211; semanti\u010dko-sintakti\u010dki opis hrvatskih glagola. <em>Zadarski filolo\u0161ki dani 11<\/em>. Sveu\u010dili\u0161te u Zadru. 5. i 6. o\u017eujka 2026., Zadar.<\/p>\n\n\n\n<p class=\"has-medium-font-size\"><strong>2025.<\/strong><\/p>\n\n\n\n<p>Belaj, Branimir; Bra\u010d, Ivana; Nazalevi\u0107 \u010cu\u010devi\u0107, Iva. 2025. Dvadeset godina Gramatike J. Sili\u0107a i I. Pranjkovi\u0107a. <em>(Dis)kontinuitet(i) u nacionalnoj filologiji: 150 godina kroatistike na Sveu\u010dili\u0161tu u Zagrebu<\/em>. Filozofski fakultet Sveu\u010dili\u0161ta u Zagrebu. 4. &#8211; 6. prosinca 2025., Zagreb.<\/p>\n\n\n\n<p>Batini\u0107, Mia. 2025. Sedam glagolskih skupina u hrvatskome jeziku. <em>Mediteran kao identitetska odrednica 2: jezik, knji\u017eevnost, kultura i novi mediji<\/em>. Filozofski fakultet Sveu\u010dili\u0161ta u Splitu. 7. i 8. studenoga 2025., Split.<\/p>\n\n\n\n<p>Bra\u010d, Ivana; Birti\u0107, Matea. 2025. The role of verb&#8217;s valency tools in mastering L2 (and more): from e-Glava to Verbion. <em>Multilingual and Multicultural Learning: Policies and Practices<\/em> (MMLPP4). 16. i 18. listopada 2025., Las Palmas, \u0160panjolska.<\/p>\n\n\n\n<p>Bra\u010d, Ivana; Ostro\u0161ki Ani\u0107, Ana. 2025. Assigning FrameNet Frames to a Croatian Verb Lexicon. <em>Language, Data and Knowledge <\/em>(LDK 2025). 10. &#8211; 11. rujna 2025., Napulj, Italija.<\/p>\n\n\n\n<p>Runjai\u0107, Sini\u0161a; Birti\u0107, Matea. 2025. Recent insights into dative alternation in Croatian, with an emphasis on agentive and non-agentive realizations. <em>Syntax of the World&#8217;s Languages 10 <\/em>(SWL X). 8. \u2013 11. rujna 2025., Potsdam, Njema\u010dka.<\/p>\n\n\n\n<p>Ostro\u0161ki Ani\u0107, Ana; Bra\u010d, Ivana. 2025. Integrating Frame-Semantic Description into a Valency Lexicon: Croatian Cognition Verbs. <em>58th Annual Meeting of the Societas Linguistica Europaea<\/em> (SLE 2025). 26. &#8211; 30. kolovoza 2025., Bordeaux, Francuska.<\/p>\n\n\n\n<p>Birti\u0107, Matea; Runjai\u0107, Sini\u0161a; Sviben, Robert. 2025. Dative alternations in less-researched syntactic patterns of standard Croatian. <em>Eighth International Conference on Dependency Linguistics<\/em> (Depling, SyntaxFest 2025). 26. \u2013 29. kolovoza 2025., Ljubljana, Slovenija.<\/p>\n\n\n\n<p>Belaj, Branimir. 2025. O kriterijima razgrani\u010denja medijalnih i pasivnih <em>se<\/em>-konstrukcija. <em>XVII congres international (extraordinaire) des slavistes<\/em>. 25. &#8211; 30. kolovoza 2025., Pariz, Francuska.<\/p>\n\n\n\n<p>Bra\u010d, Ivana; \u0160trkalj Despot, Kristina; Belaj, Branimir. 2025. Interaction between metaphorical shifts in verbs&#8217; meaning and their valency patterns. <em>The 17th International Cognitive Linguistics Conference &#8211; ICLC 17<\/em>. 14. &#8211; 18. srpnja 2025., Buenos Aires, Argentina.<\/p>\n\n\n\n<p>Ostro\u0161ki Ani\u0107, Ana; Bra\u010d, Ivana. 2025. Expanding FrameNet Frames for a Valency Lexicon of Croatian. <em>The 17th International Cognitive Linguistics Conference &#8211; ICLC 17<\/em>. 14. &#8211; 18. srpnja 2025., Buenos Aires, Argentina.<\/p>\n\n\n\n<p>Filipovi\u0107 Petrovi\u0107, Ivana; Bar\u010dot, Branka. 2025. A corpus-based study on the usage and variability of the phraseme construction <em>ako NP&#8217;, onda NP&#8221; \/ wenn NP&#8217;, dann NP&#8221;<\/em> in Croatian and German. <em>Phraseology and communication &#8211; Formulaic language in communication. EUROPHRAS 2025<\/em>. 19. &#8211; 22. svibanj 2025., Aarhus, Danska.<\/p>\n\n\n\n<p>Batini\u0107 Angster, Mia. 2025. Complex predicates: The case of Croatian V<sub>finite<\/sub> + V<sub>non-finite<\/sub> Constructions. <em>47th Annual Conference of the German Linguistic Society<\/em>. 4. &#8211; 7. o\u017eujka, Mainz, Njema\u010dka.<\/p>\n\n\n\n<p class=\"has-medium-font-size\"><strong>2024.<\/strong><\/p>\n\n\n\n<p>Batini\u0107 Angster, Mia. On the voice and status of the construction dati se + infinitive. <em>8. Hrvatski sintakti\u010dki dani<\/em>. 28. &#8211; 30. studenoga 2024., Osijek.<\/p>\n\n\n\n<p>Nazalevi\u0107 \u010cu\u010devi\u0107, Iva. O kategoriji glagolskoga stanja na temelju pristupa sintakti\u010dko-semanti\u010dkom statusu konstrukcija s glagolskim pridjevom trpnim. <em>8. Hrvatski sintakti\u010dki dani<\/em>. 28. &#8211; 30. studenoga 2024., Osijek.<\/p>\n\n\n\n<p>Ostro\u0161ki Ani\u0107, Ana; Bra\u010d, Ivana. A Frame-Semantic Description of Cognition Verbs in Croatian. <em>South Slavic Languages in the Digital Environment<\/em>. 21. &#8211; 23. listopada 2024., Beograd, Srbija.<\/p>\n\n\n\n<p>Runjai\u0107, Sini\u0161a. Verbs of purpose and endeavour: analysis of a smaller semantic class of verbs as the test sample for new project dealing with the semantics and the syntax of Croatian verbs. <em>V\u00fdzkum valence ve slovansk\u00fdch zem\u00edch v\u010dera a dnes \u2013 Valence research in Slavic countries yesterday and today<\/em>. 24. i 25. listopada 2024. Prag, \u010ce\u0161ka.<\/p>\n\n\n\n<p>Bra\u010d, Ivana; Birti\u0107, Matea. Verbal multiword expressions in the Croatian verb lexicon. <em>Computational Linguistics in Bulgaria<\/em> (CLIB 2024). 9. i 10. rujna 2024. Department of Computational Linguistics, Sofija, Bugarska.<\/p>\n\n\n\n<p>Belaj, Branimir; Bra\u010d, Ivana; \u0160trkalj Despot, Kristina. Bleating, growling, barking, and spitting. Exploring metaphorical extensions and valency patterns in verbs of speaking. <em>57th Annual Meeting of the Societas Linguistica Europaea &#8211; SLE 2024<\/em>21-24 August, 2024. University of Helsinki, Helsinki, Finland.<\/p>\n\n\n\n<p>Batini\u0107, Mia. Gdje je kraj glagolima s infinitivom. <em>Stru\u010dno i znanstveno savjetovanje lektora hrvatskoga kao inoga jezika SIH. Glagoli u HIJ-u<\/em>. 5th and 6th July, 2024.Faculty of Humanities and Social Sciences, University of Zagreb, Zagreb.<\/p>\n\n\n\n<p>Bra\u010d, Ivana. Suodnos sintakse i semantike glagola. <em>Stru\u010dno i znanstveno savjetovanje lektora hrvatskoga kao inoga jezika SIH. Glagoli u HIJ-u<\/em>. 5th and 6th July, 2024.Faculty of Humanities and Social Sciences, University of Zagreb, Zagreb.<\/p>\n\n\n\n<p class=\" translation-block\">Bra\u010d, Ivana; Belaj, Branimir; \u0160trkalj Despot, Kristina. The syntax-semantics interface of verbs of (manner of) speaking. <em>The Annual International Conference of the English Department<\/em> \u2013 AICED 25. 14\u201316 June 2024. University of Bucharest, Bucharest, Romania.<\/p>\n\n\n\n<p class=\" translation-block\">Runjai\u0107, Sini\u0161a; Birti\u0107, Matea. Re-evaluating results from the SARGADA project: possibility of implementing theoretical insights into the new valency database of Croatian verbs. <em>The Annual International Conference of the English Department<\/em> \u2013 AICED 25. 14\u201316 June 2024. University of Bucharest, Bucharest, Romania.<\/p>\n\n\n\n<p class=\" translation-block\">Bra\u010d, Ivana; \u0160trkalj Despot, Kristina; Filipi\u0107, Lobel. Unpacking negative attitudes through the choice of a verb. <em>11th International Symposium on Intercultural, Cognitive and Social Pragmatics<\/em> \u2013 EPICS XI. 22\u201324 May 2024. Universidad de Olavide, Sevilla, Spain.<\/p>\n\n\n\n<div style=\"height:100px\" aria-hidden=\"true\" class=\"wp-block-spacer\"><\/div>","protected":false},"excerpt":{"rendered":"<p>2026. Bra\u010d, Ivana; Batini\u0107 Angster, Mia. 2026. Verbion &#8211; semanti\u010dko-sintakti\u010dki opis hrvatskih glagola. Zadarski filolo\u0161ki dani 11. Sveu\u010dili\u0161te u Zadru. 5. i 6. o\u017eujka 2026., Zadar. 2025. Belaj, Branimir; Bra\u010d, Ivana; Nazalevi\u0107 \u010cu\u010devi\u0107, Iva. 2025. Dvadeset godina Gramatike J. Sili\u0107a i I. Pranjkovi\u0107a. (Dis)kontinuitet(i) u nacionalnoj filologiji: 150 godina kroatistike [&hellip;]<\/p>","protected":false},"author":2,"featured_media":0,"parent":0,"menu_order":0,"comment_status":"closed","ping_status":"closed","template":"","meta":{"footnotes":""},"class_list":["post-180","page","type-page","status-publish","hentry"],"yoast_head":"<!-- This site is optimized with the Yoast SEO plugin v22.1 - https:\/\/yoast.com\/wordpress\/plugins\/seo\/ -->\n<title>Izlaganja na konferencijama - Semtactic<\/title>\n<meta name=\"robots\" content=\"index, follow, max-snippet:-1, max-image-preview:large, max-video-preview:-1\" \/>\n<link rel=\"canonical\" href=\"https:\/\/semtactic.jezik.hr\/en\/izlaganja-na-konferencijama\/\" \/>\n<meta property=\"og:locale\" content=\"en_GB\" \/>\n<meta property=\"og:type\" content=\"article\" \/>\n<meta property=\"og:title\" content=\"Izlaganja na konferencijama - Semtactic\" \/>\n<meta property=\"og:description\" content=\"2026. Bra\u010d, Ivana; Batini\u0107 Angster, Mia. 2026. Verbion &#8211; semanti\u010dko-sintakti\u010dki opis hrvatskih glagola. Zadarski filolo\u0161ki dani 11. Sveu\u010dili\u0161te u Zadru. 5. i 6. o\u017eujka 2026., Zadar. 2025. Belaj, Branimir; Bra\u010d, Ivana; Nazalevi\u0107 \u010cu\u010devi\u0107, Iva. 2025. Dvadeset godina Gramatike J. Sili\u0107a i I. Pranjkovi\u0107a. (Dis)kontinuitet(i) u nacionalnoj filologiji: 150 godina kroatistike [&hellip;]\" \/>\n<meta property=\"og:url\" content=\"https:\/\/semtactic.jezik.hr\/en\/izlaganja-na-konferencijama\/\" \/>\n<meta property=\"og:site_name\" content=\"Semtactic\" \/>\n<meta property=\"article:modified_time\" content=\"2026-03-17T13:37:21+00:00\" \/>\n<meta name=\"twitter:card\" content=\"summary_large_image\" \/>\n<meta name=\"twitter:label1\" content=\"Estimated reading time\" \/>\n\t<meta name=\"twitter:data1\" content=\"5 minutes\" \/>\n<script type=\"application\/ld+json\" class=\"yoast-schema-graph\">{\"@context\":\"https:\/\/schema.org\",\"@graph\":[{\"@type\":\"WebPage\",\"@id\":\"https:\/\/semtactic.jezik.hr\/izlaganja-na-konferencijama\/\",\"url\":\"https:\/\/semtactic.jezik.hr\/izlaganja-na-konferencijama\/\",\"name\":\"Izlaganja na konferencijama - Semtactic\",\"isPartOf\":{\"@id\":\"https:\/\/semtactic.jezik.hr\/#website\"},\"datePublished\":\"2024-01-12T15:26:26+00:00\",\"dateModified\":\"2026-03-17T13:37:21+00:00\",\"breadcrumb\":{\"@id\":\"https:\/\/semtactic.jezik.hr\/izlaganja-na-konferencijama\/#breadcrumb\"},\"inLanguage\":\"en-GB\",\"potentialAction\":[{\"@type\":\"ReadAction\",\"target\":[\"https:\/\/semtactic.jezik.hr\/izlaganja-na-konferencijama\/\"]}]},{\"@type\":\"BreadcrumbList\",\"@id\":\"https:\/\/semtactic.jezik.hr\/izlaganja-na-konferencijama\/#breadcrumb\",\"itemListElement\":[{\"@type\":\"ListItem\",\"position\":1,\"name\":\"Po\u010detna stranica\",\"item\":\"https:\/\/semtactic.jezik.hr\/\"},{\"@type\":\"ListItem\",\"position\":2,\"name\":\"Izlaganja na konferencijama\"}]},{\"@type\":\"WebSite\",\"@id\":\"https:\/\/semtactic.jezik.hr\/#website\",\"url\":\"https:\/\/semtactic.jezik.hr\/\",\"name\":\"Semtactic\",\"description\":\"Semanti\u010dko-sintakti\u010dka klasifikacija glagola u hrvatskom jeziku\",\"publisher\":{\"@id\":\"https:\/\/semtactic.jezik.hr\/#organization\"},\"potentialAction\":[{\"@type\":\"SearchAction\",\"target\":{\"@type\":\"EntryPoint\",\"urlTemplate\":\"https:\/\/semtactic.jezik.hr\/?s={search_term_string}\"},\"query-input\":\"required name=search_term_string\"}],\"inLanguage\":\"en-GB\"},{\"@type\":\"Organization\",\"@id\":\"https:\/\/semtactic.jezik.hr\/#organization\",\"name\":\"Semtactic\",\"url\":\"https:\/\/semtactic.jezik.hr\/\",\"logo\":{\"@type\":\"ImageObject\",\"inLanguage\":\"en-GB\",\"@id\":\"https:\/\/semtactic.jezik.hr\/#\/schema\/logo\/image\/\",\"url\":\"https:\/\/semtactic.jezik.hr\/wp-content\/uploads\/2024\/01\/cropped-Untitled-1-lkkl.png\",\"contentUrl\":\"https:\/\/semtactic.jezik.hr\/wp-content\/uploads\/2024\/01\/cropped-Untitled-1-lkkl.png\",\"width\":1342,\"height\":681,\"caption\":\"Semtactic\"},\"image\":{\"@id\":\"https:\/\/semtactic.jezik.hr\/#\/schema\/logo\/image\/\"}}]}<\/script>\n<!-- \/ Yoast SEO plugin. -->","yoast_head_json":{"title":"Izlaganja na konferencijama - Semtactic","robots":{"index":"index","follow":"follow","max-snippet":"max-snippet:-1","max-image-preview":"max-image-preview:large","max-video-preview":"max-video-preview:-1"},"canonical":"https:\/\/semtactic.jezik.hr\/en\/izlaganja-na-konferencijama\/","og_locale":"en_GB","og_type":"article","og_title":"Izlaganja na konferencijama - Semtactic","og_description":"2026. Bra\u010d, Ivana; Batini\u0107 Angster, Mia. 2026. Verbion &#8211; semanti\u010dko-sintakti\u010dki opis hrvatskih glagola. Zadarski filolo\u0161ki dani 11. Sveu\u010dili\u0161te u Zadru. 5. i 6. o\u017eujka 2026., Zadar. 2025. Belaj, Branimir; Bra\u010d, Ivana; Nazalevi\u0107 \u010cu\u010devi\u0107, Iva. 2025. Dvadeset godina Gramatike J. Sili\u0107a i I. Pranjkovi\u0107a. (Dis)kontinuitet(i) u nacionalnoj filologiji: 150 godina kroatistike [&hellip;]","og_url":"https:\/\/semtactic.jezik.hr\/en\/izlaganja-na-konferencijama\/","og_site_name":"Semtactic","article_modified_time":"2026-03-17T13:37:21+00:00","twitter_card":"summary_large_image","twitter_misc":{"Estimated reading time":"5 minutes"},"schema":{"@context":"https:\/\/schema.org","@graph":[{"@type":"WebPage","@id":"https:\/\/semtactic.jezik.hr\/izlaganja-na-konferencijama\/","url":"https:\/\/semtactic.jezik.hr\/izlaganja-na-konferencijama\/","name":"Izlaganja na konferencijama - Semtactic","isPartOf":{"@id":"https:\/\/semtactic.jezik.hr\/#website"},"datePublished":"2024-01-12T15:26:26+00:00","dateModified":"2026-03-17T13:37:21+00:00","breadcrumb":{"@id":"https:\/\/semtactic.jezik.hr\/izlaganja-na-konferencijama\/#breadcrumb"},"inLanguage":"en-GB","potentialAction":[{"@type":"ReadAction","target":["https:\/\/semtactic.jezik.hr\/izlaganja-na-konferencijama\/"]}]},{"@type":"BreadcrumbList","@id":"https:\/\/semtactic.jezik.hr\/izlaganja-na-konferencijama\/#breadcrumb","itemListElement":[{"@type":"ListItem","position":1,"name":"Po\u010detna stranica","item":"https:\/\/semtactic.jezik.hr\/"},{"@type":"ListItem","position":2,"name":"Izlaganja na konferencijama"}]},{"@type":"WebSite","@id":"https:\/\/semtactic.jezik.hr\/#website","url":"https:\/\/semtactic.jezik.hr\/","name":"Semtactic","description":"Semanti\u010dko-sintakti\u010dka klasifikacija glagola u hrvatskom jeziku","publisher":{"@id":"https:\/\/semtactic.jezik.hr\/#organization"},"potentialAction":[{"@type":"SearchAction","target":{"@type":"EntryPoint","urlTemplate":"https:\/\/semtactic.jezik.hr\/?s={search_term_string}"},"query-input":"required name=search_term_string"}],"inLanguage":"en-GB"},{"@type":"Organization","@id":"https:\/\/semtactic.jezik.hr\/#organization","name":"Semtactic","url":"https:\/\/semtactic.jezik.hr\/","logo":{"@type":"ImageObject","inLanguage":"en-GB","@id":"https:\/\/semtactic.jezik.hr\/#\/schema\/logo\/image\/","url":"https:\/\/semtactic.jezik.hr\/wp-content\/uploads\/2024\/01\/cropped-Untitled-1-lkkl.png","contentUrl":"https:\/\/semtactic.jezik.hr\/wp-content\/uploads\/2024\/01\/cropped-Untitled-1-lkkl.png","width":1342,"height":681,"caption":"Semtactic"},"image":{"@id":"https:\/\/semtactic.jezik.hr\/#\/schema\/logo\/image\/"}}]}},"_links":{"self":[{"href":"https:\/\/semtactic.jezik.hr\/en\/wp-json\/wp\/v2\/pages\/180","targetHints":{"allow":["GET"]}}],"collection":[{"href":"https:\/\/semtactic.jezik.hr\/en\/wp-json\/wp\/v2\/pages"}],"about":[{"href":"https:\/\/semtactic.jezik.hr\/en\/wp-json\/wp\/v2\/types\/page"}],"author":[{"embeddable":true,"href":"https:\/\/semtactic.jezik.hr\/en\/wp-json\/wp\/v2\/users\/2"}],"replies":[{"embeddable":true,"href":"https:\/\/semtactic.jezik.hr\/en\/wp-json\/wp\/v2\/comments?post=180"}],"version-history":[{"count":20,"href":"https:\/\/semtactic.jezik.hr\/en\/wp-json\/wp\/v2\/pages\/180\/revisions"}],"predecessor-version":[{"id":544,"href":"https:\/\/semtactic.jezik.hr\/en\/wp-json\/wp\/v2\/pages\/180\/revisions\/544"}],"wp:attachment":[{"href":"https:\/\/semtactic.jezik.hr\/en\/wp-json\/wp\/v2\/media?parent=180"}],"curies":[{"name":"wp","href":"https:\/\/api.w.org\/{rel}","templated":true}]}}