{"id":178,"date":"2024-01-12T15:25:53","date_gmt":"2024-01-12T15:25:53","guid":{"rendered":"https:\/\/semtactic.jezik.hr\/?page_id=178"},"modified":"2026-03-17T13:33:50","modified_gmt":"2026-03-17T13:33:50","slug":"projektne-publikacije","status":"publish","type":"page","link":"https:\/\/semtactic.jezik.hr\/en\/projektne-publikacije\/","title":{"rendered":"Project publications"},"content":{"rendered":"<p>Batini\u0107 Angster, Mia. 2025. <a href=\"https:\/\/hrcak.srce.hr\/clanak\/493207\">On the voice and status of the construction <em>dati + se <\/em>+ infinitive<\/a>. <em>Rasprave Instituta za hrvatski jezik<\/em> 51\/2. 339\u2013370.<\/p>\n\n\n\n<p>Belaj, Branimir. 2025. <a href=\"https:\/\/hrcak.srce.hr\/clanak\/496233\">Jesu li povratni glagoli doista povratni?<\/a> <em>Rasprave Instituta za hrvatski jezik<\/em> 51\/2. 371\u2013401.<\/p>\n\n\n\n<p>Nazalevi\u0107 \u010cu\u010devi\u0107, Iva; Zovko Dinkovi\u0107, Irena. 2025. <a href=\"https:\/\/hrcak.srce.hr\/clanak\/495770\">Zna\u010denjski i sintakti\u010dki potencijal glagolskoga pridjeva trpnog u hrvatskome<\/a>. <em>Rasprave Instituta za hrvatski jezik<\/em> 51\/2. 529\u2013554.<\/p>\n\n\n\n<p><strong>2025.<\/strong><\/p>\n\n\n\n<p style=\"font-size:18px\">Birti\u0107, Matea; Runjai\u0107, Sini\u0161a; Sviben, Robert. 2025. <a href=\"https:\/\/aclanthology.org\/2025.depling-1.10\">Dative alternations in less-researched syntactic patterns of standard Croatian<\/a>. <em>Proceedings of the Eighth International Conference on Dependency Linguistics (Depling, SyntaxFest 2025)<\/em>. Association for Computational Linguistics. 103\u2013107.<\/p>\n\n\n\n<p>Belaj, Branimir. 2025. Slo\u017eene strukture s dopunsko-uzro\u010dnom i dopunsko-uvjetnom klauzom. Ur. Zovko Dinkovi\u0107, Irena; Raffaelli, Ida; Bari\u0161i\u0107, Marina; \u010culig Suknai\u0107, Janja.&nbsp;<em>Zapamti moje rije\u010di \u2013 Zbornik radova u \u010dast 70. ro\u0111endana profesorice Milene \u017dic Fuchs<\/em>. Hrvatska sveu\u010dili\u0161na naklada. Zagreb. 37\u201358.<\/p>\n\n\n\n<p>Bra\u010d, Ivana; Ostro\u0161ki Ani\u0107, Ana. 2025. <a href=\"https:\/\/aclanthology.org\/2025.ldk-1.7\/\">Assigning FrameNet Frames to a Croatian Verb Lexicon<\/a>. Ur. Alam. Mehwish et al. <em>Proceedings of the 5th Conference on Language, Data and Knowledge<\/em>. UniorPress Naples. Naples. 56-61.<\/p>\n\n\n\n<p>Bra\u010d, Ivana; Despot, Kristina \u0160.; Belaj, Branimir. 2025. <a href=\"https:\/\/journals.plos.org\/plosone\/article?id=10.1371\/journal.pone.0325807\">Bleating, growling, barking, and spitting: Metaphorical extensions and valency patterns of verbs of speaking<\/a>. <em>Plos one<\/em>. 1\u201331.<\/p>\n\n\n\n<p>Filipovi\u0107 Petrovi\u0107, Ivana; Beliga, Slobodan. 2025. Can AI understand Croatian idioms? Assessing large language models in lexicographic tasks. <em>Prispevki za novej\u0161o zgodovino<\/em> LXV\/3. 220-244.<\/p>\n\n\n\n<p>Werkmann Horvat, Ana; Birti\u0107,&nbsp;Matea; Gra\u010danin-Yuksek, Martina. 2025. <a href=\"https:\/\/star-linguistics.org\/article\/id\/16974\/\">How does \u2018do so\u2019 do? Testing the applicability of the \u2018do so\u2019 test in Croatian<\/a>. <em>Syntactic Theory and Research<\/em> 1.6, 50.<\/p>\n\n\n\n<p>Zovko Dinkovi\u0107, Irena; Nazalevi\u0107 \u010cu\u010devi\u0107, Iva. 2025. <a href=\"https:\/\/hrcak.srce.hr\/file\/482101\">Sintakti\u010dki i zna\u010denjski status konstrukcija s infinitivom u hrvatskome i engleskome jeziku<\/a>. <em>Jezikoslovlje <\/em>26\/1. 1\u201326.<\/p>\n\n\n\n<p><\/p>\n\n\n\n<p><\/p>\n\n\n\n<p class=\"has-medium-font-size\"><strong>2024.<\/strong><\/p>\n\n\n\n<p>Batini\u0107 Angster, Mia. 2024. <a href=\"https:\/\/morepress.unizd.hr\/books\/index.php\/press\/catalog\/book\/120\">Monoclausal configurations with infinitives in Croatian<\/a>. Ur. Batini\u0107 Angster, Mia; Angster, Marco. <em>The verbal kaleidoscope. Perspectives on the syntax and semantics of verbs<\/em>. Sveu\u010dili\u0161te u Zadru. Zadar. 63\u201392.<\/p>\n\n\n\n<p>Batini\u0107 Angster, Mia; Angster, Marco. 2024. <a href=\"https:\/\/morepress.unizd.hr\/books\/index.php\/press\/catalog\/view\/120\/126\/2012\">Introduction<\/a>. Ur. Batini\u0107 Angster, Mia; Angster, Marco. <em>The verbal kaleidoscope. Perspectives on the syntax and semantics of verbs<\/em>. Sveu\u010dili\u0161te u Zadru. Zadar. 1\u20138.<\/p>\n\n\n\n<p>Belaj, Branimir. 2024. <a href=\"https:\/\/morepress.unizd.hr\/books\/index.php\/press\/catalog\/book\/120\">Croatian middle <em>se<\/em>-constructions<\/a>. Ur. Batini\u0107 Angster, Mia; Angster, Marco. <em>The verbal kaleidoscope. Perspectives on the syntax and semantics of verbs<\/em>. Sveu\u010dili\u0161te u Zadru. Zadar. 93\u2013132.<\/p>\n\n\n\n<p>Belaj, Branimir. 2024. Hibridni tipovi subordinacije u hrvatskom jeziku. Ur. Badurina, Lada; Pala\u0161i\u0107, Nikolina. <em>Zbornik radova Rije\u010dki filolo\u0161ki dani 13<\/em>. Sveu\u010dili\u0161te u Rijeci. Rijeka. 91\u2013113.<\/p>\n\n\n\n<p>Belaj, Branimir; Matovac, Darko. 2024. <a href=\"https:\/\/ojs.zrc-sazu.si\/jz\/article\/view\/13672\/12021\">O kognitivnim temeljima distribucije i alternacije prijedloga <em>u<\/em> i <em>na<\/em> u hrvatskome jeziku<\/a>. <em>Jezikoslovni zapiski<\/em> 30\/1. 85\u2013107.<\/p>\n\n\n\n<p>Birti\u0107, Matea; Bra\u010d, Ivana. 2024. <a href=\"https:\/\/www.researchgate.net\/publication\/379828871_Tests_for_distinguishing_arguments_and_adjuncts_and_their_application_to_Croatian_locative_phrases\">Tests for distinguishing arguments and adjuncts and their application to Croatian locative phrases<\/a>. Ur. Batini\u0107 Angster, Mia; Angster, Marco. <em>The verbal kaleidoscope. Perspectives on the syntax and semantics of verbs<\/em>. Sveu\u010dili\u0161te u Zadru. Zadar. 226\u2013260.<\/p>\n\n\n\n<p>Bra\u010d, Ivana; Matijevi\u0107, Maja. 2024.<a href=\"https:\/\/www.researchgate.net\/publication\/381860775_Glagoli_-_na_primjeru_psiholoskih_glagola_i_glagola_odasiljanja_zvuka\"> Glagoli &#8211; na primjeru psiholo\u0161kih glagola i glagola oda\u0161iljanja zvuka<\/a>. Ur. Hude\u010dek, Lana; Mihaljevi\u0107, Milica; Jozi\u0107, \u017deljko. <em>Anatomija rje\u010dnika. Hrvatski mre\u017eni rje\u010dnik &#8211; Mre\u017enik<\/em>. Institut za hrvatski jezik. Zagreb. 202\u2013219.<\/p>\n\n\n\n<p>Bra\u010d, Ivana; Birti\u0107, Matea. 2024. <a href=\"https:\/\/www.academia.edu\/123845016\/Verbal_Multiword_Expressions_in_the_Croatian_Verb_Lexicon\">Verbal Multiword Expressions in the Croatian Verb Lexicon<\/a>. <em>Proceedings of the Sixth International Conference Computational Linguistics in Bulgaria (CLIB 2024)<\/em>. Bulgarian Academy of Sciences. 130\u2013139.<\/p>\n\n\n\n<p>Ga\u0161pari\u0107, Ivona; Nazalevi\u0107 \u010cu\u010devi\u0107, Iva. 2024. <a href=\"https:\/\/morepress.unizd.hr\/books\/index.php\/press\/catalog\/book\/125\">Prostor, prostorna zna\u010denja u jeziku i rani govorno-jezi\u010dni razvoj<\/a>. Ur. Ivon, Katarina; Ko\u0161ta, Tomislav; Vidakovi\u0107 Samar\u017eija, Donata. <em>Nova promi\u0161ljanja o djetinjstvu \/ Dijete i prostor. Rethinking Childhood \/ Child and Space<\/em>. Sveu\u010dili\u0161te u Zadru. Zadar. 185\u2013205.<\/p>\n\n\n\n<div style=\"height:100px\" aria-hidden=\"true\" class=\"wp-block-spacer\"><\/div>","protected":false},"excerpt":{"rendered":"<p>Batini\u0107 Angster, Mia. 2025. On the voice and status of the construction dati + se + infinitive. Rasprave Instituta za hrvatski jezik 51\/2. 339\u2013370. Belaj, Branimir. 2025. Jesu li povratni glagoli doista povratni? Rasprave Instituta za hrvatski jezik 51\/2. 371\u2013401. Nazalevi\u0107 \u010cu\u010devi\u0107, Iva; Zovko Dinkovi\u0107, Irena. 2025. Zna\u010denjski i sintakti\u010dki [&hellip;]<\/p>","protected":false},"author":2,"featured_media":0,"parent":0,"menu_order":0,"comment_status":"closed","ping_status":"closed","template":"","meta":{"footnotes":""},"class_list":["post-178","page","type-page","status-publish","hentry"],"yoast_head":"<!-- This site is optimized with the Yoast SEO plugin v22.1 - https:\/\/yoast.com\/wordpress\/plugins\/seo\/ -->\n<title>Projektne publikacije - Semtactic<\/title>\n<meta name=\"robots\" content=\"index, follow, max-snippet:-1, max-image-preview:large, max-video-preview:-1\" \/>\n<link rel=\"canonical\" href=\"https:\/\/semtactic.jezik.hr\/en\/projektne-publikacije\/\" \/>\n<meta property=\"og:locale\" content=\"en_GB\" \/>\n<meta property=\"og:type\" content=\"article\" \/>\n<meta property=\"og:title\" content=\"Projektne publikacije - Semtactic\" \/>\n<meta property=\"og:description\" content=\"Batini\u0107 Angster, Mia. 2025. On the voice and status of the construction dati + se + infinitive. Rasprave Instituta za hrvatski jezik 51\/2. 339\u2013370. Belaj, Branimir. 2025. Jesu li povratni glagoli doista povratni? Rasprave Instituta za hrvatski jezik 51\/2. 371\u2013401. Nazalevi\u0107 \u010cu\u010devi\u0107, Iva; Zovko Dinkovi\u0107, Irena. 2025. Zna\u010denjski i sintakti\u010dki [&hellip;]\" \/>\n<meta property=\"og:url\" content=\"https:\/\/semtactic.jezik.hr\/en\/projektne-publikacije\/\" \/>\n<meta property=\"og:site_name\" content=\"Semtactic\" \/>\n<meta property=\"article:modified_time\" content=\"2026-03-17T13:33:50+00:00\" \/>\n<meta name=\"twitter:card\" content=\"summary_large_image\" \/>\n<meta name=\"twitter:label1\" content=\"Estimated reading time\" \/>\n\t<meta name=\"twitter:data1\" content=\"4 minutes\" \/>\n<script type=\"application\/ld+json\" class=\"yoast-schema-graph\">{\"@context\":\"https:\/\/schema.org\",\"@graph\":[{\"@type\":\"WebPage\",\"@id\":\"https:\/\/semtactic.jezik.hr\/projektne-publikacije\/\",\"url\":\"https:\/\/semtactic.jezik.hr\/projektne-publikacije\/\",\"name\":\"Projektne publikacije - Semtactic\",\"isPartOf\":{\"@id\":\"https:\/\/semtactic.jezik.hr\/#website\"},\"datePublished\":\"2024-01-12T15:25:53+00:00\",\"dateModified\":\"2026-03-17T13:33:50+00:00\",\"breadcrumb\":{\"@id\":\"https:\/\/semtactic.jezik.hr\/projektne-publikacije\/#breadcrumb\"},\"inLanguage\":\"en-GB\",\"potentialAction\":[{\"@type\":\"ReadAction\",\"target\":[\"https:\/\/semtactic.jezik.hr\/projektne-publikacije\/\"]}]},{\"@type\":\"BreadcrumbList\",\"@id\":\"https:\/\/semtactic.jezik.hr\/projektne-publikacije\/#breadcrumb\",\"itemListElement\":[{\"@type\":\"ListItem\",\"position\":1,\"name\":\"Po\u010detna stranica\",\"item\":\"https:\/\/semtactic.jezik.hr\/\"},{\"@type\":\"ListItem\",\"position\":2,\"name\":\"Projektne publikacije\"}]},{\"@type\":\"WebSite\",\"@id\":\"https:\/\/semtactic.jezik.hr\/#website\",\"url\":\"https:\/\/semtactic.jezik.hr\/\",\"name\":\"Semtactic\",\"description\":\"Semanti\u010dko-sintakti\u010dka klasifikacija glagola u hrvatskom jeziku\",\"publisher\":{\"@id\":\"https:\/\/semtactic.jezik.hr\/#organization\"},\"potentialAction\":[{\"@type\":\"SearchAction\",\"target\":{\"@type\":\"EntryPoint\",\"urlTemplate\":\"https:\/\/semtactic.jezik.hr\/?s={search_term_string}\"},\"query-input\":\"required name=search_term_string\"}],\"inLanguage\":\"en-GB\"},{\"@type\":\"Organization\",\"@id\":\"https:\/\/semtactic.jezik.hr\/#organization\",\"name\":\"Semtactic\",\"url\":\"https:\/\/semtactic.jezik.hr\/\",\"logo\":{\"@type\":\"ImageObject\",\"inLanguage\":\"en-GB\",\"@id\":\"https:\/\/semtactic.jezik.hr\/#\/schema\/logo\/image\/\",\"url\":\"https:\/\/semtactic.jezik.hr\/wp-content\/uploads\/2024\/01\/cropped-Untitled-1-lkkl.png\",\"contentUrl\":\"https:\/\/semtactic.jezik.hr\/wp-content\/uploads\/2024\/01\/cropped-Untitled-1-lkkl.png\",\"width\":1342,\"height\":681,\"caption\":\"Semtactic\"},\"image\":{\"@id\":\"https:\/\/semtactic.jezik.hr\/#\/schema\/logo\/image\/\"}}]}<\/script>\n<!-- \/ Yoast SEO plugin. -->","yoast_head_json":{"title":"Projektne publikacije - Semtactic","robots":{"index":"index","follow":"follow","max-snippet":"max-snippet:-1","max-image-preview":"max-image-preview:large","max-video-preview":"max-video-preview:-1"},"canonical":"https:\/\/semtactic.jezik.hr\/en\/projektne-publikacije\/","og_locale":"en_GB","og_type":"article","og_title":"Projektne publikacije - Semtactic","og_description":"Batini\u0107 Angster, Mia. 2025. On the voice and status of the construction dati + se + infinitive. Rasprave Instituta za hrvatski jezik 51\/2. 339\u2013370. Belaj, Branimir. 2025. Jesu li povratni glagoli doista povratni? Rasprave Instituta za hrvatski jezik 51\/2. 371\u2013401. Nazalevi\u0107 \u010cu\u010devi\u0107, Iva; Zovko Dinkovi\u0107, Irena. 2025. Zna\u010denjski i sintakti\u010dki [&hellip;]","og_url":"https:\/\/semtactic.jezik.hr\/en\/projektne-publikacije\/","og_site_name":"Semtactic","article_modified_time":"2026-03-17T13:33:50+00:00","twitter_card":"summary_large_image","twitter_misc":{"Estimated reading time":"4 minutes"},"schema":{"@context":"https:\/\/schema.org","@graph":[{"@type":"WebPage","@id":"https:\/\/semtactic.jezik.hr\/projektne-publikacije\/","url":"https:\/\/semtactic.jezik.hr\/projektne-publikacije\/","name":"Projektne publikacije - Semtactic","isPartOf":{"@id":"https:\/\/semtactic.jezik.hr\/#website"},"datePublished":"2024-01-12T15:25:53+00:00","dateModified":"2026-03-17T13:33:50+00:00","breadcrumb":{"@id":"https:\/\/semtactic.jezik.hr\/projektne-publikacije\/#breadcrumb"},"inLanguage":"en-GB","potentialAction":[{"@type":"ReadAction","target":["https:\/\/semtactic.jezik.hr\/projektne-publikacije\/"]}]},{"@type":"BreadcrumbList","@id":"https:\/\/semtactic.jezik.hr\/projektne-publikacije\/#breadcrumb","itemListElement":[{"@type":"ListItem","position":1,"name":"Po\u010detna stranica","item":"https:\/\/semtactic.jezik.hr\/"},{"@type":"ListItem","position":2,"name":"Projektne publikacije"}]},{"@type":"WebSite","@id":"https:\/\/semtactic.jezik.hr\/#website","url":"https:\/\/semtactic.jezik.hr\/","name":"Semtactic","description":"Semanti\u010dko-sintakti\u010dka klasifikacija glagola u hrvatskom jeziku","publisher":{"@id":"https:\/\/semtactic.jezik.hr\/#organization"},"potentialAction":[{"@type":"SearchAction","target":{"@type":"EntryPoint","urlTemplate":"https:\/\/semtactic.jezik.hr\/?s={search_term_string}"},"query-input":"required name=search_term_string"}],"inLanguage":"en-GB"},{"@type":"Organization","@id":"https:\/\/semtactic.jezik.hr\/#organization","name":"Semtactic","url":"https:\/\/semtactic.jezik.hr\/","logo":{"@type":"ImageObject","inLanguage":"en-GB","@id":"https:\/\/semtactic.jezik.hr\/#\/schema\/logo\/image\/","url":"https:\/\/semtactic.jezik.hr\/wp-content\/uploads\/2024\/01\/cropped-Untitled-1-lkkl.png","contentUrl":"https:\/\/semtactic.jezik.hr\/wp-content\/uploads\/2024\/01\/cropped-Untitled-1-lkkl.png","width":1342,"height":681,"caption":"Semtactic"},"image":{"@id":"https:\/\/semtactic.jezik.hr\/#\/schema\/logo\/image\/"}}]}},"_links":{"self":[{"href":"https:\/\/semtactic.jezik.hr\/en\/wp-json\/wp\/v2\/pages\/178","targetHints":{"allow":["GET"]}}],"collection":[{"href":"https:\/\/semtactic.jezik.hr\/en\/wp-json\/wp\/v2\/pages"}],"about":[{"href":"https:\/\/semtactic.jezik.hr\/en\/wp-json\/wp\/v2\/types\/page"}],"author":[{"embeddable":true,"href":"https:\/\/semtactic.jezik.hr\/en\/wp-json\/wp\/v2\/users\/2"}],"replies":[{"embeddable":true,"href":"https:\/\/semtactic.jezik.hr\/en\/wp-json\/wp\/v2\/comments?post=178"}],"version-history":[{"count":27,"href":"https:\/\/semtactic.jezik.hr\/en\/wp-json\/wp\/v2\/pages\/178\/revisions"}],"predecessor-version":[{"id":542,"href":"https:\/\/semtactic.jezik.hr\/en\/wp-json\/wp\/v2\/pages\/178\/revisions\/542"}],"wp:attachment":[{"href":"https:\/\/semtactic.jezik.hr\/en\/wp-json\/wp\/v2\/media?parent=178"}],"curies":[{"name":"wp","href":"https:\/\/api.w.org\/{rel}","templated":true}]}}