{"id":138,"date":"2024-01-12T15:12:58","date_gmt":"2024-01-12T15:12:58","guid":{"rendered":"https:\/\/semtactic.jezik.hr\/?page_id=138"},"modified":"2024-03-04T10:34:36","modified_gmt":"2024-03-04T10:34:36","slug":"branimir-belaj","status":"publish","type":"page","link":"https:\/\/semtactic.jezik.hr\/en\/branimir-belaj\/","title":{"rendered":"Branimir Belaj"},"content":{"rendered":"<figure class=\"wp-block-image size-full is-style-rounded\"><img loading=\"lazy\" decoding=\"async\" width=\"265\" height=\"190\" src=\"https:\/\/semtactic.jezik.hr\/wp-content\/uploads\/2024\/01\/belaj-1.jpg\" alt=\"\" class=\"wp-image-139\"\/><\/figure>\n\n\n\n<div style=\"height:65px\" aria-hidden=\"true\" class=\"wp-block-spacer\"><\/div>\n\n\n\n<figure class=\"wp-block-table is-style-stripes\"><table><tbody><tr><td><strong>Name<\/strong><\/td><td>prof. dr. sc.<strong> Branimir Belaj<\/strong>, redoviti profesor u trajnom izboru<\/td><\/tr><tr><td><strong>E-mail<\/strong><\/td><td>bbelaj@ffos.hr<\/td><\/tr><tr><td><strong>Personal page<\/strong><\/td><td><a href=\"https:\/\/www.ffos.unios.hr\/nastavnik\/branimir-belaj\/\">Branimir Belaj<\/a><\/td><\/tr><tr><td><strong>Publications<\/strong><\/td><td><a href=\"https:\/\/www.croris.hr\/osobe\/profil\/5242\">CroRIS<\/a><\/td><\/tr><tr><td><strong>Education<\/strong><\/td><td>1997. \u2013 2001. \u2013 Poslijediplomski doktorski studij lingvistike, Filozofski fakultet u Zagrebu<br>1992. \u2013 1996. \u2013 studij Hrvatskoga jezika i knji\u017eevnosti, Pedago\u0161ki fakultet u Osijeku <\/td><\/tr><tr><td><strong>Work experience<\/strong><\/td><td>2018. \u2013 redoviti profesor u trajnom izboru, Odsjek za kroatistiku, Filozofski fakultet Osijek<br>2013. \u2013 2018. \u2013 redoviti profesor, Odsjek za kroatistiku, Filozofski fakultet Osijek <br>2008. \u2013 2013. \u2013 izvanredni profesor, Odsjek za kroatistiku, Filozofski fakultet Osijek <br>2004. \u2013 2008. \u2013 docent, Odsjek za kroatistiku, Filozofski fakultet Osijek <br>2001. \u2013 2004. \u2013 vi\u0161i asistent, Odsjek za kroatistiku, Pedago\u0161ki fakultet u Osijeku <br>1998. \u2013 2001. \u2013 mla\u0111i asistent, Odsjek za kroatistiku, Pedago\u0161ki fakultet u Osijeku <\/td><\/tr><tr><td><strong>Projects<\/strong><\/td><td><em>Sintakti\u010dka i semanti\u010dka analiza dopuna i dodataka u hrvatskom jeziku <\/em>\u2013 SARGADA (2019\u201304\u20137896)<\/td><\/tr><tr><td><strong>Teaching<\/strong><\/td><td>&#8211; <em>Osnove jezi\u010dne kulture<\/em>, Odsjek za kroatistiku, Filozofski fakultet Osijek<br>&#8211; <em>Kognitivna lingvistika<\/em>, Odsjek za kroatistiku, Filozofski fakultet Osijek<br>&#8211; <em>Suvremene lingvisti\u010dke teorije<\/em>, Odsjek za kroatistiku, Filozofski fakultet Osijek &#8211; <em>Hrvatski jezik za prevoditelje 1<\/em> i <em>2<\/em>, Odsjek za anglistiku, Filozofski fakultet Osijek<br>&#8211; <em>Europski strukturalizam<\/em>, Poslijediplomski doktorski studij Jezikoslovlje, Filozofski fakultet Osijek<br>&#8211; <em>Generativna gramatika<\/em>, Poslijediplomski doktorski studij Jezikoslovlje, Filozofski fakultet Osijek<br>&#8211; <em>Kognitivna lingvistika<\/em>, Poslijediplomski doktorski studij Jezikoslovlje, Filozofski fakultet Osijek<br>&#8211; <em>Fonologija<\/em>, Poslijediplomski doktorski studij Jezikoslovlje, Filozofski fakultet Osijek<br>&#8211; <em>Sintaksa<\/em>, Poslijediplomski doktorski studij Jezikoslovlje, Filozofski fakultet Osijek<\/td><\/tr><tr><td><strong>Honors and awards<\/strong><\/td><td>&#8211; Nagrada za znanstveni rad Filozofskoga fakulteta Osijek za 2016. i 2017. g.<br>&#8211; Nagrada za izvrsnost u znanosti Filozofskoga fakulteta Osijek<br>&#8211; Nagrada \u201eAdolfo Veber Tkal\u010devi\u0107\u201c 2021. g. za osobit doprinos prou\u010davanju sintakse hrvatskoga jezika Sveu\u010dili\u0161ta J. J. Strosmayera. &nbsp;<\/td><\/tr><tr><td><strong>Key research interest<\/strong><\/td><td>funkcionalni pristupi gramatici, kognitivna lingvistika (s naglaskom na konstrukcijskim pristupima gramatici, osobito kognitivna gramatika i njezina primjena na morfosintaksu hrvatskoga jezika), teorijska lingvistika, sociolingvistika<\/td><\/tr><\/tbody><\/table><\/figure>\n\n\n\n<p><\/p>","protected":false},"excerpt":{"rendered":"<p>Ime i prezime prof. dr. sc. Branimir Belaj, redoviti profesor u trajnom izboru Adresa e-po\u0161te bbelaj@ffos.hr Osobna stranica Branimir Belaj Bibliografija CroRIS Obrazovanje 1997. \u2013 2001. \u2013 Poslijediplomski doktorski studij lingvistike, Filozofski fakultet u Zagrebu1992. \u2013 1996. \u2013 studij Hrvatskoga jezika i knji\u017eevnosti, Pedago\u0161ki fakultet u Osijeku Radna mjesta 2018. [&hellip;]<\/p>","protected":false},"author":2,"featured_media":0,"parent":0,"menu_order":0,"comment_status":"closed","ping_status":"closed","template":"","meta":{"footnotes":""},"class_list":["post-138","page","type-page","status-publish","hentry"],"yoast_head":"<!-- This site is optimized with the Yoast SEO plugin v22.1 - https:\/\/yoast.com\/wordpress\/plugins\/seo\/ -->\n<title>Branimir Belaj - Semtactic<\/title>\n<meta name=\"robots\" content=\"index, follow, max-snippet:-1, max-image-preview:large, max-video-preview:-1\" \/>\n<link rel=\"canonical\" href=\"https:\/\/semtactic.jezik.hr\/en\/branimir-belaj\/\" \/>\n<meta property=\"og:locale\" content=\"en_GB\" \/>\n<meta property=\"og:type\" content=\"article\" \/>\n<meta property=\"og:title\" content=\"Branimir Belaj - Semtactic\" \/>\n<meta property=\"og:description\" content=\"Ime i prezime prof. dr. sc. Branimir Belaj, redoviti profesor u trajnom izboru Adresa e-po\u0161te bbelaj@ffos.hr Osobna stranica Branimir Belaj Bibliografija CroRIS Obrazovanje 1997. \u2013 2001. \u2013 Poslijediplomski doktorski studij lingvistike, Filozofski fakultet u Zagrebu1992. \u2013 1996. \u2013 studij Hrvatskoga jezika i knji\u017eevnosti, Pedago\u0161ki fakultet u Osijeku Radna mjesta 2018. [&hellip;]\" \/>\n<meta property=\"og:url\" content=\"https:\/\/semtactic.jezik.hr\/en\/branimir-belaj\/\" \/>\n<meta property=\"og:site_name\" content=\"Semtactic\" \/>\n<meta property=\"article:modified_time\" content=\"2024-03-04T10:34:36+00:00\" \/>\n<meta property=\"og:image\" content=\"https:\/\/semtactic.jezik.hr\/wp-content\/uploads\/2024\/01\/belaj-1.jpg\" \/>\n<meta name=\"twitter:card\" content=\"summary_large_image\" \/>\n<meta name=\"twitter:label1\" content=\"Estimated reading time\" \/>\n\t<meta name=\"twitter:data1\" content=\"2 minutes\" \/>\n<script type=\"application\/ld+json\" class=\"yoast-schema-graph\">{\"@context\":\"https:\/\/schema.org\",\"@graph\":[{\"@type\":\"WebPage\",\"@id\":\"https:\/\/semtactic.jezik.hr\/branimir-belaj\/\",\"url\":\"https:\/\/semtactic.jezik.hr\/branimir-belaj\/\",\"name\":\"Branimir Belaj - Semtactic\",\"isPartOf\":{\"@id\":\"https:\/\/semtactic.jezik.hr\/#website\"},\"datePublished\":\"2024-01-12T15:12:58+00:00\",\"dateModified\":\"2024-03-04T10:34:36+00:00\",\"breadcrumb\":{\"@id\":\"https:\/\/semtactic.jezik.hr\/branimir-belaj\/#breadcrumb\"},\"inLanguage\":\"en-GB\",\"potentialAction\":[{\"@type\":\"ReadAction\",\"target\":[\"https:\/\/semtactic.jezik.hr\/branimir-belaj\/\"]}]},{\"@type\":\"BreadcrumbList\",\"@id\":\"https:\/\/semtactic.jezik.hr\/branimir-belaj\/#breadcrumb\",\"itemListElement\":[{\"@type\":\"ListItem\",\"position\":1,\"name\":\"Po\u010detna stranica\",\"item\":\"https:\/\/semtactic.jezik.hr\/\"},{\"@type\":\"ListItem\",\"position\":2,\"name\":\"Branimir Belaj\"}]},{\"@type\":\"WebSite\",\"@id\":\"https:\/\/semtactic.jezik.hr\/#website\",\"url\":\"https:\/\/semtactic.jezik.hr\/\",\"name\":\"Semtactic\",\"description\":\"Semanti\u010dko-sintakti\u010dka klasifikacija glagola u hrvatskom jeziku\",\"publisher\":{\"@id\":\"https:\/\/semtactic.jezik.hr\/#organization\"},\"potentialAction\":[{\"@type\":\"SearchAction\",\"target\":{\"@type\":\"EntryPoint\",\"urlTemplate\":\"https:\/\/semtactic.jezik.hr\/?s={search_term_string}\"},\"query-input\":\"required name=search_term_string\"}],\"inLanguage\":\"en-GB\"},{\"@type\":\"Organization\",\"@id\":\"https:\/\/semtactic.jezik.hr\/#organization\",\"name\":\"Semtactic\",\"url\":\"https:\/\/semtactic.jezik.hr\/\",\"logo\":{\"@type\":\"ImageObject\",\"inLanguage\":\"en-GB\",\"@id\":\"https:\/\/semtactic.jezik.hr\/#\/schema\/logo\/image\/\",\"url\":\"https:\/\/semtactic.jezik.hr\/wp-content\/uploads\/2024\/01\/cropped-Untitled-1-lkkl.png\",\"contentUrl\":\"https:\/\/semtactic.jezik.hr\/wp-content\/uploads\/2024\/01\/cropped-Untitled-1-lkkl.png\",\"width\":1342,\"height\":681,\"caption\":\"Semtactic\"},\"image\":{\"@id\":\"https:\/\/semtactic.jezik.hr\/#\/schema\/logo\/image\/\"}}]}<\/script>\n<!-- \/ Yoast SEO plugin. -->","yoast_head_json":{"title":"Branimir Belaj - Semtactic","robots":{"index":"index","follow":"follow","max-snippet":"max-snippet:-1","max-image-preview":"max-image-preview:large","max-video-preview":"max-video-preview:-1"},"canonical":"https:\/\/semtactic.jezik.hr\/en\/branimir-belaj\/","og_locale":"en_GB","og_type":"article","og_title":"Branimir Belaj - Semtactic","og_description":"Ime i prezime prof. dr. sc. Branimir Belaj, redoviti profesor u trajnom izboru Adresa e-po\u0161te bbelaj@ffos.hr Osobna stranica Branimir Belaj Bibliografija CroRIS Obrazovanje 1997. \u2013 2001. \u2013 Poslijediplomski doktorski studij lingvistike, Filozofski fakultet u Zagrebu1992. \u2013 1996. \u2013 studij Hrvatskoga jezika i knji\u017eevnosti, Pedago\u0161ki fakultet u Osijeku Radna mjesta 2018. [&hellip;]","og_url":"https:\/\/semtactic.jezik.hr\/en\/branimir-belaj\/","og_site_name":"Semtactic","article_modified_time":"2024-03-04T10:34:36+00:00","og_image":[{"url":"https:\/\/semtactic.jezik.hr\/wp-content\/uploads\/2024\/01\/belaj-1.jpg"}],"twitter_card":"summary_large_image","twitter_misc":{"Estimated reading time":"2 minutes"},"schema":{"@context":"https:\/\/schema.org","@graph":[{"@type":"WebPage","@id":"https:\/\/semtactic.jezik.hr\/branimir-belaj\/","url":"https:\/\/semtactic.jezik.hr\/branimir-belaj\/","name":"Branimir Belaj - Semtactic","isPartOf":{"@id":"https:\/\/semtactic.jezik.hr\/#website"},"datePublished":"2024-01-12T15:12:58+00:00","dateModified":"2024-03-04T10:34:36+00:00","breadcrumb":{"@id":"https:\/\/semtactic.jezik.hr\/branimir-belaj\/#breadcrumb"},"inLanguage":"en-GB","potentialAction":[{"@type":"ReadAction","target":["https:\/\/semtactic.jezik.hr\/branimir-belaj\/"]}]},{"@type":"BreadcrumbList","@id":"https:\/\/semtactic.jezik.hr\/branimir-belaj\/#breadcrumb","itemListElement":[{"@type":"ListItem","position":1,"name":"Po\u010detna stranica","item":"https:\/\/semtactic.jezik.hr\/"},{"@type":"ListItem","position":2,"name":"Branimir Belaj"}]},{"@type":"WebSite","@id":"https:\/\/semtactic.jezik.hr\/#website","url":"https:\/\/semtactic.jezik.hr\/","name":"Semtactic","description":"Semanti\u010dko-sintakti\u010dka klasifikacija glagola u hrvatskom jeziku","publisher":{"@id":"https:\/\/semtactic.jezik.hr\/#organization"},"potentialAction":[{"@type":"SearchAction","target":{"@type":"EntryPoint","urlTemplate":"https:\/\/semtactic.jezik.hr\/?s={search_term_string}"},"query-input":"required name=search_term_string"}],"inLanguage":"en-GB"},{"@type":"Organization","@id":"https:\/\/semtactic.jezik.hr\/#organization","name":"Semtactic","url":"https:\/\/semtactic.jezik.hr\/","logo":{"@type":"ImageObject","inLanguage":"en-GB","@id":"https:\/\/semtactic.jezik.hr\/#\/schema\/logo\/image\/","url":"https:\/\/semtactic.jezik.hr\/wp-content\/uploads\/2024\/01\/cropped-Untitled-1-lkkl.png","contentUrl":"https:\/\/semtactic.jezik.hr\/wp-content\/uploads\/2024\/01\/cropped-Untitled-1-lkkl.png","width":1342,"height":681,"caption":"Semtactic"},"image":{"@id":"https:\/\/semtactic.jezik.hr\/#\/schema\/logo\/image\/"}}]}},"_links":{"self":[{"href":"https:\/\/semtactic.jezik.hr\/en\/wp-json\/wp\/v2\/pages\/138","targetHints":{"allow":["GET"]}}],"collection":[{"href":"https:\/\/semtactic.jezik.hr\/en\/wp-json\/wp\/v2\/pages"}],"about":[{"href":"https:\/\/semtactic.jezik.hr\/en\/wp-json\/wp\/v2\/types\/page"}],"author":[{"embeddable":true,"href":"https:\/\/semtactic.jezik.hr\/en\/wp-json\/wp\/v2\/users\/2"}],"replies":[{"embeddable":true,"href":"https:\/\/semtactic.jezik.hr\/en\/wp-json\/wp\/v2\/comments?post=138"}],"version-history":[{"count":5,"href":"https:\/\/semtactic.jezik.hr\/en\/wp-json\/wp\/v2\/pages\/138\/revisions"}],"predecessor-version":[{"id":326,"href":"https:\/\/semtactic.jezik.hr\/en\/wp-json\/wp\/v2\/pages\/138\/revisions\/326"}],"wp:attachment":[{"href":"https:\/\/semtactic.jezik.hr\/en\/wp-json\/wp\/v2\/media?parent=138"}],"curies":[{"name":"wp","href":"https:\/\/api.w.org\/{rel}","templated":true}]}}