{"id":132,"date":"2024-01-12T15:11:00","date_gmt":"2024-01-12T15:11:00","guid":{"rendered":"https:\/\/semtactic.jezik.hr\/?page_id=132"},"modified":"2025-09-03T10:21:49","modified_gmt":"2025-09-03T10:21:49","slug":"sinisa-runjaic","status":"publish","type":"page","link":"https:\/\/semtactic.jezik.hr\/en\/sinisa-runjaic\/","title":{"rendered":"Sini\u0161a Runjai\u0107"},"content":{"rendered":"<figure class=\"wp-block-image size-full is-style-rounded\"><img loading=\"lazy\" decoding=\"async\" width=\"120\" height=\"120\" src=\"https:\/\/semtactic.jezik.hr\/wp-content\/uploads\/2024\/01\/sini-1.jpg\" alt=\"\" class=\"wp-image-133\"\/><\/figure>\n\n\n\n<div style=\"height:55px\" aria-hidden=\"true\" class=\"wp-block-spacer\"><\/div>\n\n\n\n<figure class=\"wp-block-table is-style-stripes\"><table><tbody><tr><td><strong>Name<\/strong><\/td><td><strong>Sini\u0161a Runjai\u0107<\/strong>, stru\u010dni savjetnik<\/td><\/tr><tr><td><strong>E-mail<\/strong><\/td><td>srunjaic@ihjj.hr<\/td><\/tr><tr><td><strong>Personal page<\/strong><\/td><td><a href=\"http:\/\/ihjj.hr\/istrazivac\/sinisa-runjaic\/5\/\">Sini\u0161a Runjai\u0107<\/a><\/td><\/tr><tr><td><strong>Education<\/strong><\/td><td>1991. \u2013 1999. diplomirani komparatist knji\u017eevnosti i op\u0107i lingvist, Filozofski fakultet Sveu\u010dili\u0161ta u Zagrebu <br>1987. \u2013 1991. prirodoslovno-matemati\u010dki tehni\u010dar, Gimnazija Sisak<\/td><\/tr><tr><td><strong>Work experience<\/strong><\/td><td>Od 2008. Vi\u0161i stru\u010dni suradnik u Institutu za hrvatski jezik i jezikoslovlje <br>2006. \u2013 2008. Stru\u010dni suradnik u Institutu za hrvatski jezik i jezikoslovlje <br>2000. \u2013 2006. Stru\u010dni suradnik knji\u017eni\u010dar u Gimnaziji Sisak<\/td><\/tr><tr><td><strong>Projects<\/strong><\/td><td>2020. \u2013 2024.<a> <em>Sintakti\u010dka i semanti\u010dka analiza dopuna i dodataka u hrvatskom jeziku<\/em> (SARGADA)<\/a>, IP-2019-04-7896, voditeljica projekta dr. sc. Matea Birti\u0107<br>2019. \u2013 2021. <em>Hrvatsko jezikoslovno nazivlje \u2013 JENA<\/em>, HRZZ-Struna-2017-09-05, voditeljica projekta dr. sc. Milica Mihaljevi\u0107 <br>2011. \u2013 2018. program Izgradnja hrvatskoga strukovnog nazivlja (Struna), HRZZ, \u0161est projekata<\/td><\/tr><tr><td><strong>International cooperation<\/strong><\/td><td>Od 2022. <em>Universality, diversity and idiosyncrasy in language technology<\/em> (UniDive), COST action, CA21167<\/td><\/tr><tr><td><strong>Key research interest<\/strong><\/td><td>sintaksa, terminologija, ra\u010dunalno jezikoslovlje<\/td><\/tr><\/tbody><\/table><\/figure>\n\n\n\n<div style=\"height:46px\" aria-hidden=\"true\" class=\"wp-block-spacer\"><\/div>","protected":false},"excerpt":{"rendered":"<p>Ime i prezime Sini\u0161a Runjai\u0107, stru\u010dni savjetnik Adresa e-po\u0161te srunjaic@ihjj.hr Osobna stranica Sini\u0161a Runjai\u0107 Obrazovanje 1991. \u2013 1999. diplomirani komparatist knji\u017eevnosti i op\u0107i lingvist, Filozofski fakultet Sveu\u010dili\u0161ta u Zagrebu 1987. \u2013 1991. prirodoslovno-matemati\u010dki tehni\u010dar, Gimnazija Sisak Radna mjesta Od 2008. Vi\u0161i stru\u010dni suradnik u Institutu za hrvatski jezik i jezikoslovlje [&hellip;]<\/p>","protected":false},"author":2,"featured_media":0,"parent":0,"menu_order":0,"comment_status":"closed","ping_status":"closed","template":"","meta":{"footnotes":""},"class_list":["post-132","page","type-page","status-publish","hentry"],"yoast_head":"<!-- This site is optimized with the Yoast SEO plugin v22.1 - https:\/\/yoast.com\/wordpress\/plugins\/seo\/ -->\n<title>Sini\u0161a Runjai\u0107 - Semtactic<\/title>\n<meta name=\"robots\" content=\"index, follow, max-snippet:-1, max-image-preview:large, max-video-preview:-1\" \/>\n<link rel=\"canonical\" href=\"https:\/\/semtactic.jezik.hr\/en\/sinisa-runjaic\/\" \/>\n<meta property=\"og:locale\" content=\"en_GB\" \/>\n<meta property=\"og:type\" content=\"article\" \/>\n<meta property=\"og:title\" content=\"Sini\u0161a Runjai\u0107 - Semtactic\" \/>\n<meta property=\"og:description\" content=\"Ime i prezime Sini\u0161a Runjai\u0107, stru\u010dni savjetnik Adresa e-po\u0161te srunjaic@ihjj.hr Osobna stranica Sini\u0161a Runjai\u0107 Obrazovanje 1991. \u2013 1999. diplomirani komparatist knji\u017eevnosti i op\u0107i lingvist, Filozofski fakultet Sveu\u010dili\u0161ta u Zagrebu 1987. \u2013 1991. prirodoslovno-matemati\u010dki tehni\u010dar, Gimnazija Sisak Radna mjesta Od 2008. Vi\u0161i stru\u010dni suradnik u Institutu za hrvatski jezik i jezikoslovlje [&hellip;]\" \/>\n<meta property=\"og:url\" content=\"https:\/\/semtactic.jezik.hr\/en\/sinisa-runjaic\/\" \/>\n<meta property=\"og:site_name\" content=\"Semtactic\" \/>\n<meta property=\"article:modified_time\" content=\"2025-09-03T10:21:49+00:00\" \/>\n<meta property=\"og:image\" content=\"https:\/\/semtactic.jezik.hr\/wp-content\/uploads\/2024\/01\/sini-1.jpg\" \/>\n<meta name=\"twitter:card\" content=\"summary_large_image\" \/>\n<meta name=\"twitter:label1\" content=\"Estimated reading time\" \/>\n\t<meta name=\"twitter:data1\" content=\"1 minute\" \/>\n<script type=\"application\/ld+json\" class=\"yoast-schema-graph\">{\"@context\":\"https:\/\/schema.org\",\"@graph\":[{\"@type\":\"WebPage\",\"@id\":\"https:\/\/semtactic.jezik.hr\/sinisa-runjaic\/\",\"url\":\"https:\/\/semtactic.jezik.hr\/sinisa-runjaic\/\",\"name\":\"Sini\u0161a Runjai\u0107 - Semtactic\",\"isPartOf\":{\"@id\":\"https:\/\/semtactic.jezik.hr\/#website\"},\"datePublished\":\"2024-01-12T15:11:00+00:00\",\"dateModified\":\"2025-09-03T10:21:49+00:00\",\"breadcrumb\":{\"@id\":\"https:\/\/semtactic.jezik.hr\/sinisa-runjaic\/#breadcrumb\"},\"inLanguage\":\"en-GB\",\"potentialAction\":[{\"@type\":\"ReadAction\",\"target\":[\"https:\/\/semtactic.jezik.hr\/sinisa-runjaic\/\"]}]},{\"@type\":\"BreadcrumbList\",\"@id\":\"https:\/\/semtactic.jezik.hr\/sinisa-runjaic\/#breadcrumb\",\"itemListElement\":[{\"@type\":\"ListItem\",\"position\":1,\"name\":\"Po\u010detna stranica\",\"item\":\"https:\/\/semtactic.jezik.hr\/\"},{\"@type\":\"ListItem\",\"position\":2,\"name\":\"Sini\u0161a Runjai\u0107\"}]},{\"@type\":\"WebSite\",\"@id\":\"https:\/\/semtactic.jezik.hr\/#website\",\"url\":\"https:\/\/semtactic.jezik.hr\/\",\"name\":\"Semtactic\",\"description\":\"Semanti\u010dko-sintakti\u010dka klasifikacija glagola u hrvatskom jeziku\",\"publisher\":{\"@id\":\"https:\/\/semtactic.jezik.hr\/#organization\"},\"potentialAction\":[{\"@type\":\"SearchAction\",\"target\":{\"@type\":\"EntryPoint\",\"urlTemplate\":\"https:\/\/semtactic.jezik.hr\/?s={search_term_string}\"},\"query-input\":\"required name=search_term_string\"}],\"inLanguage\":\"en-GB\"},{\"@type\":\"Organization\",\"@id\":\"https:\/\/semtactic.jezik.hr\/#organization\",\"name\":\"Semtactic\",\"url\":\"https:\/\/semtactic.jezik.hr\/\",\"logo\":{\"@type\":\"ImageObject\",\"inLanguage\":\"en-GB\",\"@id\":\"https:\/\/semtactic.jezik.hr\/#\/schema\/logo\/image\/\",\"url\":\"https:\/\/semtactic.jezik.hr\/wp-content\/uploads\/2024\/01\/cropped-Untitled-1-lkkl.png\",\"contentUrl\":\"https:\/\/semtactic.jezik.hr\/wp-content\/uploads\/2024\/01\/cropped-Untitled-1-lkkl.png\",\"width\":1342,\"height\":681,\"caption\":\"Semtactic\"},\"image\":{\"@id\":\"https:\/\/semtactic.jezik.hr\/#\/schema\/logo\/image\/\"}}]}<\/script>\n<!-- \/ Yoast SEO plugin. -->","yoast_head_json":{"title":"Sini\u0161a Runjai\u0107 - Semtactic","robots":{"index":"index","follow":"follow","max-snippet":"max-snippet:-1","max-image-preview":"max-image-preview:large","max-video-preview":"max-video-preview:-1"},"canonical":"https:\/\/semtactic.jezik.hr\/en\/sinisa-runjaic\/","og_locale":"en_GB","og_type":"article","og_title":"Sini\u0161a Runjai\u0107 - Semtactic","og_description":"Ime i prezime Sini\u0161a Runjai\u0107, stru\u010dni savjetnik Adresa e-po\u0161te srunjaic@ihjj.hr Osobna stranica Sini\u0161a Runjai\u0107 Obrazovanje 1991. \u2013 1999. diplomirani komparatist knji\u017eevnosti i op\u0107i lingvist, Filozofski fakultet Sveu\u010dili\u0161ta u Zagrebu 1987. \u2013 1991. prirodoslovno-matemati\u010dki tehni\u010dar, Gimnazija Sisak Radna mjesta Od 2008. Vi\u0161i stru\u010dni suradnik u Institutu za hrvatski jezik i jezikoslovlje [&hellip;]","og_url":"https:\/\/semtactic.jezik.hr\/en\/sinisa-runjaic\/","og_site_name":"Semtactic","article_modified_time":"2025-09-03T10:21:49+00:00","og_image":[{"url":"https:\/\/semtactic.jezik.hr\/wp-content\/uploads\/2024\/01\/sini-1.jpg"}],"twitter_card":"summary_large_image","twitter_misc":{"Estimated reading time":"1 minute"},"schema":{"@context":"https:\/\/schema.org","@graph":[{"@type":"WebPage","@id":"https:\/\/semtactic.jezik.hr\/sinisa-runjaic\/","url":"https:\/\/semtactic.jezik.hr\/sinisa-runjaic\/","name":"Sini\u0161a Runjai\u0107 - Semtactic","isPartOf":{"@id":"https:\/\/semtactic.jezik.hr\/#website"},"datePublished":"2024-01-12T15:11:00+00:00","dateModified":"2025-09-03T10:21:49+00:00","breadcrumb":{"@id":"https:\/\/semtactic.jezik.hr\/sinisa-runjaic\/#breadcrumb"},"inLanguage":"en-GB","potentialAction":[{"@type":"ReadAction","target":["https:\/\/semtactic.jezik.hr\/sinisa-runjaic\/"]}]},{"@type":"BreadcrumbList","@id":"https:\/\/semtactic.jezik.hr\/sinisa-runjaic\/#breadcrumb","itemListElement":[{"@type":"ListItem","position":1,"name":"Po\u010detna stranica","item":"https:\/\/semtactic.jezik.hr\/"},{"@type":"ListItem","position":2,"name":"Sini\u0161a Runjai\u0107"}]},{"@type":"WebSite","@id":"https:\/\/semtactic.jezik.hr\/#website","url":"https:\/\/semtactic.jezik.hr\/","name":"Semtactic","description":"Semanti\u010dko-sintakti\u010dka klasifikacija glagola u hrvatskom jeziku","publisher":{"@id":"https:\/\/semtactic.jezik.hr\/#organization"},"potentialAction":[{"@type":"SearchAction","target":{"@type":"EntryPoint","urlTemplate":"https:\/\/semtactic.jezik.hr\/?s={search_term_string}"},"query-input":"required name=search_term_string"}],"inLanguage":"en-GB"},{"@type":"Organization","@id":"https:\/\/semtactic.jezik.hr\/#organization","name":"Semtactic","url":"https:\/\/semtactic.jezik.hr\/","logo":{"@type":"ImageObject","inLanguage":"en-GB","@id":"https:\/\/semtactic.jezik.hr\/#\/schema\/logo\/image\/","url":"https:\/\/semtactic.jezik.hr\/wp-content\/uploads\/2024\/01\/cropped-Untitled-1-lkkl.png","contentUrl":"https:\/\/semtactic.jezik.hr\/wp-content\/uploads\/2024\/01\/cropped-Untitled-1-lkkl.png","width":1342,"height":681,"caption":"Semtactic"},"image":{"@id":"https:\/\/semtactic.jezik.hr\/#\/schema\/logo\/image\/"}}]}},"_links":{"self":[{"href":"https:\/\/semtactic.jezik.hr\/en\/wp-json\/wp\/v2\/pages\/132","targetHints":{"allow":["GET"]}}],"collection":[{"href":"https:\/\/semtactic.jezik.hr\/en\/wp-json\/wp\/v2\/pages"}],"about":[{"href":"https:\/\/semtactic.jezik.hr\/en\/wp-json\/wp\/v2\/types\/page"}],"author":[{"embeddable":true,"href":"https:\/\/semtactic.jezik.hr\/en\/wp-json\/wp\/v2\/users\/2"}],"replies":[{"embeddable":true,"href":"https:\/\/semtactic.jezik.hr\/en\/wp-json\/wp\/v2\/comments?post=132"}],"version-history":[{"count":8,"href":"https:\/\/semtactic.jezik.hr\/en\/wp-json\/wp\/v2\/pages\/132\/revisions"}],"predecessor-version":[{"id":498,"href":"https:\/\/semtactic.jezik.hr\/en\/wp-json\/wp\/v2\/pages\/132\/revisions\/498"}],"wp:attachment":[{"href":"https:\/\/semtactic.jezik.hr\/en\/wp-json\/wp\/v2\/media?parent=132"}],"curies":[{"name":"wp","href":"https:\/\/api.w.org\/{rel}","templated":true}]}}