{"id":126,"date":"2024-01-12T15:08:52","date_gmt":"2024-01-12T15:08:52","guid":{"rendered":"https:\/\/semtactic.jezik.hr\/?page_id=126"},"modified":"2024-01-26T13:51:40","modified_gmt":"2024-01-26T13:51:40","slug":"matea-birtic","status":"publish","type":"page","link":"https:\/\/semtactic.jezik.hr\/en\/matea-birtic\/","title":{"rendered":"Matea Birti\u0107"},"content":{"rendered":"<figure class=\"wp-block-image size-full is-style-rounded\"><img loading=\"lazy\" decoding=\"async\" width=\"120\" height=\"120\" src=\"https:\/\/semtactic.jezik.hr\/wp-content\/uploads\/2024\/01\/Matea-1.jpg\" alt=\"\" class=\"wp-image-127\"\/><\/figure>\n\n\n\n<div style=\"height:55px\" aria-hidden=\"true\" class=\"wp-block-spacer\"><\/div>\n\n\n\n<figure class=\"wp-block-table is-style-stripes\"><table><tbody><tr><td><strong>Name<\/strong><\/td><td>- <strong>Matea Andrea Birti\u0107<\/strong>, znanstvena savjetnica u trajnom izboru<\/td><\/tr><tr><td><strong>E-mail<\/strong><\/td><td>mbirtic@ihjj.hr<\/td><\/tr><tr><td><strong>Personal page<\/strong><\/td><td><a href=\"http:\/\/ihjj.hr\/istrazivac\/matea-birtic\/58\/\">Matea Birti\u0107<\/a><\/td><\/tr><tr><td><strong>Publications<\/strong><\/td><td><a href=\"https:\/\/www.croris.hr\/osobe\/profil\/3842\">CroRIS<\/a><\/td><\/tr><tr><td><strong>Education<\/strong><\/td><td>2004. doktor humanisti\u010dkih znanosti, Filozofski fakultet Sveu\u010dili\u0161ta u Zagrebu<br>1996. magistar znanosti, Sveu\u010dili\u0161te u Troms\u00f8u, Norve\u0161ka<br>1995. diploma iz povijesti umjetnosti i op\u0107e lingvistike, Filozofski fakultet Sveu\u010dili\u0161ta u Zagrebu<\/td><\/tr><tr><td><strong>Work experience<\/strong><\/td><td>znanstvena savjetnica na Odjelu za jezikoslovlje u Institutu za hrvatski jezik<\/td><\/tr><tr><td><strong>Scholarships<\/strong><\/td><td>1995.\u20131997. Stipendija Kraljevine Norve\u0161ke za poslijediplomski studij iz generativne skandinavske lingvistike na Sveu\u010dili\u0161tu Troms\u00f8 (danas Arkti\u010dko sveu\u010dili\u0161te Troms\u00f8), Norve\u0161ka<\/td><\/tr><tr><td><strong>Projects<\/strong><\/td><td>2020. \u2013 2024. <em>Sintakti\u010dka i semanti\u010dka analiza dopuna i dodataka u hrvatskom jeziku <\/em>(SARGADA), HRZZ-IP-2019-04-7896, voditeljica<br>2019. \u2013 2020. <em>Hrvatsko jezikoslovno nazivlje<\/em> (JENA), HRZZ-Struna-2017-09-05, voditeljica dr. sc. Milica Mihaljevi\u0107<br>2017. \u2013 2021. <em>Hrvatski mre\u017eni rje\u010dnik<\/em> (MRE\u017dNIk), HRZZ-IP-2016-06-2141, voditeljica dr. sc. Lana Hude\u010dek<br>2013. \u2013 2020. <em>Baza hrvatskih glagolskih valencija<\/em>, IHJJ, voditeljica <\/td><\/tr><tr><td><strong>Teaching<\/strong><\/td><td>2011. \u2013 2013. <em>Sintaksa i semantika hrvatskih glagola<\/em>, diplomski studij, Odsjek za kroatistiku, Filozofski fakultet Sveu\u010dili\u0161ta u Zagrebu <br>2009. <em>Op\u0107a lingvistika<\/em>,&nbsp;diplomski sudij, Studij filozofije, Hrvatski studiji Sveu\u010dili\u0161ta u Zagrebu. <br>2006. \u2013 2007. <em>\u017divot jezika: jezi\u010dna raznolikost, vi\u0161ejezi\u010dnost i izumiranje jezika<\/em>, Odsjek kroatologije Hrvatskih studija Sveu\u010dili\u0161ta u Zagrebu <br>2001. \u2013 2006. <em>Lingvistika<\/em>, Odsjek sociologije Hrvatskih studija Sveu\u010dili\u0161ta u Zagrebu <br>1999. \u2013 2001. <em>Sintakti\u010dki opis<\/em>, dodiplomski studij op\u0107e lingvistike, Filozofski fakultet u Zagrebu Sveu\u010dili\u0161ta u Zagrebu<\/td><\/tr><tr><td><strong>International cooperation<\/strong><\/td><td>&#8211; poslijediplomski studij na Sveu\u010dili\u0161tu Troms\u00f8 <br>&#8211; <em>Parsing and multi-word expressions. Towards linguistic precision and computational efficiency in natural language processing <\/em>(PARSEME), COST action, IC1207<\/td><\/tr><tr><td><strong>Honors and awards<\/strong><\/td><td>2013. Nagrada Ivan Filipovi\u0107 za rad na&nbsp;Hrvatskom pravopisu&nbsp;zajedno s urednicima i ostalim autorima <br>2012. Nagrada Grada Zagreba za rad na&nbsp;\u0160kolskom rje\u010dniku hrvatskog jezika&nbsp;zajedno s ostalim autorima i urednicima<\/td><\/tr><tr><td><strong>Key research interest<\/strong><\/td><td>sintaksa, teorija valentnosti i gramatike zavisnosti, generativna gramatika, tvorba rije\u010di, leksikografija<\/td><\/tr><\/tbody><\/table><\/figure>\n\n\n\n<div style=\"height:37px\" aria-hidden=\"true\" class=\"wp-block-spacer\"><\/div>","protected":false},"excerpt":{"rendered":"<p>Ime i prezime dr. sc. Matea Andrea Birti\u0107, znanstvena savjetnica u trajnom izboru Adresa e-po\u0161te mbirtic@ihjj.hr Osobna stranica Matea Birti\u0107 Bibliografija CroRIS Obrazovanje 2004. doktor humanisti\u010dkih znanosti, Filozofski fakultet Sveu\u010dili\u0161ta u Zagrebu1996. magistar znanosti, Sveu\u010dili\u0161te u Troms\u00f8u, Norve\u0161ka1995. diploma iz povijesti umjetnosti i op\u0107e lingvistike, Filozofski fakultet Sveu\u010dili\u0161ta u Zagrebu [&hellip;]<\/p>","protected":false},"author":2,"featured_media":0,"parent":0,"menu_order":0,"comment_status":"closed","ping_status":"closed","template":"","meta":{"footnotes":""},"class_list":["post-126","page","type-page","status-publish","hentry"],"yoast_head":"<!-- This site is optimized with the Yoast SEO plugin v22.1 - https:\/\/yoast.com\/wordpress\/plugins\/seo\/ -->\n<title>Matea Birti\u0107 - Semtactic<\/title>\n<meta name=\"robots\" content=\"index, follow, max-snippet:-1, max-image-preview:large, max-video-preview:-1\" \/>\n<link rel=\"canonical\" href=\"https:\/\/semtactic.jezik.hr\/en\/matea-birtic\/\" \/>\n<meta property=\"og:locale\" content=\"en_GB\" \/>\n<meta property=\"og:type\" content=\"article\" \/>\n<meta property=\"og:title\" content=\"Matea Birti\u0107 - Semtactic\" \/>\n<meta property=\"og:description\" content=\"Ime i prezime dr. sc. Matea Andrea Birti\u0107, znanstvena savjetnica u trajnom izboru Adresa e-po\u0161te mbirtic@ihjj.hr Osobna stranica Matea Birti\u0107 Bibliografija CroRIS Obrazovanje 2004. doktor humanisti\u010dkih znanosti, Filozofski fakultet Sveu\u010dili\u0161ta u Zagrebu1996. magistar znanosti, Sveu\u010dili\u0161te u Troms\u00f8u, Norve\u0161ka1995. diploma iz povijesti umjetnosti i op\u0107e lingvistike, Filozofski fakultet Sveu\u010dili\u0161ta u Zagrebu [&hellip;]\" \/>\n<meta property=\"og:url\" content=\"https:\/\/semtactic.jezik.hr\/en\/matea-birtic\/\" \/>\n<meta property=\"og:site_name\" content=\"Semtactic\" \/>\n<meta property=\"article:modified_time\" content=\"2024-01-26T13:51:40+00:00\" \/>\n<meta property=\"og:image\" content=\"https:\/\/semtactic.jezik.hr\/wp-content\/uploads\/2024\/01\/Matea-1.jpg\" \/>\n<meta name=\"twitter:card\" content=\"summary_large_image\" \/>\n<meta name=\"twitter:label1\" content=\"Estimated reading time\" \/>\n\t<meta name=\"twitter:data1\" content=\"2 minutes\" \/>\n<script type=\"application\/ld+json\" class=\"yoast-schema-graph\">{\"@context\":\"https:\/\/schema.org\",\"@graph\":[{\"@type\":\"WebPage\",\"@id\":\"https:\/\/semtactic.jezik.hr\/matea-birtic\/\",\"url\":\"https:\/\/semtactic.jezik.hr\/matea-birtic\/\",\"name\":\"Matea Birti\u0107 - Semtactic\",\"isPartOf\":{\"@id\":\"https:\/\/semtactic.jezik.hr\/#website\"},\"datePublished\":\"2024-01-12T15:08:52+00:00\",\"dateModified\":\"2024-01-26T13:51:40+00:00\",\"breadcrumb\":{\"@id\":\"https:\/\/semtactic.jezik.hr\/matea-birtic\/#breadcrumb\"},\"inLanguage\":\"en-GB\",\"potentialAction\":[{\"@type\":\"ReadAction\",\"target\":[\"https:\/\/semtactic.jezik.hr\/matea-birtic\/\"]}]},{\"@type\":\"BreadcrumbList\",\"@id\":\"https:\/\/semtactic.jezik.hr\/matea-birtic\/#breadcrumb\",\"itemListElement\":[{\"@type\":\"ListItem\",\"position\":1,\"name\":\"Po\u010detna stranica\",\"item\":\"https:\/\/semtactic.jezik.hr\/\"},{\"@type\":\"ListItem\",\"position\":2,\"name\":\"Matea Birti\u0107\"}]},{\"@type\":\"WebSite\",\"@id\":\"https:\/\/semtactic.jezik.hr\/#website\",\"url\":\"https:\/\/semtactic.jezik.hr\/\",\"name\":\"Semtactic\",\"description\":\"Semanti\u010dko-sintakti\u010dka klasifikacija glagola u hrvatskom jeziku\",\"publisher\":{\"@id\":\"https:\/\/semtactic.jezik.hr\/#organization\"},\"potentialAction\":[{\"@type\":\"SearchAction\",\"target\":{\"@type\":\"EntryPoint\",\"urlTemplate\":\"https:\/\/semtactic.jezik.hr\/?s={search_term_string}\"},\"query-input\":\"required name=search_term_string\"}],\"inLanguage\":\"en-GB\"},{\"@type\":\"Organization\",\"@id\":\"https:\/\/semtactic.jezik.hr\/#organization\",\"name\":\"Semtactic\",\"url\":\"https:\/\/semtactic.jezik.hr\/\",\"logo\":{\"@type\":\"ImageObject\",\"inLanguage\":\"en-GB\",\"@id\":\"https:\/\/semtactic.jezik.hr\/#\/schema\/logo\/image\/\",\"url\":\"https:\/\/semtactic.jezik.hr\/wp-content\/uploads\/2024\/01\/cropped-Untitled-1-lkkl.png\",\"contentUrl\":\"https:\/\/semtactic.jezik.hr\/wp-content\/uploads\/2024\/01\/cropped-Untitled-1-lkkl.png\",\"width\":1342,\"height\":681,\"caption\":\"Semtactic\"},\"image\":{\"@id\":\"https:\/\/semtactic.jezik.hr\/#\/schema\/logo\/image\/\"}}]}<\/script>\n<!-- \/ Yoast SEO plugin. -->","yoast_head_json":{"title":"Matea Birti\u0107 - Semtactic","robots":{"index":"index","follow":"follow","max-snippet":"max-snippet:-1","max-image-preview":"max-image-preview:large","max-video-preview":"max-video-preview:-1"},"canonical":"https:\/\/semtactic.jezik.hr\/en\/matea-birtic\/","og_locale":"en_GB","og_type":"article","og_title":"Matea Birti\u0107 - Semtactic","og_description":"Ime i prezime dr. sc. Matea Andrea Birti\u0107, znanstvena savjetnica u trajnom izboru Adresa e-po\u0161te mbirtic@ihjj.hr Osobna stranica Matea Birti\u0107 Bibliografija CroRIS Obrazovanje 2004. doktor humanisti\u010dkih znanosti, Filozofski fakultet Sveu\u010dili\u0161ta u Zagrebu1996. magistar znanosti, Sveu\u010dili\u0161te u Troms\u00f8u, Norve\u0161ka1995. diploma iz povijesti umjetnosti i op\u0107e lingvistike, Filozofski fakultet Sveu\u010dili\u0161ta u Zagrebu [&hellip;]","og_url":"https:\/\/semtactic.jezik.hr\/en\/matea-birtic\/","og_site_name":"Semtactic","article_modified_time":"2024-01-26T13:51:40+00:00","og_image":[{"url":"https:\/\/semtactic.jezik.hr\/wp-content\/uploads\/2024\/01\/Matea-1.jpg"}],"twitter_card":"summary_large_image","twitter_misc":{"Estimated reading time":"2 minutes"},"schema":{"@context":"https:\/\/schema.org","@graph":[{"@type":"WebPage","@id":"https:\/\/semtactic.jezik.hr\/matea-birtic\/","url":"https:\/\/semtactic.jezik.hr\/matea-birtic\/","name":"Matea Birti\u0107 - Semtactic","isPartOf":{"@id":"https:\/\/semtactic.jezik.hr\/#website"},"datePublished":"2024-01-12T15:08:52+00:00","dateModified":"2024-01-26T13:51:40+00:00","breadcrumb":{"@id":"https:\/\/semtactic.jezik.hr\/matea-birtic\/#breadcrumb"},"inLanguage":"en-GB","potentialAction":[{"@type":"ReadAction","target":["https:\/\/semtactic.jezik.hr\/matea-birtic\/"]}]},{"@type":"BreadcrumbList","@id":"https:\/\/semtactic.jezik.hr\/matea-birtic\/#breadcrumb","itemListElement":[{"@type":"ListItem","position":1,"name":"Po\u010detna stranica","item":"https:\/\/semtactic.jezik.hr\/"},{"@type":"ListItem","position":2,"name":"Matea Birti\u0107"}]},{"@type":"WebSite","@id":"https:\/\/semtactic.jezik.hr\/#website","url":"https:\/\/semtactic.jezik.hr\/","name":"Semtactic","description":"Semanti\u010dko-sintakti\u010dka klasifikacija glagola u hrvatskom jeziku","publisher":{"@id":"https:\/\/semtactic.jezik.hr\/#organization"},"potentialAction":[{"@type":"SearchAction","target":{"@type":"EntryPoint","urlTemplate":"https:\/\/semtactic.jezik.hr\/?s={search_term_string}"},"query-input":"required name=search_term_string"}],"inLanguage":"en-GB"},{"@type":"Organization","@id":"https:\/\/semtactic.jezik.hr\/#organization","name":"Semtactic","url":"https:\/\/semtactic.jezik.hr\/","logo":{"@type":"ImageObject","inLanguage":"en-GB","@id":"https:\/\/semtactic.jezik.hr\/#\/schema\/logo\/image\/","url":"https:\/\/semtactic.jezik.hr\/wp-content\/uploads\/2024\/01\/cropped-Untitled-1-lkkl.png","contentUrl":"https:\/\/semtactic.jezik.hr\/wp-content\/uploads\/2024\/01\/cropped-Untitled-1-lkkl.png","width":1342,"height":681,"caption":"Semtactic"},"image":{"@id":"https:\/\/semtactic.jezik.hr\/#\/schema\/logo\/image\/"}}]}},"_links":{"self":[{"href":"https:\/\/semtactic.jezik.hr\/en\/wp-json\/wp\/v2\/pages\/126","targetHints":{"allow":["GET"]}}],"collection":[{"href":"https:\/\/semtactic.jezik.hr\/en\/wp-json\/wp\/v2\/pages"}],"about":[{"href":"https:\/\/semtactic.jezik.hr\/en\/wp-json\/wp\/v2\/types\/page"}],"author":[{"embeddable":true,"href":"https:\/\/semtactic.jezik.hr\/en\/wp-json\/wp\/v2\/users\/2"}],"replies":[{"embeddable":true,"href":"https:\/\/semtactic.jezik.hr\/en\/wp-json\/wp\/v2\/comments?post=126"}],"version-history":[{"count":6,"href":"https:\/\/semtactic.jezik.hr\/en\/wp-json\/wp\/v2\/pages\/126\/revisions"}],"predecessor-version":[{"id":272,"href":"https:\/\/semtactic.jezik.hr\/en\/wp-json\/wp\/v2\/pages\/126\/revisions\/272"}],"wp:attachment":[{"href":"https:\/\/semtactic.jezik.hr\/en\/wp-json\/wp\/v2\/media?parent=126"}],"curies":[{"name":"wp","href":"https:\/\/api.w.org\/{rel}","templated":true}]}}