{"id":123,"date":"2024-01-12T15:07:47","date_gmt":"2024-01-12T15:07:47","guid":{"rendered":"https:\/\/semtactic.jezik.hr\/?page_id=123"},"modified":"2024-03-02T08:40:56","modified_gmt":"2024-03-02T08:40:56","slug":"ana-ostroski-anic","status":"publish","type":"page","link":"https:\/\/semtactic.jezik.hr\/en\/ana-ostroski-anic\/","title":{"rendered":"Ana Ostro\u0161ki Ani\u0107"},"content":{"rendered":"<figure class=\"wp-block-image size-full is-style-rounded\"><img loading=\"lazy\" decoding=\"async\" width=\"120\" height=\"120\" src=\"https:\/\/semtactic.jezik.hr\/wp-content\/uploads\/2024\/01\/ana-1.jpg\" alt=\"\" class=\"wp-image-124\"\/><\/figure>\n\n\n\n<div style=\"height:54px\" aria-hidden=\"true\" class=\"wp-block-spacer\"><\/div>\n\n\n\n<figure class=\"wp-block-table is-style-stripes\"><table><tbody><tr><td><strong>Name<\/strong><\/td><td>- <strong>Ana Ostro\u0161ki Ani\u0107<\/strong>, Senior Research Associate<\/td><\/tr><tr><td><strong>E-mail<\/strong><\/td><td><a href=\"mailto:aostrosk@ihjj.hr\">aostrosk@ihjj.hr<\/a><\/td><\/tr><tr><td><strong>Personal page<\/strong><\/td><td><a href=\"http:\/\/ihjj.hr\/istrazivac\/ana-ostroski-anic\/17\/\">Ana Ostro\u0161ki Ani\u0107<\/a> <\/td><\/tr><tr><td><strong>Publications<\/strong><\/td><td><a href=\"https:\/\/www.croris.hr\/osobe\/profil\/28136\">C<\/a><a href=\"https:\/\/www.croris.hr\/osobe\/profil\">roRIS<\/a><\/td><\/tr><tr><td><strong>Education<\/strong><\/td><td>2015. doktor humanisti\u010dkih znanosti, Poslijediplomski doktorski studij lingvistike Filozofskoga fakulteta Sveu\u010dili\u0161ta u Zagrebu <br>2005. profesor engleskoga i hrvatskoga jezika i knji\u017eevnosti, Filozofski fakultet Sveu\u010dili\u0161ta u Zagrebu<\/td><\/tr><tr><td><strong>Work experience<\/strong><\/td><td>vi\u0161a znanstvena suradnica, Institut za hrvatski jezik<\/td><\/tr><tr><td><strong>Projects<\/strong><\/td><td>2023. \u2013 2025. <em>Automatic identification of semantic relations in figurative context in Croatian and Slovene<\/em>, hrvatsko-slovenski istra\u017eiva\u010dki projekt (MZO), suvoditeljica s prof. dr. sc. Markom Robnikom-\u0160ikonja <br>2018. \u2013 2023. <em>Dinami\u010dnost kategorija specijaliziranoga znanja<\/em> (DIKA), HRZZ-UIP-2017-05-7159, voditeljica \u00a0 <br>Suradnica na projektima:<br>2014. \u2013 2018. <em>Problemi temeljnoga suvremenoga glazbenog nazivlja u Hrvatskoj<\/em> (Conmusterm), HRZZ IP-3533\/2013, voditelj akademik Nik\u0161a Gligo <br>2014. \u2013 2017. <em>Repozitorij metafora hrvatskoga jezika<\/em> (Meta4Cro), HRZZ-UIP-11-2013-3624, voditeljica dr. sc. Kristina \u0160trkalj Despot <br>2013. \u2013 2014. <em>Terminologija i stru\u010dno prevo\u0111enje za me\u0111ukulturni dijalog i specijaliziranu komunikaciju<\/em>, hrvatsko-francuski znanstvenoistra\u017eiva\u010dki projekt (MZOS), voditeljice prof. dr. sc. Maja Bratani\u0107 i dr. sc. Mojca Pecman <br>2011. \u2013 2020. program Struna, HRZZ, pet projekata<\/td><\/tr><tr><td><strong>Teaching<\/strong><\/td><td>2020.\/2021.. <em>Jezik, pravo i spoznaja<\/em>, Poslijediplomski doktorski studij Pravnoga fakulteta Sveu\u010dili\u0161ta u Rijeci, nositeljica kolegija s dr. sc. Martinom Baj\u010di\u0107, <br>2009.\/2010. <em>Engleski zrakoplovni jezik V<\/em>, Zavod za aeronautiku Fakulteta prometnih znanosti Sveu\u010dili\u0161ta u Zagrebu, <br>2008.\/2009. <em>Engleski jezik za zra\u010dni promet I i II<\/em>, Zavod za zra\u010dni promet Fakulteta prometnih znanosti Sveu\u010dili\u0161ta u Zagrebu<\/td><\/tr><tr><td><strong>International cooperation<\/strong><\/td><td>Voditeljica radne skupine <em>WG2 Methodologies, digital resources and tools for neology<\/em> COST akcije CA22126, <em>European Network On Lexical Innovation<\/em> (ENEOLI). <br>\u010clanica COST akcija Nexus Linguarum, UniDive I LITHME.<\/td><\/tr><tr><td><strong>Key research interest<\/strong><\/td><td>terminologija, leksikografija, teorija konceptualne metafore, semantika okvira<\/td><\/tr><\/tbody><\/table><\/figure>\n\n\n\n<div style=\"height:100px\" aria-hidden=\"true\" class=\"wp-block-spacer\"><\/div>\n\n\n\n<p><\/p>","protected":false},"excerpt":{"rendered":"<p>Ime i prezime dr. sc. Ana Ostro\u0161ki Ani\u0107, vi\u0161a znanstvena suradnica Adresa e-po\u0161te aostrosk@ihjj.hr Osobna stranica Ana Ostro\u0161ki Ani\u0107 Bibliografija CroRIS Obrazovanje 2015. doktor humanisti\u010dkih znanosti, Poslijediplomski doktorski studij lingvistike Filozofskoga fakulteta Sveu\u010dili\u0161ta u Zagrebu 2005. profesor engleskoga i hrvatskoga jezika i knji\u017eevnosti, Filozofski fakultet Sveu\u010dili\u0161ta u Zagrebu Radna mjesta [&hellip;]<\/p>","protected":false},"author":2,"featured_media":0,"parent":0,"menu_order":0,"comment_status":"closed","ping_status":"closed","template":"","meta":{"footnotes":""},"class_list":["post-123","page","type-page","status-publish","hentry"],"yoast_head":"<!-- This site is optimized with the Yoast SEO plugin v22.1 - https:\/\/yoast.com\/wordpress\/plugins\/seo\/ -->\n<title>Ana Ostro\u0161ki Ani\u0107 - Semtactic<\/title>\n<meta name=\"robots\" content=\"index, follow, max-snippet:-1, max-image-preview:large, max-video-preview:-1\" \/>\n<link rel=\"canonical\" href=\"https:\/\/semtactic.jezik.hr\/en\/ana-ostroski-anic\/\" \/>\n<meta property=\"og:locale\" content=\"en_GB\" \/>\n<meta property=\"og:type\" content=\"article\" \/>\n<meta property=\"og:title\" content=\"Ana Ostro\u0161ki Ani\u0107 - Semtactic\" \/>\n<meta property=\"og:description\" content=\"Ime i prezime dr. sc. Ana Ostro\u0161ki Ani\u0107, vi\u0161a znanstvena suradnica Adresa e-po\u0161te aostrosk@ihjj.hr Osobna stranica Ana Ostro\u0161ki Ani\u0107 Bibliografija CroRIS Obrazovanje 2015. doktor humanisti\u010dkih znanosti, Poslijediplomski doktorski studij lingvistike Filozofskoga fakulteta Sveu\u010dili\u0161ta u Zagrebu 2005. profesor engleskoga i hrvatskoga jezika i knji\u017eevnosti, Filozofski fakultet Sveu\u010dili\u0161ta u Zagrebu Radna mjesta [&hellip;]\" \/>\n<meta property=\"og:url\" content=\"https:\/\/semtactic.jezik.hr\/en\/ana-ostroski-anic\/\" \/>\n<meta property=\"og:site_name\" content=\"Semtactic\" \/>\n<meta property=\"article:modified_time\" content=\"2024-03-02T08:40:56+00:00\" \/>\n<meta property=\"og:image\" content=\"https:\/\/semtactic.jezik.hr\/wp-content\/uploads\/2024\/01\/ana-1.jpg\" \/>\n<meta name=\"twitter:card\" content=\"summary_large_image\" \/>\n<meta name=\"twitter:label1\" content=\"Estimated reading time\" \/>\n\t<meta name=\"twitter:data1\" content=\"2 minutes\" \/>\n<script type=\"application\/ld+json\" class=\"yoast-schema-graph\">{\"@context\":\"https:\/\/schema.org\",\"@graph\":[{\"@type\":\"WebPage\",\"@id\":\"https:\/\/semtactic.jezik.hr\/ana-ostroski-anic\/\",\"url\":\"https:\/\/semtactic.jezik.hr\/ana-ostroski-anic\/\",\"name\":\"Ana Ostro\u0161ki Ani\u0107 - Semtactic\",\"isPartOf\":{\"@id\":\"https:\/\/semtactic.jezik.hr\/#website\"},\"datePublished\":\"2024-01-12T15:07:47+00:00\",\"dateModified\":\"2024-03-02T08:40:56+00:00\",\"breadcrumb\":{\"@id\":\"https:\/\/semtactic.jezik.hr\/ana-ostroski-anic\/#breadcrumb\"},\"inLanguage\":\"en-GB\",\"potentialAction\":[{\"@type\":\"ReadAction\",\"target\":[\"https:\/\/semtactic.jezik.hr\/ana-ostroski-anic\/\"]}]},{\"@type\":\"BreadcrumbList\",\"@id\":\"https:\/\/semtactic.jezik.hr\/ana-ostroski-anic\/#breadcrumb\",\"itemListElement\":[{\"@type\":\"ListItem\",\"position\":1,\"name\":\"Po\u010detna stranica\",\"item\":\"https:\/\/semtactic.jezik.hr\/\"},{\"@type\":\"ListItem\",\"position\":2,\"name\":\"Ana Ostro\u0161ki Ani\u0107\"}]},{\"@type\":\"WebSite\",\"@id\":\"https:\/\/semtactic.jezik.hr\/#website\",\"url\":\"https:\/\/semtactic.jezik.hr\/\",\"name\":\"Semtactic\",\"description\":\"Semanti\u010dko-sintakti\u010dka klasifikacija glagola u hrvatskom jeziku\",\"publisher\":{\"@id\":\"https:\/\/semtactic.jezik.hr\/#organization\"},\"potentialAction\":[{\"@type\":\"SearchAction\",\"target\":{\"@type\":\"EntryPoint\",\"urlTemplate\":\"https:\/\/semtactic.jezik.hr\/?s={search_term_string}\"},\"query-input\":\"required name=search_term_string\"}],\"inLanguage\":\"en-GB\"},{\"@type\":\"Organization\",\"@id\":\"https:\/\/semtactic.jezik.hr\/#organization\",\"name\":\"Semtactic\",\"url\":\"https:\/\/semtactic.jezik.hr\/\",\"logo\":{\"@type\":\"ImageObject\",\"inLanguage\":\"en-GB\",\"@id\":\"https:\/\/semtactic.jezik.hr\/#\/schema\/logo\/image\/\",\"url\":\"https:\/\/semtactic.jezik.hr\/wp-content\/uploads\/2024\/01\/cropped-Untitled-1-lkkl.png\",\"contentUrl\":\"https:\/\/semtactic.jezik.hr\/wp-content\/uploads\/2024\/01\/cropped-Untitled-1-lkkl.png\",\"width\":1342,\"height\":681,\"caption\":\"Semtactic\"},\"image\":{\"@id\":\"https:\/\/semtactic.jezik.hr\/#\/schema\/logo\/image\/\"}}]}<\/script>\n<!-- \/ Yoast SEO plugin. -->","yoast_head_json":{"title":"Ana Ostro\u0161ki Ani\u0107 - Semtactic","robots":{"index":"index","follow":"follow","max-snippet":"max-snippet:-1","max-image-preview":"max-image-preview:large","max-video-preview":"max-video-preview:-1"},"canonical":"https:\/\/semtactic.jezik.hr\/en\/ana-ostroski-anic\/","og_locale":"en_GB","og_type":"article","og_title":"Ana Ostro\u0161ki Ani\u0107 - Semtactic","og_description":"Ime i prezime dr. sc. Ana Ostro\u0161ki Ani\u0107, vi\u0161a znanstvena suradnica Adresa e-po\u0161te aostrosk@ihjj.hr Osobna stranica Ana Ostro\u0161ki Ani\u0107 Bibliografija CroRIS Obrazovanje 2015. doktor humanisti\u010dkih znanosti, Poslijediplomski doktorski studij lingvistike Filozofskoga fakulteta Sveu\u010dili\u0161ta u Zagrebu 2005. profesor engleskoga i hrvatskoga jezika i knji\u017eevnosti, Filozofski fakultet Sveu\u010dili\u0161ta u Zagrebu Radna mjesta [&hellip;]","og_url":"https:\/\/semtactic.jezik.hr\/en\/ana-ostroski-anic\/","og_site_name":"Semtactic","article_modified_time":"2024-03-02T08:40:56+00:00","og_image":[{"url":"https:\/\/semtactic.jezik.hr\/wp-content\/uploads\/2024\/01\/ana-1.jpg"}],"twitter_card":"summary_large_image","twitter_misc":{"Estimated reading time":"2 minutes"},"schema":{"@context":"https:\/\/schema.org","@graph":[{"@type":"WebPage","@id":"https:\/\/semtactic.jezik.hr\/ana-ostroski-anic\/","url":"https:\/\/semtactic.jezik.hr\/ana-ostroski-anic\/","name":"Ana Ostro\u0161ki Ani\u0107 - Semtactic","isPartOf":{"@id":"https:\/\/semtactic.jezik.hr\/#website"},"datePublished":"2024-01-12T15:07:47+00:00","dateModified":"2024-03-02T08:40:56+00:00","breadcrumb":{"@id":"https:\/\/semtactic.jezik.hr\/ana-ostroski-anic\/#breadcrumb"},"inLanguage":"en-GB","potentialAction":[{"@type":"ReadAction","target":["https:\/\/semtactic.jezik.hr\/ana-ostroski-anic\/"]}]},{"@type":"BreadcrumbList","@id":"https:\/\/semtactic.jezik.hr\/ana-ostroski-anic\/#breadcrumb","itemListElement":[{"@type":"ListItem","position":1,"name":"Po\u010detna stranica","item":"https:\/\/semtactic.jezik.hr\/"},{"@type":"ListItem","position":2,"name":"Ana Ostro\u0161ki Ani\u0107"}]},{"@type":"WebSite","@id":"https:\/\/semtactic.jezik.hr\/#website","url":"https:\/\/semtactic.jezik.hr\/","name":"Semtactic","description":"Semanti\u010dko-sintakti\u010dka klasifikacija glagola u hrvatskom jeziku","publisher":{"@id":"https:\/\/semtactic.jezik.hr\/#organization"},"potentialAction":[{"@type":"SearchAction","target":{"@type":"EntryPoint","urlTemplate":"https:\/\/semtactic.jezik.hr\/?s={search_term_string}"},"query-input":"required name=search_term_string"}],"inLanguage":"en-GB"},{"@type":"Organization","@id":"https:\/\/semtactic.jezik.hr\/#organization","name":"Semtactic","url":"https:\/\/semtactic.jezik.hr\/","logo":{"@type":"ImageObject","inLanguage":"en-GB","@id":"https:\/\/semtactic.jezik.hr\/#\/schema\/logo\/image\/","url":"https:\/\/semtactic.jezik.hr\/wp-content\/uploads\/2024\/01\/cropped-Untitled-1-lkkl.png","contentUrl":"https:\/\/semtactic.jezik.hr\/wp-content\/uploads\/2024\/01\/cropped-Untitled-1-lkkl.png","width":1342,"height":681,"caption":"Semtactic"},"image":{"@id":"https:\/\/semtactic.jezik.hr\/#\/schema\/logo\/image\/"}}]}},"_links":{"self":[{"href":"https:\/\/semtactic.jezik.hr\/en\/wp-json\/wp\/v2\/pages\/123","targetHints":{"allow":["GET"]}}],"collection":[{"href":"https:\/\/semtactic.jezik.hr\/en\/wp-json\/wp\/v2\/pages"}],"about":[{"href":"https:\/\/semtactic.jezik.hr\/en\/wp-json\/wp\/v2\/types\/page"}],"author":[{"embeddable":true,"href":"https:\/\/semtactic.jezik.hr\/en\/wp-json\/wp\/v2\/users\/2"}],"replies":[{"embeddable":true,"href":"https:\/\/semtactic.jezik.hr\/en\/wp-json\/wp\/v2\/comments?post=123"}],"version-history":[{"count":3,"href":"https:\/\/semtactic.jezik.hr\/en\/wp-json\/wp\/v2\/pages\/123\/revisions"}],"predecessor-version":[{"id":310,"href":"https:\/\/semtactic.jezik.hr\/en\/wp-json\/wp\/v2\/pages\/123\/revisions\/310"}],"wp:attachment":[{"href":"https:\/\/semtactic.jezik.hr\/en\/wp-json\/wp\/v2\/media?parent=123"}],"curies":[{"name":"wp","href":"https:\/\/api.w.org\/{rel}","templated":true}]}}