{"id":119,"date":"2024-01-12T15:06:08","date_gmt":"2024-01-12T15:06:08","guid":{"rendered":"https:\/\/semtactic.jezik.hr\/?page_id=119"},"modified":"2025-08-14T07:23:28","modified_gmt":"2025-08-14T07:23:28","slug":"maja-matijevic","status":"publish","type":"page","link":"https:\/\/semtactic.jezik.hr\/en\/maja-matijevic\/","title":{"rendered":"Maja Matijevi\u0107"},"content":{"rendered":"<figure class=\"wp-block-image size-full is-style-rounded\"><img loading=\"lazy\" decoding=\"async\" width=\"225\" height=\"225\" src=\"https:\/\/semtactic.jezik.hr\/wp-content\/uploads\/2024\/01\/maja-2.jpg\" alt=\"\" class=\"wp-image-120\" srcset=\"https:\/\/semtactic.jezik.hr\/wp-content\/uploads\/2024\/01\/maja-2.jpg 225w, https:\/\/semtactic.jezik.hr\/wp-content\/uploads\/2024\/01\/maja-2-150x150.jpg 150w\" sizes=\"auto, (max-width: 225px) 100vw, 225px\" \/><\/figure>\n\n\n\n<div style=\"height:63px\" aria-hidden=\"true\" class=\"wp-block-spacer\"><\/div>\n\n\n\n<p><\/p>\n\n\n\n<figure class=\"wp-block-table is-style-stripes\"><table><tbody><tr><td><strong>Name<\/strong><\/td><td>- <strong>Maja Matijevi\u0107<\/strong>, poslijedoktorand<\/td><\/tr><tr><td><strong>E-mail<\/strong><\/td><td>mmatijevic@ihjj.hr<\/td><\/tr><tr><td><strong>Personal page<\/strong><\/td><td><a href=\"http:\/\/ihjj.hr\/istrazivac\/maja-matijevic\/90\/\">Maja Matijevi\u0107<\/a><\/td><\/tr><tr><td><strong>Publications<\/strong><\/td><td><a href=\"https:\/\/www.croris.hr\/osobe\/profil\/35124\">CroRIS<\/a><\/td><\/tr><tr><td><strong>Education<\/strong><\/td><td class=\" translation-block\">2019 \u2013 present Faculty of Humanities and Social Sciences, University of Zagreb: doctoral study programme <em>Croatian philology in the intercultural context<\/em><br>\n2016 \u2013 2019 Faculty of Humanities and Social Sciences, University of Zagreb: MA in Croatian language and literature and Information sciences<\/td><\/tr><tr><td><strong>Work experience<\/strong><\/td><td>2019 \u2013 present Resarch Assistant,  Institute for the Croatian Language<\/td><\/tr><tr><td><strong>Projects<\/strong><\/td><td class=\" translation-block\">2023 \u2013 2025 <em>Automatic identification of semantic relations in figurative context in Croatian and Slovene<\/em>, Croatian-Slovene bilateral research project (MZO), PI Ana Ostro\u0161ki Ani\u0107 and Marko Robnik-\u0160ikonja <br>2019 \u2013 2020 <em>Croatian Linguistic Terminology<\/em> (JENA), HRZZ-Struna-2017-09-05, PI Milica Mihaljevi\u0107 <br>2017 \u2013 2021 <em><a href=\"http:\/\/ihjj.hr\/mreznik\/\" target=\"_self\">Croatian Web Dictionary \u2013 Mre\u017enik<\/a><\/em>, HRZZ, IP-2016-06-2141, PI Lana Hude\u010dek<\/td><\/tr><tr><td><strong>Teaching<\/strong><\/td><td class=\" translation-block\">2021\/2022 <em>Hrvatski jezik u digitalnome dobu (Croatian Language in the Digital Era)<\/em> Department of Croatian Language and Literature, Faculty of Humanities and Social Sciences, University of Zagreb <br>2017 - 2019 <em>Tekstna lingvistika (Text Linguistic)<\/em> Department of Croatian Language and Literature, Faculty of Humanities and Social Sciences, University of Zagreb \u2013 student assistant <br>2017 - 2021 Croaticum \u2013 Centre for Croatian as Foreign and Second Language - language instructor<\/td><\/tr><tr><td><strong>International cooperation<\/strong><\/td><td class=\" translation-block\">2022 - present <em>Universality, diversity and idiosyncrasy in language technology<\/em> (UniDive), COST action, CA21167 <br>2020 \u2013 2021 <em>Distant Reading for European Literary History<\/em>, COST Action, CA16204<\/td><\/tr><tr><td><strong>Honors and awards<\/strong><\/td><td>2018 Rector's Award <br>2017 Dean's Award<\/td><\/tr><tr><td><strong>Key research interest<\/strong><\/td><td>lexicography, semantics, Croatian standard language, Croatian as a second and foreign language<\/td><\/tr><\/tbody><\/table><\/figure>\n\n\n\n<div style=\"height:100px\" aria-hidden=\"true\" class=\"wp-block-spacer\"><\/div>\n\n\n\n<p><\/p>","protected":false},"excerpt":{"rendered":"<p>Ime i prezime dr. sc. Maja Matijevi\u0107, poslijedoktorand Adresa e-po\u0161te mmatijevic@ihjj.hr Osobna stranica Maja Matijevi\u0107 Bibliografija CroRIS Obrazovanje od 2019. poslijediplomski doktorski studij Hrvatska filologija u interkulturnom kontekstu na Odsjeku za kroatistiku, Filozofski fakultet Sveu\u010dili\u0161ta u Zagrebu2016. \u2013 2019. diplomski studij kroatistike (jezikoslovni smjer) i informacijskih znanosti (istra\u017eiva\u010dka informatika), Filozofski [&hellip;]<\/p>","protected":false},"author":2,"featured_media":0,"parent":0,"menu_order":0,"comment_status":"closed","ping_status":"closed","template":"","meta":{"footnotes":""},"class_list":["post-119","page","type-page","status-publish","hentry"],"yoast_head":"<!-- This site is optimized with the Yoast SEO plugin v22.1 - https:\/\/yoast.com\/wordpress\/plugins\/seo\/ -->\n<title>Maja Matijevi\u0107 - Semtactic<\/title>\n<meta name=\"robots\" content=\"index, follow, max-snippet:-1, max-image-preview:large, max-video-preview:-1\" \/>\n<link rel=\"canonical\" href=\"https:\/\/semtactic.jezik.hr\/en\/maja-matijevic\/\" \/>\n<meta property=\"og:locale\" content=\"en_GB\" \/>\n<meta property=\"og:type\" content=\"article\" \/>\n<meta property=\"og:title\" content=\"Maja Matijevi\u0107 - Semtactic\" \/>\n<meta property=\"og:description\" content=\"Ime i prezime dr. sc. Maja Matijevi\u0107, poslijedoktorand Adresa e-po\u0161te mmatijevic@ihjj.hr Osobna stranica Maja Matijevi\u0107 Bibliografija CroRIS Obrazovanje od 2019. poslijediplomski doktorski studij Hrvatska filologija u interkulturnom kontekstu na Odsjeku za kroatistiku, Filozofski fakultet Sveu\u010dili\u0161ta u Zagrebu2016. \u2013 2019. diplomski studij kroatistike (jezikoslovni smjer) i informacijskih znanosti (istra\u017eiva\u010dka informatika), Filozofski [&hellip;]\" \/>\n<meta property=\"og:url\" content=\"https:\/\/semtactic.jezik.hr\/en\/maja-matijevic\/\" \/>\n<meta property=\"og:site_name\" content=\"Semtactic\" \/>\n<meta property=\"article:modified_time\" content=\"2025-08-14T07:23:28+00:00\" \/>\n<meta property=\"og:image\" content=\"https:\/\/semtactic.jezik.hr\/wp-content\/uploads\/2024\/01\/maja-2.jpg\" \/>\n<meta name=\"twitter:card\" content=\"summary_large_image\" \/>\n<meta name=\"twitter:label1\" content=\"Estimated reading time\" \/>\n\t<meta name=\"twitter:data1\" content=\"2 minutes\" \/>\n<script type=\"application\/ld+json\" class=\"yoast-schema-graph\">{\"@context\":\"https:\/\/schema.org\",\"@graph\":[{\"@type\":\"WebPage\",\"@id\":\"https:\/\/semtactic.jezik.hr\/maja-matijevic\/\",\"url\":\"https:\/\/semtactic.jezik.hr\/maja-matijevic\/\",\"name\":\"Maja Matijevi\u0107 - Semtactic\",\"isPartOf\":{\"@id\":\"https:\/\/semtactic.jezik.hr\/#website\"},\"datePublished\":\"2024-01-12T15:06:08+00:00\",\"dateModified\":\"2025-08-14T07:23:28+00:00\",\"breadcrumb\":{\"@id\":\"https:\/\/semtactic.jezik.hr\/maja-matijevic\/#breadcrumb\"},\"inLanguage\":\"en-GB\",\"potentialAction\":[{\"@type\":\"ReadAction\",\"target\":[\"https:\/\/semtactic.jezik.hr\/maja-matijevic\/\"]}]},{\"@type\":\"BreadcrumbList\",\"@id\":\"https:\/\/semtactic.jezik.hr\/maja-matijevic\/#breadcrumb\",\"itemListElement\":[{\"@type\":\"ListItem\",\"position\":1,\"name\":\"Po\u010detna stranica\",\"item\":\"https:\/\/semtactic.jezik.hr\/\"},{\"@type\":\"ListItem\",\"position\":2,\"name\":\"Maja Matijevi\u0107\"}]},{\"@type\":\"WebSite\",\"@id\":\"https:\/\/semtactic.jezik.hr\/#website\",\"url\":\"https:\/\/semtactic.jezik.hr\/\",\"name\":\"Semtactic\",\"description\":\"Semanti\u010dko-sintakti\u010dka klasifikacija glagola u hrvatskom jeziku\",\"publisher\":{\"@id\":\"https:\/\/semtactic.jezik.hr\/#organization\"},\"potentialAction\":[{\"@type\":\"SearchAction\",\"target\":{\"@type\":\"EntryPoint\",\"urlTemplate\":\"https:\/\/semtactic.jezik.hr\/?s={search_term_string}\"},\"query-input\":\"required name=search_term_string\"}],\"inLanguage\":\"en-GB\"},{\"@type\":\"Organization\",\"@id\":\"https:\/\/semtactic.jezik.hr\/#organization\",\"name\":\"Semtactic\",\"url\":\"https:\/\/semtactic.jezik.hr\/\",\"logo\":{\"@type\":\"ImageObject\",\"inLanguage\":\"en-GB\",\"@id\":\"https:\/\/semtactic.jezik.hr\/#\/schema\/logo\/image\/\",\"url\":\"https:\/\/semtactic.jezik.hr\/wp-content\/uploads\/2024\/01\/cropped-Untitled-1-lkkl.png\",\"contentUrl\":\"https:\/\/semtactic.jezik.hr\/wp-content\/uploads\/2024\/01\/cropped-Untitled-1-lkkl.png\",\"width\":1342,\"height\":681,\"caption\":\"Semtactic\"},\"image\":{\"@id\":\"https:\/\/semtactic.jezik.hr\/#\/schema\/logo\/image\/\"}}]}<\/script>\n<!-- \/ Yoast SEO plugin. -->","yoast_head_json":{"title":"Maja Matijevi\u0107 - Semtactic","robots":{"index":"index","follow":"follow","max-snippet":"max-snippet:-1","max-image-preview":"max-image-preview:large","max-video-preview":"max-video-preview:-1"},"canonical":"https:\/\/semtactic.jezik.hr\/en\/maja-matijevic\/","og_locale":"en_GB","og_type":"article","og_title":"Maja Matijevi\u0107 - Semtactic","og_description":"Ime i prezime dr. sc. Maja Matijevi\u0107, poslijedoktorand Adresa e-po\u0161te mmatijevic@ihjj.hr Osobna stranica Maja Matijevi\u0107 Bibliografija CroRIS Obrazovanje od 2019. poslijediplomski doktorski studij Hrvatska filologija u interkulturnom kontekstu na Odsjeku za kroatistiku, Filozofski fakultet Sveu\u010dili\u0161ta u Zagrebu2016. \u2013 2019. diplomski studij kroatistike (jezikoslovni smjer) i informacijskih znanosti (istra\u017eiva\u010dka informatika), Filozofski [&hellip;]","og_url":"https:\/\/semtactic.jezik.hr\/en\/maja-matijevic\/","og_site_name":"Semtactic","article_modified_time":"2025-08-14T07:23:28+00:00","og_image":[{"url":"https:\/\/semtactic.jezik.hr\/wp-content\/uploads\/2024\/01\/maja-2.jpg"}],"twitter_card":"summary_large_image","twitter_misc":{"Estimated reading time":"2 minutes"},"schema":{"@context":"https:\/\/schema.org","@graph":[{"@type":"WebPage","@id":"https:\/\/semtactic.jezik.hr\/maja-matijevic\/","url":"https:\/\/semtactic.jezik.hr\/maja-matijevic\/","name":"Maja Matijevi\u0107 - Semtactic","isPartOf":{"@id":"https:\/\/semtactic.jezik.hr\/#website"},"datePublished":"2024-01-12T15:06:08+00:00","dateModified":"2025-08-14T07:23:28+00:00","breadcrumb":{"@id":"https:\/\/semtactic.jezik.hr\/maja-matijevic\/#breadcrumb"},"inLanguage":"en-GB","potentialAction":[{"@type":"ReadAction","target":["https:\/\/semtactic.jezik.hr\/maja-matijevic\/"]}]},{"@type":"BreadcrumbList","@id":"https:\/\/semtactic.jezik.hr\/maja-matijevic\/#breadcrumb","itemListElement":[{"@type":"ListItem","position":1,"name":"Po\u010detna stranica","item":"https:\/\/semtactic.jezik.hr\/"},{"@type":"ListItem","position":2,"name":"Maja Matijevi\u0107"}]},{"@type":"WebSite","@id":"https:\/\/semtactic.jezik.hr\/#website","url":"https:\/\/semtactic.jezik.hr\/","name":"Semtactic","description":"Semanti\u010dko-sintakti\u010dka klasifikacija glagola u hrvatskom jeziku","publisher":{"@id":"https:\/\/semtactic.jezik.hr\/#organization"},"potentialAction":[{"@type":"SearchAction","target":{"@type":"EntryPoint","urlTemplate":"https:\/\/semtactic.jezik.hr\/?s={search_term_string}"},"query-input":"required name=search_term_string"}],"inLanguage":"en-GB"},{"@type":"Organization","@id":"https:\/\/semtactic.jezik.hr\/#organization","name":"Semtactic","url":"https:\/\/semtactic.jezik.hr\/","logo":{"@type":"ImageObject","inLanguage":"en-GB","@id":"https:\/\/semtactic.jezik.hr\/#\/schema\/logo\/image\/","url":"https:\/\/semtactic.jezik.hr\/wp-content\/uploads\/2024\/01\/cropped-Untitled-1-lkkl.png","contentUrl":"https:\/\/semtactic.jezik.hr\/wp-content\/uploads\/2024\/01\/cropped-Untitled-1-lkkl.png","width":1342,"height":681,"caption":"Semtactic"},"image":{"@id":"https:\/\/semtactic.jezik.hr\/#\/schema\/logo\/image\/"}}]}},"_links":{"self":[{"href":"https:\/\/semtactic.jezik.hr\/en\/wp-json\/wp\/v2\/pages\/119","targetHints":{"allow":["GET"]}}],"collection":[{"href":"https:\/\/semtactic.jezik.hr\/en\/wp-json\/wp\/v2\/pages"}],"about":[{"href":"https:\/\/semtactic.jezik.hr\/en\/wp-json\/wp\/v2\/types\/page"}],"author":[{"embeddable":true,"href":"https:\/\/semtactic.jezik.hr\/en\/wp-json\/wp\/v2\/users\/2"}],"replies":[{"embeddable":true,"href":"https:\/\/semtactic.jezik.hr\/en\/wp-json\/wp\/v2\/comments?post=119"}],"version-history":[{"count":5,"href":"https:\/\/semtactic.jezik.hr\/en\/wp-json\/wp\/v2\/pages\/119\/revisions"}],"predecessor-version":[{"id":492,"href":"https:\/\/semtactic.jezik.hr\/en\/wp-json\/wp\/v2\/pages\/119\/revisions\/492"}],"wp:attachment":[{"href":"https:\/\/semtactic.jezik.hr\/en\/wp-json\/wp\/v2\/media?parent=119"}],"curies":[{"name":"wp","href":"https:\/\/api.w.org\/{rel}","templated":true}]}}