{"id":10,"date":"2024-01-12T12:59:28","date_gmt":"2024-01-12T12:59:28","guid":{"rendered":"https:\/\/semtactic.jezik.hr\/?page_id=10"},"modified":"2024-01-12T16:01:27","modified_gmt":"2024-01-12T16:01:27","slug":"o-projektu","status":"publish","type":"page","link":"https:\/\/semtactic.jezik.hr\/en\/o-projektu\/","title":{"rendered":"About"},"content":{"rendered":"<p class=\"has-medium-font-size\"><\/p>\n\n\n\n<h2 class=\"wp-block-heading\" style=\"font-size:28px\">Semantic-syntactic classification of Croatian verbs<\/h2>\n\n\n\n<div style=\"height:60px\" aria-hidden=\"true\" class=\"wp-block-spacer\"><\/div>\n\n\n\n<p><strong>Funded:\u00a0<a href=\"https:\/\/hrzz.hr\/\">Croatian Science Foundation<\/a><\/strong><\/p>\n\n\n\n<p><strong>Project number:<\/strong> IP-2022-10-8074<\/p>\n\n\n\n<p><strong>The project is conducted at:<\/strong>\u00a0<a href=\"http:\/\/ihjj.hr\/\">Institute for the Croatian Language<\/a><\/p>\n\n\n\n<p><strong>Duration:<\/strong>\u00a0from 31 December 2023 to 30 December 2027<\/p>\n\n\n\n<div style=\"height:25px\" aria-hidden=\"true\" class=\"wp-block-spacer\"><\/div>\n\n\n\n<p><strong>Research Team:<\/strong><\/p>\n\n\n\n<p class=\" translation-block\">Mia Batini\u0107 Angster, Department of Linguistics, University of Zadar<\/p>\n\n\n\n<p class=\" translation-block\"><a href=\"https:\/\/ihjj.hr\/istrazivac\/matea-birtic\/58\/\" target=\"_self\">Matea Birti\u0107<\/a>, Institute for the Croatian Language<\/p>\n\n\n\n<p class=\" translation-block\"><a href=\"https:\/\/www.ffos.unios.hr\/nastavnik\/branimir-belaj\/\" target=\"_self\">Branimir Belaj<\/a>, Faculty of Humanities and Social Sciences, University of Osijek<\/p>\n\n\n\n<p class=\" translation-block\"><a href=\"http:\/\/ihjj.hr\/istrazivac\/ivana-brac\/6\/\" target=\"_self\">Ivana Bra\u010d<\/a>, Institute for the Croatian Language, head of the project<\/p>\n\n\n\n<p class=\" translation-block\"><a href=\"http:\/\/ihjj.hr\/istrazivac\/daria-lazic\/87\/\" target=\"_self\">Daria Lazi\u0107<\/a>, Institute for the Croatian Language<\/p>\n\n\n\n<p class=\" translation-block\"><a href=\"http:\/\/ihjj.hr\/istrazivac\/maja-matijevic\/90\/\" target=\"_self\">Maja Matijevi\u0107<\/a>, Institute for the Croatian Language<\/p>\n\n\n\n<p>Iva Nazalevi\u0107 \u010cu\u010devi\u0107, Faculty of Humanities and Social Sciences, University of Zagreb<\/p>\n\n\n\n<p class=\" translation-block\"><a href=\"http:\/\/ihjj.hr\/istrazivac\/ana-ostroski-anic\/17\/\" target=\"_self\">Ana Ostro\u0161ki Ani\u0107<\/a>, Institute for the Croatian Language<\/p>\n\n\n\n<p class=\" translation-block\"><a href=\"http:\/\/ihjj.hr\/istrazivac\/kristina-strkalj-despot\/19\/\" target=\"_self\">Kristina \u0160trkalj Despot<\/a>, Institute for the Croatian Language<\/p>\n\n\n\n<p class=\" translation-block\"><a href=\"http:\/\/ihjj.hr\/istrazivac\/sinisa-runjaic\/5\/\" target=\"_self\">Sini\u0161a Runjai\u0107<\/a>, Institute for the Croatian Language<\/p>\n\n\n\n<div style=\"height:69px\" aria-hidden=\"true\" class=\"wp-block-spacer\"><\/div>\n\n\n\n<p><strong>Project summary:<\/strong><\/p>\n\n\n\n<p>The project\u2019s goals are to determine the semantic classes to which the 500 most frequent verbs in the Croatian language belong, along with their prototype syntactic patterns and semantic roles. The project aims to theoretically explore the relationship between the semantics and syntax of Croatian verbs within a semantic class and across classes. An equally important result is a database that will contain a detailed description of verbs\u2019 argument structure. Each verb sense will be associated with a semantic class, and based on examples from the corpora, the type of complement and semantic role will be determined. The project will investigate the semantic features of verbs, such as synonymy, antonymy, troponymy, etc. Additionally, it will explore the role of verbs in cognitive mechanisms such as metaphor and metonymy, as well as syntactic alternations and other grammatical phenomena.<\/p>\n\n\n\n<p>By categorizing verbs into semantic classes and providing valency descriptions, similarities and differences among verbs within a semantic class and between different classes will be observed. That will lead to a better understanding of the relationship between syntax and semantics. The structured and clear presentation of results in the database and publications will facilitate the integration of the Croatian language into comparative research and potential data exchange with other similar databases.<\/p>\n\n\n\n<p>The project is crucial for natural language processing due to its reliable and thorough description of syntactic patterns, semantic roles, and differentiated verbs\u2019 senses. The results can be used for parsing, automatic text annotation, semantic role labeling, improving machine translation tools, creating language learning materials, etc. The outcomes will benefit Croatian language professors, students of all linguistic disciplines, Croatian and foreign linguists, and non-native speakers.<\/p>\n\n\n\n<p>The database will continue to be updated even after the project's completion, with the goal of becoming the most comprehensive database of verbs in the Croatian language.<\/p>\n\n\n\n<div style=\"height:100px\" aria-hidden=\"true\" class=\"wp-block-spacer\"><\/div>","protected":false},"excerpt":{"rendered":"<p>Semanti\u010dko-sintakti\u010dka klasifikacija glagola u hrvatskom jeziku Projekt financira:\u00a0Hrvatska zaklada za znanost \u0160ifra projekta: IP-2022-10-8074 Mati\u010dna ustanova:\u00a0Institut za hrvatski jezik Trajanje projekta:\u00a031. prosinca 2023. \u2013 30. prosinca 2027. Suradnici na projektu: dr. sc. Mia Batini\u0107 Angster, Odjel za lingvistiku Sveu\u010dili\u0161ta u Zadru dr. sc. Matea Birti\u0107, Institut za hrvatski jezik prof. [&hellip;]<\/p>","protected":false},"author":2,"featured_media":0,"parent":0,"menu_order":0,"comment_status":"closed","ping_status":"closed","template":"","meta":{"footnotes":""},"class_list":["post-10","page","type-page","status-publish","hentry"],"yoast_head":"<!-- This site is optimized with the Yoast SEO plugin v22.1 - https:\/\/yoast.com\/wordpress\/plugins\/seo\/ -->\n<title>O projektu - Semtactic<\/title>\n<meta name=\"robots\" content=\"index, follow, max-snippet:-1, max-image-preview:large, max-video-preview:-1\" \/>\n<link rel=\"canonical\" href=\"https:\/\/semtactic.jezik.hr\/en\/o-projektu\/\" \/>\n<meta property=\"og:locale\" content=\"en_GB\" \/>\n<meta property=\"og:type\" content=\"article\" \/>\n<meta property=\"og:title\" content=\"O projektu - Semtactic\" \/>\n<meta property=\"og:description\" content=\"Semanti\u010dko-sintakti\u010dka klasifikacija glagola u hrvatskom jeziku Projekt financira:\u00a0Hrvatska zaklada za znanost \u0160ifra projekta: IP-2022-10-8074 Mati\u010dna ustanova:\u00a0Institut za hrvatski jezik Trajanje projekta:\u00a031. prosinca 2023. \u2013 30. prosinca 2027. Suradnici na projektu: dr. sc. Mia Batini\u0107 Angster, Odjel za lingvistiku Sveu\u010dili\u0161ta u Zadru dr. sc. Matea Birti\u0107, Institut za hrvatski jezik prof. [&hellip;]\" \/>\n<meta property=\"og:url\" content=\"https:\/\/semtactic.jezik.hr\/en\/o-projektu\/\" \/>\n<meta property=\"og:site_name\" content=\"Semtactic\" \/>\n<meta property=\"article:modified_time\" content=\"2024-01-12T16:01:27+00:00\" \/>\n<meta name=\"twitter:card\" content=\"summary_large_image\" \/>\n<meta name=\"twitter:label1\" content=\"Estimated reading time\" \/>\n\t<meta name=\"twitter:data1\" content=\"3 minutes\" \/>\n<script type=\"application\/ld+json\" class=\"yoast-schema-graph\">{\"@context\":\"https:\/\/schema.org\",\"@graph\":[{\"@type\":\"WebPage\",\"@id\":\"https:\/\/semtactic.jezik.hr\/o-projektu\/\",\"url\":\"https:\/\/semtactic.jezik.hr\/o-projektu\/\",\"name\":\"O projektu - Semtactic\",\"isPartOf\":{\"@id\":\"https:\/\/semtactic.jezik.hr\/#website\"},\"datePublished\":\"2024-01-12T12:59:28+00:00\",\"dateModified\":\"2024-01-12T16:01:27+00:00\",\"breadcrumb\":{\"@id\":\"https:\/\/semtactic.jezik.hr\/o-projektu\/#breadcrumb\"},\"inLanguage\":\"en-GB\",\"potentialAction\":[{\"@type\":\"ReadAction\",\"target\":[\"https:\/\/semtactic.jezik.hr\/o-projektu\/\"]}]},{\"@type\":\"BreadcrumbList\",\"@id\":\"https:\/\/semtactic.jezik.hr\/o-projektu\/#breadcrumb\",\"itemListElement\":[{\"@type\":\"ListItem\",\"position\":1,\"name\":\"Po\u010detna stranica\",\"item\":\"https:\/\/semtactic.jezik.hr\/\"},{\"@type\":\"ListItem\",\"position\":2,\"name\":\"O projektu\"}]},{\"@type\":\"WebSite\",\"@id\":\"https:\/\/semtactic.jezik.hr\/#website\",\"url\":\"https:\/\/semtactic.jezik.hr\/\",\"name\":\"Semtactic\",\"description\":\"Semanti\u010dko-sintakti\u010dka klasifikacija glagola u hrvatskom jeziku\",\"publisher\":{\"@id\":\"https:\/\/semtactic.jezik.hr\/#organization\"},\"potentialAction\":[{\"@type\":\"SearchAction\",\"target\":{\"@type\":\"EntryPoint\",\"urlTemplate\":\"https:\/\/semtactic.jezik.hr\/?s={search_term_string}\"},\"query-input\":\"required name=search_term_string\"}],\"inLanguage\":\"en-GB\"},{\"@type\":\"Organization\",\"@id\":\"https:\/\/semtactic.jezik.hr\/#organization\",\"name\":\"Semtactic\",\"url\":\"https:\/\/semtactic.jezik.hr\/\",\"logo\":{\"@type\":\"ImageObject\",\"inLanguage\":\"en-GB\",\"@id\":\"https:\/\/semtactic.jezik.hr\/#\/schema\/logo\/image\/\",\"url\":\"https:\/\/semtactic.jezik.hr\/wp-content\/uploads\/2024\/01\/cropped-Untitled-1-lkkl.png\",\"contentUrl\":\"https:\/\/semtactic.jezik.hr\/wp-content\/uploads\/2024\/01\/cropped-Untitled-1-lkkl.png\",\"width\":1342,\"height\":681,\"caption\":\"Semtactic\"},\"image\":{\"@id\":\"https:\/\/semtactic.jezik.hr\/#\/schema\/logo\/image\/\"}}]}<\/script>\n<!-- \/ Yoast SEO plugin. -->","yoast_head_json":{"title":"O projektu - Semtactic","robots":{"index":"index","follow":"follow","max-snippet":"max-snippet:-1","max-image-preview":"max-image-preview:large","max-video-preview":"max-video-preview:-1"},"canonical":"https:\/\/semtactic.jezik.hr\/en\/o-projektu\/","og_locale":"en_GB","og_type":"article","og_title":"O projektu - Semtactic","og_description":"Semanti\u010dko-sintakti\u010dka klasifikacija glagola u hrvatskom jeziku Projekt financira:\u00a0Hrvatska zaklada za znanost \u0160ifra projekta: IP-2022-10-8074 Mati\u010dna ustanova:\u00a0Institut za hrvatski jezik Trajanje projekta:\u00a031. prosinca 2023. \u2013 30. prosinca 2027. Suradnici na projektu: dr. sc. Mia Batini\u0107 Angster, Odjel za lingvistiku Sveu\u010dili\u0161ta u Zadru dr. sc. Matea Birti\u0107, Institut za hrvatski jezik prof. [&hellip;]","og_url":"https:\/\/semtactic.jezik.hr\/en\/o-projektu\/","og_site_name":"Semtactic","article_modified_time":"2024-01-12T16:01:27+00:00","twitter_card":"summary_large_image","twitter_misc":{"Estimated reading time":"3 minutes"},"schema":{"@context":"https:\/\/schema.org","@graph":[{"@type":"WebPage","@id":"https:\/\/semtactic.jezik.hr\/o-projektu\/","url":"https:\/\/semtactic.jezik.hr\/o-projektu\/","name":"O projektu - Semtactic","isPartOf":{"@id":"https:\/\/semtactic.jezik.hr\/#website"},"datePublished":"2024-01-12T12:59:28+00:00","dateModified":"2024-01-12T16:01:27+00:00","breadcrumb":{"@id":"https:\/\/semtactic.jezik.hr\/o-projektu\/#breadcrumb"},"inLanguage":"en-GB","potentialAction":[{"@type":"ReadAction","target":["https:\/\/semtactic.jezik.hr\/o-projektu\/"]}]},{"@type":"BreadcrumbList","@id":"https:\/\/semtactic.jezik.hr\/o-projektu\/#breadcrumb","itemListElement":[{"@type":"ListItem","position":1,"name":"Po\u010detna stranica","item":"https:\/\/semtactic.jezik.hr\/"},{"@type":"ListItem","position":2,"name":"O projektu"}]},{"@type":"WebSite","@id":"https:\/\/semtactic.jezik.hr\/#website","url":"https:\/\/semtactic.jezik.hr\/","name":"Semtactic","description":"Semanti\u010dko-sintakti\u010dka klasifikacija glagola u hrvatskom jeziku","publisher":{"@id":"https:\/\/semtactic.jezik.hr\/#organization"},"potentialAction":[{"@type":"SearchAction","target":{"@type":"EntryPoint","urlTemplate":"https:\/\/semtactic.jezik.hr\/?s={search_term_string}"},"query-input":"required name=search_term_string"}],"inLanguage":"en-GB"},{"@type":"Organization","@id":"https:\/\/semtactic.jezik.hr\/#organization","name":"Semtactic","url":"https:\/\/semtactic.jezik.hr\/","logo":{"@type":"ImageObject","inLanguage":"en-GB","@id":"https:\/\/semtactic.jezik.hr\/#\/schema\/logo\/image\/","url":"https:\/\/semtactic.jezik.hr\/wp-content\/uploads\/2024\/01\/cropped-Untitled-1-lkkl.png","contentUrl":"https:\/\/semtactic.jezik.hr\/wp-content\/uploads\/2024\/01\/cropped-Untitled-1-lkkl.png","width":1342,"height":681,"caption":"Semtactic"},"image":{"@id":"https:\/\/semtactic.jezik.hr\/#\/schema\/logo\/image\/"}}]}},"_links":{"self":[{"href":"https:\/\/semtactic.jezik.hr\/en\/wp-json\/wp\/v2\/pages\/10","targetHints":{"allow":["GET"]}}],"collection":[{"href":"https:\/\/semtactic.jezik.hr\/en\/wp-json\/wp\/v2\/pages"}],"about":[{"href":"https:\/\/semtactic.jezik.hr\/en\/wp-json\/wp\/v2\/types\/page"}],"author":[{"embeddable":true,"href":"https:\/\/semtactic.jezik.hr\/en\/wp-json\/wp\/v2\/users\/2"}],"replies":[{"embeddable":true,"href":"https:\/\/semtactic.jezik.hr\/en\/wp-json\/wp\/v2\/comments?post=10"}],"version-history":[{"count":8,"href":"https:\/\/semtactic.jezik.hr\/en\/wp-json\/wp\/v2\/pages\/10\/revisions"}],"predecessor-version":[{"id":230,"href":"https:\/\/semtactic.jezik.hr\/en\/wp-json\/wp\/v2\/pages\/10\/revisions\/230"}],"wp:attachment":[{"href":"https:\/\/semtactic.jezik.hr\/en\/wp-json\/wp\/v2\/media?parent=10"}],"curies":[{"name":"wp","href":"https:\/\/api.w.org\/{rel}","templated":true}]}}